{"id":1114,"date":"2025-02-20T16:33:44","date_gmt":"2025-02-20T15:33:44","guid":{"rendered":"https:\/\/www.tsukibonsai.com\/produit\/weisse-maulbeer-bonsai-morus-alba\/"},"modified":"2025-03-10T13:34:21","modified_gmt":"2025-03-10T12:34:21","slug":"weisse-maulbeer-bonsai-morus-alba","status":"publish","type":"product","link":"https:\/\/www.tsukibonsai.com\/de\/produit\/weisse-maulbeer-bonsai-morus-alba\/","title":{"rendered":"Bonsa\u00ef Wei\u00dfe Maulbeere \/ Morus Alba"},"content":{"rendered":"<p>Bonsa\u00ef Wei\u00dfe Maulbeere \/ Morus Alba, 8 Jahre alt<\/p>\n<p>H\u00f6he des Baumes: 26 cm<\/p>\n<p>H\u00f6he des Baumes mit Topf: 32 cm<\/p>\n<p>Umfang des Nebari (Wurzelansatz): 13 cm<\/p>\n<h3>Eigenschaften<\/h3>\n<p>Laubabwerender Baum (verliert im Winter seine Bl\u00e4tter). Er geh\u00f6rt zur Familie der Moraceae. <\/p>\n<p>Urspr\u00fcnglich aus Westasien stammend, wird er sehr gesch\u00e4tzt f\u00fcr seine kleinen Fr\u00fcchte, die von Wei\u00df \u00fcber Rot bis Schwarz reichen.<\/p>\n<h3>Standort<\/h3>\n<p>Die Maulbeere ist ein Baum, der in die Sonne gestellt werden sollte. Sie widersteht Frost gut, aber es wird empfohlen, sie vor Temperaturen unter -5 \u00b0C zu sch\u00fctzen. <\/p>\n<h3>Bew\u00e4sserung<\/h3>\n<p>Reichlich im Sommer und m\u00e4\u00dfig im Winter.<\/p>\n<h3>Gr\u00f6\u00dfe<\/h3>\n<p>Der Strukturschnitt wird in der Regel Ende Herbst oder Ende Winter vor dem Saftaufstieg durchgef\u00fchrt. Das Gr\u00fcnschneiden oder Pinzieren erfolgt hingegen w\u00e4hrend der Wachstumsperiode von Juni bis Ende Herbst. <\/p>\n<h3>D\u00fcnger<\/h3>\n<p>Von Fr\u00fchling bis Herbst je nach Wahl mit fl\u00fcssigem oder festem, chemischem oder organischem D\u00fcnger.<\/p>\n<h3>Umtopfen<\/h3>\n<p>Das Umtopfen erfolgt alle 2 bis 3 Jahre, je nach Zustand des Substrats und dem Wasserabfluss durch den Topf. Wir empfehlen ein drainierendes Substrat wie Akadama, eine Mischung aus Akadama und Bimsstein oder eine Mischung aus Zeolith und Chabasit. <\/p>\n<h3>Besonderheit<\/h3>\n<p>Indem Sie die Wei\u00dfe Maulbeere (Morus alba) in Ihren Raum integrieren, entscheiden Sie sich f\u00fcr einen Baum, der sowohl dekorativ als auch produktiv ist und einen harmonischen und genussvollen Lebensraum schaffen kann. Deshalb ist die Wei\u00dfe Maulbeere eine unverzichtbare Erg\u00e4nzung: Sie bietet eine charmante \u00c4sthetik, k\u00f6stliche Fr\u00fcchte und eine beruhigende Robustheit gegen\u00fcber Umweltbelastungen. <\/p>\n","protected":false},"excerpt":{"rendered":"<p>Bonsa\u00ef Wei\u00dfe Maulbeere \/ Morus Alba, 8 Jahre alt<\/p>\n<p>Bonsa\u00ef f\u00fcr den Au\u00dfenbereich, der in die volle Sonne gestellt werden sollte. <\/p>\n<p>Es ist ein eleganter und raffinierter Baum, der Ihrem Raum einen Hauch von Gelassenheit verleihen wird. <\/p>\n<p>Mit seinem zarten, leuchtend gr\u00fcnen Laub, das im Herbst goldene T\u00f6ne annehmen kann, sowie seiner Produktion von essbaren Fr\u00fcchten, die von Rot bis Schwarz reichen, ist dieser Baum perfekt f\u00fcr Liebhaber der Miniaturkunst. <\/p>\n<p>Einfach zu kultivieren und schnell wachsend, erm\u00f6glicht er Ihnen, ihn nach Ihren W\u00fcnschen zu formen. <\/p>\n<p>Ein einzigartiges St\u00fcck, um Ihre Sammlung zu bereichern oder als Geschenk zu \u00fcberreichen. <\/p>\n<p>VERTRAGLICHE FOTOS<\/p>\n","protected":false},"featured_media":1884,"template":"","meta":{"_acf_changed":false},"product_brand":[],"product_cat":[163,164,165],"product_tag":[],"class_list":{"0":"post-1114","1":"product","2":"type-product","3":"status-publish","4":"has-post-thumbnail","6":"product_cat-bonsai","7":"product_cat-laubabwerfend","8":"product_cat-mit-blumen-und-fruchten","10":"first","11":"instock","12":"sold-individually","13":"taxable","14":"shipping-taxable","15":"purchasable","16":"product-type-simple"},"acf":[],"_links":{"self":[{"href":"https:\/\/www.tsukibonsai.com\/de\/wp-json\/wp\/v2\/product\/1114","targetHints":{"allow":["GET"]}}],"collection":[{"href":"https:\/\/www.tsukibonsai.com\/de\/wp-json\/wp\/v2\/product"}],"about":[{"href":"https:\/\/www.tsukibonsai.com\/de\/wp-json\/wp\/v2\/types\/product"}],"wp:featuredmedia":[{"embeddable":true,"href":"https:\/\/www.tsukibonsai.com\/de\/wp-json\/wp\/v2\/media\/1884"}],"wp:attachment":[{"href":"https:\/\/www.tsukibonsai.com\/de\/wp-json\/wp\/v2\/media?parent=1114"}],"wp:term":[{"taxonomy":"product_brand","embeddable":true,"href":"https:\/\/www.tsukibonsai.com\/de\/wp-json\/wp\/v2\/product_brand?post=1114"},{"taxonomy":"product_cat","embeddable":true,"href":"https:\/\/www.tsukibonsai.com\/de\/wp-json\/wp\/v2\/product_cat?post=1114"},{"taxonomy":"product_tag","embeddable":true,"href":"https:\/\/www.tsukibonsai.com\/de\/wp-json\/wp\/v2\/product_tag?post=1114"}],"curies":[{"name":"wp","href":"https:\/\/api.w.org\/{rel}","templated":true}]}}