{"id":1117,"date":"2025-02-20T16:27:47","date_gmt":"2025-02-20T15:27:47","guid":{"rendered":"https:\/\/www.tsukibonsai.com\/produit\/wildapfel-bonsai-malus-sylvestris\/"},"modified":"2025-04-15T12:21:36","modified_gmt":"2025-04-15T10:21:36","slug":"wildapfel-bonsai-malus-sylvestris","status":"publish","type":"product","link":"https:\/\/www.tsukibonsai.com\/de\/produit\/wildapfel-bonsai-malus-sylvestris\/","title":{"rendered":"Hausapfelbaum-Bonsai \/ Malus Domestica"},"content":{"rendered":"<p>7-j\u00e4hriger Hausapfelbaum-Bonsai (Malus Domestica).<\/p>\n<p>H\u00f6he des Baums: 31 cm<\/p>\n<p>H\u00f6he des Baums mit Topf: 37 cm<\/p>\n<p>Umfang des Nebari (Wurzelansatz): 15 cm<\/p>\n<h3>Eigenschaften<\/h3>\n<p>Baum mit Laubabwurf (verliert im Winter seine Bl\u00e4tter). Er geh\u00f6rt zur Familie der Rosengew\u00e4chse (Rosaceae). <\/p>\n<p>Urspr\u00fcnglich aus Europa stammend, wird er sehr gesch\u00e4tzt wegen seiner kleinen Bl\u00fcten und kleinen Fr\u00fcchte, die kaum 2 cm \u00fcberschreiten.<\/p>\n<h3>Standort<\/h3>\n<p>Der Hausapfelbaum passt sich leicht an alle Arten von Klimazonen an. Am besten stellt man ihn das ganze Jahr \u00fcber in die volle Sonne, au\u00dfer in sehr hei\u00dfen Perioden, in denen es ratsam ist, ihn an einen halbschattigen Platz zu versetzen. Er ist recht frostbest\u00e4ndig, sollte aber vor Temperaturen unter -2 \u00b0C gesch\u00fctzt werden. <\/p>\n<h3>Bew\u00e4sserung<\/h3>\n<p>Reichlich im Sommer und m\u00e4\u00dfig im Winter. W\u00e4hrend der Bl\u00fctezeit sollte man vermeiden, die Bl\u00fcten zu gie\u00dfen, da dies sie schnell welken lassen k\u00f6nnte, was den Charme Ihres Bonsais mindern w\u00fcrde.<\/p>\n<h3>Schnitt<\/h3>\n<p>Der Strukturschnitt wird in der Regel im sp\u00e4ten Herbst oder sp\u00e4ten Winter vor dem Saftanstieg durchgef\u00fchrt. Der Gr\u00fcnschnitt oder das Pinzieren erfolgt hingegen w\u00e4hrend der Wachstumsperiode von Juni bis zum Ende des Herbstes. <\/p>\n<h3>D\u00fcnger<\/h3>\n<p>Vom Fr\u00fchling bis zum Herbst mit D\u00fcnger \u2013 fl\u00fcssig oder fest, chemisch oder organisch, je nach Ihrer Wahl. <\/p>\n<h3>Umtopfen<\/h3>\n<p>Das Umtopfen wird alle 2 oder 3 Jahre durchgef\u00fchrt, je nach Zustand des Substrats und der Wasserabfluss durch den Topf. Wir empfehlen ein drainierendes Substrat wie Akadama, eine Mischung aus Akadama und Bimsstein oder eine Mischung aus Zeolith und Chabasit. <\/p>\n<h3>Besonderheit<\/h3>\n<p>Nach der \u00fcppigen Bl\u00fcte des Apfelbaums entwickelt dieser kleine \u00c4pfel, die von Gr\u00fcn \u00fcber Gelb bis Rot verschiedene Farben durchlaufen. Diese werden seit jeher von Menschen gesch\u00e4tzt. Wir empfehlen jedoch, aus R\u00fccksicht auf die Energie Ihres Baums den Gro\u00dfteil der Fr\u00fcchte zu entfernen, um den Baum nicht zu sehr zu schw\u00e4chen. Die Fruchtproduktion bei einem Bonsai erfordert n\u00e4mlich erhebliche Energie.  <\/p>\n","protected":false},"excerpt":{"rendered":"<p>7-j\u00e4hriger Hausapfelbaum-Bonsai (Malus Domestica).<\/p>\n<p>Au\u00dfenbonsai, der in die volle Sonne gestellt werden sollte, au\u00dfer in den hei\u00dfesten Perioden, in denen er an einen Platz mit Halbschatten und Halbsonne versetzt wird.<\/p>\n<p>Der wilde Apfelbaum fasziniert viele Bonsai-Liebhaber. Seine kleinen rosa-wei\u00dfen Bl\u00fcten, kleinen \u00c4pfel und wundersch\u00f6nen Herbstfarben machen ihn zu einem au\u00dfergew\u00f6hnlichen Baum f\u00fcr Ihre Sammlung.<\/p>\n<p>Es ist auch ein Baum, der leicht zu kultivieren ist, und daher sowohl f\u00fcr Anf\u00e4nger als auch f\u00fcr erfahrene Liebhaber geeignet.<\/p>\n<p>VERTRAGLICHE FOTOS<\/p>\n","protected":false},"featured_media":1506,"template":"","meta":{"_acf_changed":false},"product_brand":[],"product_cat":[165,115,163,112,113,164],"product_tag":[],"class_list":{"0":"post-1117","1":"product","2":"type-product","3":"status-publish","4":"has-post-thumbnail","6":"product_cat-mit-blumen-und-fruchten","7":"product_cat-a-fleurs-fruits","8":"product_cat-bonsai","9":"product_cat-bonsais","10":"product_cat-feuillus","11":"product_cat-laubabwerfend","13":"first","14":"outofstock","15":"sold-individually","16":"taxable","17":"shipping-taxable","18":"purchasable","19":"product-type-simple"},"acf":[],"_links":{"self":[{"href":"https:\/\/www.tsukibonsai.com\/de\/wp-json\/wp\/v2\/product\/1117","targetHints":{"allow":["GET"]}}],"collection":[{"href":"https:\/\/www.tsukibonsai.com\/de\/wp-json\/wp\/v2\/product"}],"about":[{"href":"https:\/\/www.tsukibonsai.com\/de\/wp-json\/wp\/v2\/types\/product"}],"wp:featuredmedia":[{"embeddable":true,"href":"https:\/\/www.tsukibonsai.com\/de\/wp-json\/wp\/v2\/media\/1506"}],"wp:attachment":[{"href":"https:\/\/www.tsukibonsai.com\/de\/wp-json\/wp\/v2\/media?parent=1117"}],"wp:term":[{"taxonomy":"product_brand","embeddable":true,"href":"https:\/\/www.tsukibonsai.com\/de\/wp-json\/wp\/v2\/product_brand?post=1117"},{"taxonomy":"product_cat","embeddable":true,"href":"https:\/\/www.tsukibonsai.com\/de\/wp-json\/wp\/v2\/product_cat?post=1117"},{"taxonomy":"product_tag","embeddable":true,"href":"https:\/\/www.tsukibonsai.com\/de\/wp-json\/wp\/v2\/product_tag?post=1117"}],"curies":[{"name":"wp","href":"https:\/\/api.w.org\/{rel}","templated":true}]}}