{"id":1275,"date":"2025-02-28T18:31:41","date_gmt":"2025-02-28T17:31:41","guid":{"rendered":"https:\/\/www.tsukibonsai.com\/produit\/bonsai-chinesische-ulme-ulmus-parvifolia\/"},"modified":"2025-02-28T18:31:41","modified_gmt":"2025-02-28T17:31:41","slug":"bonsai-chinesische-ulme-ulmus-parvifolia","status":"publish","type":"product","link":"https:\/\/www.tsukibonsai.com\/de\/produit\/bonsai-chinesische-ulme-ulmus-parvifolia\/","title":{"rendered":"Bonsa\u00ef Chinesische Ulme \/ Ulmus Parvifolia"},"content":{"rendered":"<p>Bonsa\u00ef Chinesische Ulme \/ Ulmus Parvifolia, 8 Jahre alt<\/p>\n<p>H\u00f6he des Baumes: 26 cm<\/p>\n<p>H\u00f6he des Baumes mit Topf: 32 cm<\/p>\n<p>Umfang des Nebari (Wurzelansatz): 9,2 cm<\/p>\n<h3>Eigenschaften<\/h3>\n<p>Baum mit halbimmergr\u00fcnem Laub. Er geh\u00f6rt zur Familie der Ulmaceae. <\/p>\n<p>Urspr\u00fcnglich aus Asien stammend, wird dieser Baum sehr gesch\u00e4tzt wegen der Farbe seiner kleinen gr\u00fcnen Bl\u00e4tter, der schnellen Wachstumsgeschwindigkeit, die es erm\u00f6glicht, ihn nach Ihren W\u00fcnschen zu formen, und im Alter verleiht die \u00c4sthetik seiner rissigen Rinde ihm einen unvergleichlichen Charme.<\/p>\n<h3>Standort<\/h3>\n<p>Die Chinesische Ulme ist ein Baum, der m\u00f6glichst im Freien in voller Sonne platziert werden sollte. Im Hochsommer ist eine halbschattige, halb sonnige Exposition zu bevorzugen. Obwohl es m\u00f6glich ist, ihn drinnen vor einer reichlichen Lichtquelle und fern von einer W\u00e4rmequelle (Heizk\u00f6rper) zu halten, widersteht er K\u00e4lte gut, sollte aber bei Temperaturen unter -5 \u00b0C gesch\u00fctzt werden.   <\/p>\n<h3>Bew\u00e4sserung<\/h3>\n<p>Reichlich im Sommer und m\u00e4\u00dfig im Winter, es wird empfohlen, zu warten, bis das Substrat trocken ist, bevor erneut gegossen wird.<\/p>\n<h3>Gr\u00f6\u00dfe<\/h3>\n<p>Der Strukturschnitt wird in der Regel Ende Herbst durchgef\u00fchrt, wenn er seine Bl\u00e4tter verloren hat. Die Ulme ist ein schnell wachsender Baum; das Gr\u00fcnschneiden oder Pinzieren erfolgt w\u00e4hrend der Wachstumsperiode. Sie werden feststellen, dass er schnell von einem sogenannten gr\u00fcnen Zweig zu Braun \u00fcbergeht, was bedeutet, dass der Zweig Holz bildet; dann ist es Zeit, ihn zur\u00fcckzuschneiden, damit er r\u00fcckw\u00e4rts austreibt.  <\/p>\n<h3>D\u00fcnger<\/h3>\n<p>Von Fr\u00fchling bis Herbst je nach Wahl mit fl\u00fcssigem oder festem, chemischem oder organischem D\u00fcnger.<\/p>\n<h3>Umtopfen<\/h3>\n<p>Die Ulme wird etwa alle zwei Jahre umgetopft. Das Umtopfen erfolgt in der Regel im Fr\u00fchjahr, wenn die Knospen anschwellen. Wir empfehlen ein drainierendes Substrat wie Akadama oder eine Mischung aus Akadama und Bimsstein.  <\/p>\n<h3>Besonderheit<\/h3>\n<p>In der Schifffahrt, wenn Boote aus Holz gefertigt werden, ist es nicht ungew\u00f6hnlich festzustellen, dass Ulmenholz wegen seiner Widerstandsf\u00e4higkeit verwendet wird.<\/p>\n","protected":false},"excerpt":{"rendered":"<p>Bonsa\u00ef Chinesische Ulme \/ Ulmus Parvifolia, 8 Jahre alt<\/p>\n<div><span class=\"css-1jxf684 r-bcqeeo r-1ttztb7 r-qvutc0 r-poiln3 r-a8ghvy\"><span class=\"css-1jxf684 r-bcqeeo r-1ttztb7 r-qvutc0 r-poiln3\">Die Chinesische Ulme (Ulmus parvifolia) ist eine gesch\u00e4tzte Essenz in der Welt des Bonsai wegen ihrer eleganten Silhouette und Vielseitigkeit. <\/span><\/span><\/div>\n<div><span class=\"css-1jxf684 r-bcqeeo r-1ttztb7 r-qvutc0 r-poiln3 r-a8ghvy\"><span class=\"css-1jxf684 r-bcqeeo r-1ttztb7 r-qvutc0 r-poiln3\">Ihre kleinen, ovalen, gl\u00e4nzend gr\u00fcnen Bl\u00e4tter messen in der Regel zwischen 1 und 3 cm und bieten ein dichtes und harmonisches Laub, perfekt f\u00fcr sorgf\u00e4ltige Gestaltungen.<\/span><\/span><br \/>\n<span class=\"css-1jxf684 r-bcqeeo r-1ttztb7 r-qvutc0 r-poiln3 r-a8ghvy\"><span class=\"css-1jxf684 r-bcqeeo r-1ttztb7 r-qvutc0 r-poiln3\">Widerstandsf\u00e4hig und anpassungsf\u00e4hig, gedeiht dieser Baum mit halbimmergr\u00fcnem Laub (das in kalten Klimazonen laubabwerfend werden kann) sowohl in hellen Innenr\u00e4umen als auch in gesch\u00fctzten Au\u00dfenbereichen mit bemerkenswerter Toleranz gegen\u00fcber Temperaturschwankungen. Sein schnelles Wachstum erm\u00f6glicht es Enthusiasten, ihn leicht zu schneiden und zu formen. <\/span><\/span><\/div>\n<div>VERTRAGLICHE FOTOS<\/div>\n","protected":false},"featured_media":1892,"template":"","meta":{"_acf_changed":false},"product_brand":[],"product_cat":[163,164],"product_tag":[],"class_list":{"0":"post-1275","1":"product","2":"type-product","3":"status-publish","4":"has-post-thumbnail","6":"product_cat-bonsai","7":"product_cat-laubabwerfend","9":"first","10":"instock","11":"sold-individually","12":"taxable","13":"shipping-taxable","14":"purchasable","15":"product-type-simple"},"acf":[],"_links":{"self":[{"href":"https:\/\/www.tsukibonsai.com\/de\/wp-json\/wp\/v2\/product\/1275","targetHints":{"allow":["GET"]}}],"collection":[{"href":"https:\/\/www.tsukibonsai.com\/de\/wp-json\/wp\/v2\/product"}],"about":[{"href":"https:\/\/www.tsukibonsai.com\/de\/wp-json\/wp\/v2\/types\/product"}],"wp:featuredmedia":[{"embeddable":true,"href":"https:\/\/www.tsukibonsai.com\/de\/wp-json\/wp\/v2\/media\/1892"}],"wp:attachment":[{"href":"https:\/\/www.tsukibonsai.com\/de\/wp-json\/wp\/v2\/media?parent=1275"}],"wp:term":[{"taxonomy":"product_brand","embeddable":true,"href":"https:\/\/www.tsukibonsai.com\/de\/wp-json\/wp\/v2\/product_brand?post=1275"},{"taxonomy":"product_cat","embeddable":true,"href":"https:\/\/www.tsukibonsai.com\/de\/wp-json\/wp\/v2\/product_cat?post=1275"},{"taxonomy":"product_tag","embeddable":true,"href":"https:\/\/www.tsukibonsai.com\/de\/wp-json\/wp\/v2\/product_tag?post=1275"}],"curies":[{"name":"wp","href":"https:\/\/api.w.org\/{rel}","templated":true}]}}