{"id":1278,"date":"2025-02-28T18:23:57","date_gmt":"2025-02-28T17:23:57","guid":{"rendered":"https:\/\/www.tsukibonsai.com\/produit\/bonsai-ragouminier-kirsche-prunus-tomentosa\/"},"modified":"2025-02-28T18:23:57","modified_gmt":"2025-02-28T17:23:57","slug":"bonsai-ragouminier-kirsche-prunus-tomentosa","status":"publish","type":"product","link":"https:\/\/www.tsukibonsai.com\/de\/produit\/bonsai-ragouminier-kirsche-prunus-tomentosa\/","title":{"rendered":"Bonsai Ragouminier, Kirsche \/ Prunus Tomentosa"},"content":{"rendered":"<p>Bonsai Ragouminier, Nanking-Kirsche \/ Prunus Tomentosa, 7 Jahre alt<\/p>\n<p>H\u00f6he des Baums: 32 cm<\/p>\n<p>H\u00f6he des Baums mit dem Topf: 38 cm<\/p>\n<p>Umfang des Nebari (Wurzelansatz): 8 cm<\/p>\n<h3>Eigenschaften<\/h3>\n<p>Laubabwerfender Baum. Er geh\u00f6rt zur Familie der Rosaceae. <\/p>\n<p>Urspr\u00fcnglich aus Asien stammend, wird dieser Baum sehr gesch\u00e4tzt f\u00fcr die Farbe seiner kupferschwarzen Rinde, seine reichlichen kleinen wei\u00dfen oder rosa Bl\u00fcten im Fr\u00fchling sowie seine kleinen s\u00e4uerlichen Kirschen.<\/p>\n<h3>Standort<\/h3>\n<p>Dieser Kirschbaum sollte drau\u00dfen, m\u00f6glichst in voller Sonne, aufgestellt werden. Er widersteht K\u00e4lte gut, aber es wird empfohlen, ihn bei Temperaturen von -2\u00b0C zu sch\u00fctzen. <\/p>\n<h3>Bew\u00e4sserung<\/h3>\n<p>Reichlich im Sommer und m\u00e4\u00dfig im Winter, es wird empfohlen, zu warten, bis das Substrat trocken ist, bevor erneut gegossen wird.<\/p>\n<h3>Gr\u00f6\u00dfe<\/h3>\n<p>Der Strukturschnitt wird in der Regel Ende Herbst durchgef\u00fchrt, wenn er seine Bl\u00e4tter verloren hat. Der Gr\u00fcnschnitt oder das Pinzieren erfolgt w\u00e4hrend der Wachstumsperiode von Juni bis Ende Herbst. Vermeiden Sie das Pinzieren Ihres Baums w\u00e4hrend der Bl\u00fcte.  <\/p>\n<h3>D\u00fcnger<\/h3>\n<p>Von Fr\u00fchling bis Herbst je nach Wahl mit fl\u00fcssigem oder festem, chemischem oder organischem D\u00fcnger.<\/p>\n<h3>Umtopfen<\/h3>\n<p>Der Kirschbaum wird etwa alle zwei Jahre umgetopft. Das Umtopfen erfolgt in der Regel im Fr\u00fchjahr, wenn die Knospen anschwellen. Wir empfehlen ein drainierendes Substrat wie Akadama oder eine Akadama-Bimsstein-Mischung.  <\/p>\n<h3>Besonderheit<\/h3>\n<p>Seine frucht wird besonders f\u00fcr marmeladenrezepte verwendet.<\/p>\n","protected":false},"excerpt":{"rendered":"<p>Bonsai Ragouminier, Nanking-Kirsche \/ Prunus Tomentosa, 7 Jahre alt<\/p>\n<p>Outdoor-Bonsai, der in die Sonne gestellt werden sollte<\/p>\n<div><span class=\"css-1jxf684 r-bcqeeo r-1ttztb7 r-qvutc0 r-poiln3 r-a8ghvy\"><span class=\"css-1jxf684 r-bcqeeo r-1ttztb7 r-qvutc0 r-poiln3\">Entdecken Sie den einzigartigen Charme des Bonsai Prunus tomentosa, auch bekannt als Zwergpflaume oder Nanking-Kirsche.<\/span><\/span><\/div>\n<div><span class=\"css-1jxf684 r-bcqeeo r-1ttztb7 r-qvutc0 r-poiln3 r-a8ghvy\"><span class=\"css-1jxf684 r-bcqeeo r-1ttztb7 r-qvutc0 r-poiln3\">Dieser Miniaturbaum fasziniert mit seiner nat\u00fcrlichen Eleganz und seiner sich wandelnden Sch\u00f6nheit im Laufe der Jahreszeiten. Im Fr\u00fchling schm\u00fcckt er sich mit zarten hellrosa oder wei\u00dfen Bl\u00fcten, gefolgt im Sommer von kleinen roten, essbaren Fr\u00fcchten mit leicht s\u00e4uerlichem Geschmack. Im Herbst kann sein Laub warme T\u00f6ne annehmen und bietet das ganze Jahr \u00fcber ein fesselndes visuelles Schauspiel.  <\/span><\/span><\/div>\n<div><\/div>\n<div>VERTRAGLICHE FOTOS<\/div>\n","protected":false},"featured_media":1876,"template":"","meta":{"_acf_changed":false},"product_brand":[],"product_cat":[165,115,163,112,113,164],"product_tag":[],"class_list":{"0":"post-1278","1":"product","2":"type-product","3":"status-publish","4":"has-post-thumbnail","6":"product_cat-mit-blumen-und-fruchten","7":"product_cat-a-fleurs-fruits","8":"product_cat-bonsai","9":"product_cat-bonsais","10":"product_cat-feuillus","11":"product_cat-laubabwerfend","13":"first","14":"outofstock","15":"sold-individually","16":"taxable","17":"shipping-taxable","18":"purchasable","19":"product-type-simple"},"acf":[],"_links":{"self":[{"href":"https:\/\/www.tsukibonsai.com\/de\/wp-json\/wp\/v2\/product\/1278","targetHints":{"allow":["GET"]}}],"collection":[{"href":"https:\/\/www.tsukibonsai.com\/de\/wp-json\/wp\/v2\/product"}],"about":[{"href":"https:\/\/www.tsukibonsai.com\/de\/wp-json\/wp\/v2\/types\/product"}],"wp:featuredmedia":[{"embeddable":true,"href":"https:\/\/www.tsukibonsai.com\/de\/wp-json\/wp\/v2\/media\/1876"}],"wp:attachment":[{"href":"https:\/\/www.tsukibonsai.com\/de\/wp-json\/wp\/v2\/media?parent=1278"}],"wp:term":[{"taxonomy":"product_brand","embeddable":true,"href":"https:\/\/www.tsukibonsai.com\/de\/wp-json\/wp\/v2\/product_brand?post=1278"},{"taxonomy":"product_cat","embeddable":true,"href":"https:\/\/www.tsukibonsai.com\/de\/wp-json\/wp\/v2\/product_cat?post=1278"},{"taxonomy":"product_tag","embeddable":true,"href":"https:\/\/www.tsukibonsai.com\/de\/wp-json\/wp\/v2\/product_tag?post=1278"}],"curies":[{"name":"wp","href":"https:\/\/api.w.org\/{rel}","templated":true}]}}