{"id":1281,"date":"2025-02-28T18:13:35","date_gmt":"2025-02-28T17:13:35","guid":{"rendered":"https:\/\/www.tsukibonsai.com\/produit\/bonsai-eleagnus\/"},"modified":"2025-02-28T18:13:35","modified_gmt":"2025-02-28T17:13:35","slug":"bonsai-eleagnus","status":"publish","type":"product","link":"https:\/\/www.tsukibonsai.com\/de\/produit\/bonsai-eleagnus\/","title":{"rendered":"Bonsa\u00ef Eleagnus"},"content":{"rendered":"<p>9 Jahre alter Eleagnus-Bonsai<\/p>\n<p>H\u00f6he des Baumes: 26 cm<\/p>\n<p>H\u00f6he des Baums mit Topf: 33 cm<\/p>\n<p>Umfang des Nebari (Wurzelansatz): 6 cm<\/p>\n<h3>Eigenschaften<\/h3>\n<p>mmergr\u00fcner Baum. Er geh\u00f6rt zur Familie der Eleagnaceae. <\/p>\n<p>Dieser Baum stammt aus Asien und ist sehr gesch\u00e4tzt f\u00fcr seine kleinen, duftenden wei\u00dfen Bl\u00fcten und seine roten Fr\u00fcchte.<\/p>\n<h3>Standort<\/h3>\n<p>Der Eleagnus ist ein Baum, der in die volle Sonne gestellt werden sollte. Er muss jedoch vor K\u00e4lte und Frost gesch\u00fctzt werden (Gew\u00e4chshaus oder Innenraum). <\/p>\n<h3>Bew\u00e4sserung<\/h3>\n<p>\u00dcppig im Sommer und m\u00e4\u00dfig im Winter, es wird empfohlen, zu warten, bis das Substrat trocken ist, bevor erneut gegossen wird.<\/p>\n<h3>Gr\u00f6\u00dfe<\/h3>\n<p>&#8222;Der Strukturschnitt wird Ende Herbst oder Anfang Fr\u00fchling, etwa im Monat Februar, durchgef\u00fchrt. Der Gr\u00fcnschnitt hingegen erfolgt w\u00e4hrend der Wachstumsperiode von Juni bis Ende Herbst. <\/p>\n<h3>D\u00fcnger<\/h3>\n<p>Von Fr\u00fchling bis Herbst je nach Wahl mit fl\u00fcssigem oder festem, chemischem oder organischem D\u00fcnger.<\/p>\n<h3>Umtopfen<\/h3>\n<p>Der Eleagnus wird etwa alle zwei Jahre umgetopft. Das Umtopfen erfolgt in der Regel im Fr\u00fchjahr, wenn die Knospen anschwellen. Wir empfehlen ein drainierendes Substrat wie Akadama oder eine Mischung aus Akadama und Bimsstein.  <\/p>\n<h3>Besonderheit<\/h3>\n<p>Der Eleagnus hat besondere Bl\u00e4tter. Wenn sie austreiben, zeigen sie einen leichten, wei\u00dflichen Flaum. Dieser verschwindet mit der Reife des Blattes und es kommt ein silbergr\u00fcnes Blatt zum Vorschein.  <\/p>\n","protected":false},"excerpt":{"rendered":"<p>9 Jahre alter Eleagnus-Bonsai<\/p>\n<p>&#8222;Au\u00dfen-Bonsai, der in die Sonne gestellt werden soll.<\/p>\n<div>&#8222;Schenken Sie sich die diskrete Eleganz dieses Eleagnus-Bonsais, eine lebendige Kreation, die Robustheit und nat\u00fcrlichen Charme ausstrahlt.<\/div>\n<div>&#8222;Sein silbernes, fein strukturiertes Laub f\u00e4ngt das Licht subtil ein, w\u00e4hrend seine kleinen, unauff\u00e4lligen Bl\u00fcten im Fr\u00fchling einen sanften und bet\u00f6renden Duft verstr\u00f6men.<\/div>\n<div>Dieser Miniaturbaum verbindet ein wildes Erscheinungsbild mit au\u00dfergew\u00f6hnlicher Widerstandsf\u00e4higkeit und ist damit ein idealer Begleiter f\u00fcr jeden Raum. Eine einzigartige Wahl f\u00fcr diejenigen, die eine Balance zwischen roher Einfachheit und raffinierter Sch\u00f6nheit suchen. <\/div>\n<div><\/div>\n<div>VERTRAGLICHE FOTOS<\/div>\n","protected":false},"featured_media":1207,"template":"","meta":{"_acf_changed":false},"product_brand":[],"product_cat":[163,164],"product_tag":[],"class_list":{"0":"post-1281","1":"product","2":"type-product","3":"status-publish","4":"has-post-thumbnail","6":"product_cat-bonsai","7":"product_cat-laubabwerfend","9":"first","10":"instock","11":"sold-individually","12":"taxable","13":"shipping-taxable","14":"purchasable","15":"product-type-simple"},"acf":[],"_links":{"self":[{"href":"https:\/\/www.tsukibonsai.com\/de\/wp-json\/wp\/v2\/product\/1281","targetHints":{"allow":["GET"]}}],"collection":[{"href":"https:\/\/www.tsukibonsai.com\/de\/wp-json\/wp\/v2\/product"}],"about":[{"href":"https:\/\/www.tsukibonsai.com\/de\/wp-json\/wp\/v2\/types\/product"}],"wp:featuredmedia":[{"embeddable":true,"href":"https:\/\/www.tsukibonsai.com\/de\/wp-json\/wp\/v2\/media\/1207"}],"wp:attachment":[{"href":"https:\/\/www.tsukibonsai.com\/de\/wp-json\/wp\/v2\/media?parent=1281"}],"wp:term":[{"taxonomy":"product_brand","embeddable":true,"href":"https:\/\/www.tsukibonsai.com\/de\/wp-json\/wp\/v2\/product_brand?post=1281"},{"taxonomy":"product_cat","embeddable":true,"href":"https:\/\/www.tsukibonsai.com\/de\/wp-json\/wp\/v2\/product_cat?post=1281"},{"taxonomy":"product_tag","embeddable":true,"href":"https:\/\/www.tsukibonsai.com\/de\/wp-json\/wp\/v2\/product_tag?post=1281"}],"curies":[{"name":"wp","href":"https:\/\/api.w.org\/{rel}","templated":true}]}}