{"id":1284,"date":"2025-02-28T17:54:37","date_gmt":"2025-02-28T16:54:37","guid":{"rendered":"https:\/\/www.tsukibonsai.com\/produit\/europaeischer-olivenbaum-bonsai-olea-europaea-sylvestris\/"},"modified":"2025-02-28T17:54:37","modified_gmt":"2025-02-28T16:54:37","slug":"europaeischer-olivenbaum-bonsai-olea-europaea-sylvestris","status":"publish","type":"product","link":"https:\/\/www.tsukibonsai.com\/de\/produit\/europaeischer-olivenbaum-bonsai-olea-europaea-sylvestris\/","title":{"rendered":"Europ\u00e4ischer Olivenbaum-Bonsai \/ Olea Europaea Sylvestris"},"content":{"rendered":"<p>8 Jahre alter Europ\u00e4ischer Olivenbaum-Bonsai \/ Olea Europaea Sylvestris<\/p>\n<p>H\u00f6he des Baumes: 26 cm<\/p>\n<p>H\u00f6he des Baums mit Topf: 33 cm<\/p>\n<p>Umfang des Nebari (Wurzelansatz): 16,5 cm<\/p>\n<h3>Eigenschaften<\/h3>\n<p>Immergr\u00fcner Baum. Er geh\u00f6rt zur Familie der Oleaceae. <\/p>\n<p>Urspr\u00fcnglich aus Europa, seine Bl\u00e4tter und Fr\u00fcchte sind kleiner als die von kultivierten Olivenb\u00e4umen.<\/p>\n<h3>Standort<\/h3>\n<p>Der Olivenbaum ist ein Baum, der in die volle Sonne gestellt werden sollte. Er muss jedoch vor K\u00e4lte und Frost gesch\u00fctzt werden (Gew\u00e4chshaus oder Innenraum). <\/p>\n<h3>Bew\u00e4sserung<\/h3>\n<p>Der Olivenbaum mag es nicht, durchweicht zu sein, daher muss das Gie\u00dfen gut reguliert werden, um ihm die richtige Menge f\u00fcr sein gutes Wachstum zu geben.<\/p>\n<h3>Gr\u00f6\u00dfe<\/h3>\n<p>Der Strukturschnitt wird in der Regel im Fr\u00fchjahr, etwa im M\u00e4rz, durchgef\u00fchrt. Der Gr\u00fcnschnitt oder das Kneifen erfolgt hingegen w\u00e4hrend der Wachstumsperiode von Juni bis Ende Herbst. <\/p>\n<h3>D\u00fcnger<\/h3>\n<p>Von Fr\u00fchling bis Herbst je nach Wahl mit fl\u00fcssigem oder festem, chemischem oder organischem D\u00fcnger.<\/p>\n<h3>Umtopfen<\/h3>\n<p>Der Olivenbaum ist ein langsam wachsender Baum, und seine Wurzeln wachsen ebenfalls langsam. Wenn Sie ihn richtig ern\u00e4hren, sollten Sie etwa alle 4 bis 5 Jahre ein Umtopfen einplanen. Das Umtopfen erfolgt in der Regel im Juni. Wir empfehlen ein drainierendes Substrat wie Akadama oder eine Mischung aus Akadama und Bimsstein.   <\/p>\n<h3>Besonderheit<\/h3>\n<p>In der Natur ist der Olivenbaum ein wahres Symbol. Mit seinem langsamen Wachstum ist es nicht selten, ihn auf mediterranen Hochebenen mehrfach hundertj\u00e4hrig vorzufinden. In diesem Alter nimmt seine Olivenproduktion stark ab, weshalb er in unsere Gegenden geschickt wird, um ihm ein neues Leben als Zierpflanze statt als wirtschaftliche Pflanze zu geben. Als Symbol f\u00fcr Frieden und Langlebigkeit bringt es, diesen kleinen Baum bei sich aufzunehmen, wie einen Hauch von dauerhaftem Sonnenschein in Ihren Au\u00dfenbereich (empfohlen) oder Innenraum.   <\/p>\n<p>&nbsp;<\/p>\n","protected":false},"excerpt":{"rendered":"<p>8 Jahre alter Europ\u00e4ischer Olivenbaum-Bonsai \/ Olea Europaea Sylvestris<\/p>\n<p>Au\u00dfen-Bonsai, der in die volle Sonne gestellt werden soll.<\/p>\n<div>Tauchen Sie ein in zeitlose Eleganz mit diesem pr\u00e4chtigen europ\u00e4ischen Olivenbaum-Bonsai (Olea europaea), einem wahren lebenden Meisterwerk.<\/div>\n<div>Seine zarten silbergr\u00fcnen Bl\u00e4tter und sein knorriger, vom Alter gezeichneter Stamm machen ihn zu einem einzigartigen St\u00fcck.<\/div>\n<div>Pflegeleicht gedeiht dieser Bonsai unter reichlich Licht und m\u00e4\u00dfigem Gie\u00dfen und bietet Ihnen Jahre voller nat\u00fcrlicher Sch\u00f6nheit und Ruhe.<\/div>\n<div>Nehmen Sie ein Symbol f\u00fcr Frieden und Langlebigkeit mit diesem au\u00dfergew\u00f6hnlichen botanischen Schatz an!<\/div>\n<div><\/div>\n<div>VERTRAGLICHE FOTOS<\/div>\n","protected":false},"featured_media":1190,"template":"","meta":{"_acf_changed":false},"product_brand":[],"product_cat":[163,164],"product_tag":[],"class_list":{"0":"post-1284","1":"product","2":"type-product","3":"status-publish","4":"has-post-thumbnail","6":"product_cat-bonsai","7":"product_cat-laubabwerfend","9":"first","10":"outofstock","11":"sold-individually","12":"taxable","13":"shipping-taxable","14":"purchasable","15":"product-type-simple"},"acf":[],"_links":{"self":[{"href":"https:\/\/www.tsukibonsai.com\/de\/wp-json\/wp\/v2\/product\/1284","targetHints":{"allow":["GET"]}}],"collection":[{"href":"https:\/\/www.tsukibonsai.com\/de\/wp-json\/wp\/v2\/product"}],"about":[{"href":"https:\/\/www.tsukibonsai.com\/de\/wp-json\/wp\/v2\/types\/product"}],"wp:featuredmedia":[{"embeddable":true,"href":"https:\/\/www.tsukibonsai.com\/de\/wp-json\/wp\/v2\/media\/1190"}],"wp:attachment":[{"href":"https:\/\/www.tsukibonsai.com\/de\/wp-json\/wp\/v2\/media?parent=1284"}],"wp:term":[{"taxonomy":"product_brand","embeddable":true,"href":"https:\/\/www.tsukibonsai.com\/de\/wp-json\/wp\/v2\/product_brand?post=1284"},{"taxonomy":"product_cat","embeddable":true,"href":"https:\/\/www.tsukibonsai.com\/de\/wp-json\/wp\/v2\/product_cat?post=1284"},{"taxonomy":"product_tag","embeddable":true,"href":"https:\/\/www.tsukibonsai.com\/de\/wp-json\/wp\/v2\/product_tag?post=1284"}],"curies":[{"name":"wp","href":"https:\/\/api.w.org\/{rel}","templated":true}]}}