{"id":1319,"date":"2025-02-19T17:52:09","date_gmt":"2025-02-19T16:52:09","guid":{"rendered":"https:\/\/www.tsukibonsai.com\/produit\/bonsai-japanische-schwarzkiefer-pinus-thunbergii\/"},"modified":"2025-02-19T17:52:09","modified_gmt":"2025-02-19T16:52:09","slug":"bonsai-japanische-schwarzkiefer-pinus-thunbergii","status":"publish","type":"product","link":"https:\/\/www.tsukibonsai.com\/de\/produit\/bonsai-japanische-schwarzkiefer-pinus-thunbergii\/","title":{"rendered":"Bonsai Japanische Schwarzkiefer \/ Pinus Thunbergii"},"content":{"rendered":"<p>10 Jahre alte Japanische Schwarzkiefer-Bonsai in einem cremefarben glasierten Topf.<\/p>\n<p>H\u00f6he des Baumes: 27 cm<\/p>\n<p>H\u00f6he des Baumes mit Topf: 35 cm<\/p>\n<p>Umfang des Nebari (Wurzelansatz): 10 cm<\/p>\n<h3>Eigenschaften<\/h3>\n<p>Immergr\u00fcner Baum mit Nadeln genanntem Laub. Er geh\u00f6rt zur Familie der Koniferen, da seine Frucht, der Kiefernzapfen, eine Kegelform hat. <\/p>\n<p>Urspr\u00fcnglich aus Japan, w\u00e4chst er meist an Meeresk\u00fcsten.<\/p>\n<h3>Standort<\/h3>\n<p>Dies ist ein Baum, den wir empfehlen, das ganze Jahr \u00fcber drau\u00dfen in voller Sonne zu platzieren.<\/p>\n<h3>Bew\u00e4sserung<\/h3>\n<p>Kiefern ben\u00f6tigen kontrolliertes Gie\u00dfen. Ein \u00dcberschuss ist f\u00fcr ihn t\u00f6dlich, besonders wenn das Substrat nicht drainierend ist. Wir empfehlen, ihn bei starkem Regen in ein Gew\u00e4chshaus zu bringen oder seinen Topf leicht zu neigen, um \u00fcbersch\u00fcssiges Wasser abzuleiten.  <\/p>\n<h3>Gr\u00f6\u00dfe<\/h3>\n<p>Die Zeit f\u00fcr gro\u00dfe Schnitte ist im Winter, zur k\u00e4ltesten Jahreszeit. Das Gr\u00fcnschneiden, hier als Pinzieren bezeichnet, erfolgt, wenn sich die Fr\u00fchlingsknospen zu erweitern beginnen. Man muss dann die Kerzen je nach ihrer Wuchskraft pinzieren und drehen: Die st\u00e4rkste wird gepinzt und um etwa 2\/3 zur\u00fcckgeschnitten, die mittleren werden gepinzt und um die H\u00e4lfte gek\u00fcrzt, w\u00e4hrend die schw\u00e4chsten unber\u00fchrt bleiben.  <\/p>\n<h3>D\u00fcnger<\/h3>\n<p>Sie k\u00f6nnen ihm von Fr\u00fchling bis Herbst D\u00fcnger geben. Es ist besser, einen organischen D\u00fcnger zu verwenden, der die Mykorrhizen (Pilze, die in Symbiose mit dem Baum leben) f\u00f6rdert und erh\u00e4lt. <\/p>\n<h3>Umtopfen<\/h3>\n<p>Alle drei Jahre, w\u00e4hrend des Wachstums der Kerzen und bevor die neuen Nadeln erscheinen. Wir empfehlen ein stark drainierendes Substrat wie Bimsstein (Pumice). <\/p>\n<h3>Besonderheit<\/h3>\n<p>In Japan gilt diese Kiefer als m\u00e4nnlich. Ihre St\u00e4rke, die Textur ihrer rissigen Rinde, die dunkle Farbe ihrer Nadeln und deren Steifheit verleihen ihr diesen Charakter. <\/p>\n<p>&nbsp;<\/p>\n<p>&nbsp;<\/p>\n<p>&nbsp;<\/p>\n","protected":false},"excerpt":{"rendered":"<p>10 Jahre alte Japanische Schwarzkiefer-Bonsai (Pinus Thunbergii).<\/p>\n<p>Au\u00dfenbonsai, der in voller Sonne platziert werden soll.<\/p>\n<p>Sehr gesch\u00e4tzt von Sammlern, Ausstellern und Liebhabern, ist es eine Tatsache, dass dies ein au\u00dfergew\u00f6hnlicher Baum ist. Seine sch\u00f6ne rissige Rinde, seine Robustheit und seine starken Nadeln sind alles Vorz\u00fcge, die ihm einen echten Charakter verleihen. <\/p>\n<p>Das Gleiche gilt f\u00fcr die Leichtigkeit, ihn durch die Flexibilit\u00e4t seiner \u00c4ste zu formen, und seine F\u00e4higkeit, zur\u00fcckzuknospen.<\/p>\n<p>VERTRAGLICHE FOTOS<\/p>\n<p>&nbsp;<\/p>\n","protected":false},"featured_media":1050,"template":"","meta":{"_acf_changed":false},"product_brand":[],"product_cat":[163,178],"product_tag":[],"class_list":{"0":"post-1319","1":"product","2":"type-product","3":"status-publish","4":"has-post-thumbnail","6":"product_cat-bonsai","7":"product_cat-nadelbaume","9":"first","10":"outofstock","11":"sold-individually","12":"taxable","13":"shipping-taxable","14":"purchasable","15":"product-type-simple"},"acf":[],"_links":{"self":[{"href":"https:\/\/www.tsukibonsai.com\/de\/wp-json\/wp\/v2\/product\/1319","targetHints":{"allow":["GET"]}}],"collection":[{"href":"https:\/\/www.tsukibonsai.com\/de\/wp-json\/wp\/v2\/product"}],"about":[{"href":"https:\/\/www.tsukibonsai.com\/de\/wp-json\/wp\/v2\/types\/product"}],"wp:featuredmedia":[{"embeddable":true,"href":"https:\/\/www.tsukibonsai.com\/de\/wp-json\/wp\/v2\/media\/1050"}],"wp:attachment":[{"href":"https:\/\/www.tsukibonsai.com\/de\/wp-json\/wp\/v2\/media?parent=1319"}],"wp:term":[{"taxonomy":"product_brand","embeddable":true,"href":"https:\/\/www.tsukibonsai.com\/de\/wp-json\/wp\/v2\/product_brand?post=1319"},{"taxonomy":"product_cat","embeddable":true,"href":"https:\/\/www.tsukibonsai.com\/de\/wp-json\/wp\/v2\/product_cat?post=1319"},{"taxonomy":"product_tag","embeddable":true,"href":"https:\/\/www.tsukibonsai.com\/de\/wp-json\/wp\/v2\/product_tag?post=1319"}],"curies":[{"name":"wp","href":"https:\/\/api.w.org\/{rel}","templated":true}]}}