{"id":1322,"date":"2025-02-19T17:17:36","date_gmt":"2025-02-19T16:17:36","guid":{"rendered":"https:\/\/www.tsukibonsai.com\/produit\/bonsai-ficus-retusa\/"},"modified":"2025-02-19T17:17:36","modified_gmt":"2025-02-19T16:17:36","slug":"bonsai-ficus-retusa","status":"publish","type":"product","link":"https:\/\/www.tsukibonsai.com\/de\/produit\/bonsai-ficus-retusa\/","title":{"rendered":"Bonsai Ficus Retusa"},"content":{"rendered":"<p>6 Jahre alter Ficus-Bonsai in einem glasierten Topf.<\/p>\n<p>H\u00f6he des Baumes: 33 cm<\/p>\n<p>H\u00f6he des Baumes mit Topf: 39 cm<\/p>\n<p>Umfang am Nebari (Wurzelansatz): 8 cm<\/p>\n<h3>Eigenschaften<\/h3>\n<p>Tropischer immergr\u00fcner Baum. Sehr gesch\u00e4tzt f\u00fcr seine gro\u00dfe Widerstandsf\u00e4higkeit und die Bildung von Luftwurzeln, die ihm viel Charakter verleihen. <\/p>\n<h3>Standort<\/h3>\n<p>Es wird empfohlen, ihn in den Sommermonaten drau\u00dfen in voller Sonne zu platzieren; im Winter muss er vor K\u00e4lte und Frost gesch\u00fctzt werden, indem man ihn drinnen in der N\u00e4he eines nach S\u00fcden ausgerichteten Fensters (nicht zu nah an einer W\u00e4rmequelle) oder in einem Gew\u00e4chshaus aufstellt.<\/p>\n<h3>Bew\u00e4sserung<\/h3>\n<p>Im Sommer reichlich gie\u00dfen, im Winter nur m\u00e4\u00dfig, wenn das Substrat trocken ist.<\/p>\n<h3>Gr\u00f6\u00dfe<\/h3>\n<p>Das Schneiden erfolgt im Fr\u00fchling, das Pinzieren oder Gr\u00fcnschneiden findet w\u00e4hrend der Sommermonate bis zum Herbst statt.<\/p>\n<h3>D\u00fcnger<\/h3>\n<p>Vom Fr\u00fchling bis zum Herbst.<\/p>\n<h3>Besonderheit<\/h3>\n<p>Die Bildung von Luftwurzeln ist ein Merkmal vieler Ficus-Arten. Dank ihnen kann der Baum seine \u00c4ste ausbreiten und eine gr\u00f6\u00dfere Fl\u00e4che bedecken. <\/p>\n<h3>Referenz<\/h3>\n<p>B250201<\/p>\n","protected":false},"excerpt":{"rendered":"<p>6 Jahre alter Ficus-Bonsai<\/p>\n<p>Innenbonsai (entfernt von einer W\u00e4rmequelle), aber idealerweise im warmen Jahreszeit drau\u00dfen zu platzieren.<\/p>\n<p>Sehr gesch\u00e4tzt f\u00fcr sein immergr\u00fcnes, \u00fcppiges Laub und seine Luftwurzeln, wird er Sie mit seiner Eleganz verf\u00fchren.<\/p>\n<p>Eine sanfte Balance zwischen der Robustheit des Stammes und der Zerbrechlichkeit der Bl\u00e4tter, dieser Baum ist sowohl f\u00fcr Anf\u00e4nger als auch f\u00fcr erfahrene Liebhaber geeignet, da seine Pflege so einfach ist.<\/p>\n<p>VERTRAGLICH FESTGEHALTENE FOTOS<\/p>\n<p>&nbsp;<\/p>\n<p>&nbsp;<\/p>\n","protected":false},"featured_media":1032,"template":"","meta":{"_acf_changed":false},"product_brand":[],"product_cat":[163,179],"product_tag":[],"class_list":{"0":"post-1322","1":"product","2":"type-product","3":"status-publish","4":"has-post-thumbnail","6":"product_cat-bonsai","7":"product_cat-drinnen","9":"first","10":"instock","11":"sold-individually","12":"taxable","13":"shipping-taxable","14":"purchasable","15":"product-type-simple"},"acf":[],"_links":{"self":[{"href":"https:\/\/www.tsukibonsai.com\/de\/wp-json\/wp\/v2\/product\/1322","targetHints":{"allow":["GET"]}}],"collection":[{"href":"https:\/\/www.tsukibonsai.com\/de\/wp-json\/wp\/v2\/product"}],"about":[{"href":"https:\/\/www.tsukibonsai.com\/de\/wp-json\/wp\/v2\/types\/product"}],"wp:featuredmedia":[{"embeddable":true,"href":"https:\/\/www.tsukibonsai.com\/de\/wp-json\/wp\/v2\/media\/1032"}],"wp:attachment":[{"href":"https:\/\/www.tsukibonsai.com\/de\/wp-json\/wp\/v2\/media?parent=1322"}],"wp:term":[{"taxonomy":"product_brand","embeddable":true,"href":"https:\/\/www.tsukibonsai.com\/de\/wp-json\/wp\/v2\/product_brand?post=1322"},{"taxonomy":"product_cat","embeddable":true,"href":"https:\/\/www.tsukibonsai.com\/de\/wp-json\/wp\/v2\/product_cat?post=1322"},{"taxonomy":"product_tag","embeddable":true,"href":"https:\/\/www.tsukibonsai.com\/de\/wp-json\/wp\/v2\/product_tag?post=1322"}],"curies":[{"name":"wp","href":"https:\/\/api.w.org\/{rel}","templated":true}]}}