{"id":1330,"date":"2025-02-14T16:57:21","date_gmt":"2025-02-14T15:57:21","guid":{"rendered":"https:\/\/www.tsukibonsai.com\/produit\/japanischer-bonsai-topf-aus-steingut-13x11x55-cm\/"},"modified":"2025-02-14T16:57:21","modified_gmt":"2025-02-14T15:57:21","slug":"japanischer-bonsai-topf-aus-steingut-13x11x55-cm","status":"publish","type":"product","link":"https:\/\/www.tsukibonsai.com\/de\/produit\/japanischer-bonsai-topf-aus-steingut-13x11x55-cm\/","title":{"rendered":"Japanischer Bonsai-Topf aus Steingut 13x11x5,5 cm"},"content":{"rendered":"<p>Rechteckiger Bonsai-Topf aus braunem\/beigem Steingut, hergestellt in Japan von Morrisan.<\/p>\n<p>Steingut-Bonsait\u00f6pfe bieten mehrere Vorteile, die sie zu einer beliebten Wahl unter Enthusiasten machen. Zun\u00e4chst erm\u00f6glicht ihre nat\u00fcrliche Porosit\u00e4t eine gute Luftzirkulation und Feuchtigkeitsregulierung, was die Gesundheit der Wurzeln f\u00f6rdert, indem \u00fcbersch\u00fcssiges Wasser vermieden wird, w\u00e4hrend ein leicht k\u00fchles Umfeld erhalten bleibt. Diese Atmungsaktivit\u00e4t ist ideal f\u00fcr die meisten Bonsais, die gut durchl\u00e4ssigen Boden sch\u00e4tzen.  <\/p>\n<p>Au\u00dferdem ist Steingut robust und langlebig und widersteht leichten Fr\u00f6sten gut, was den Bonsai im Freien sch\u00fctzt. Sein Gewicht bietet auch zus\u00e4tzliche Stabilit\u00e4t, was f\u00fcr B\u00e4ume mit dichtem Laub oder ausgearbeiteten Formen n\u00fctzlich ist. <\/p>\n<p>Schlie\u00dflich hat Steingut \u00e4sthetisch einen rustikalen und nat\u00fcrlichen Charme, mit zur\u00fcckhaltenden Texturen und Farbt\u00f6nen, die die Sch\u00f6nheit des Baums hervorheben, ohne ihm die Show zu stehlen.<\/p>\n<p>Zusammenfassend verbindet ein Steingut-Topf Praktikabilit\u00e4t, Schutz und Eleganz, was ihn zu einem ausgezeichneten Begleiter f\u00fcr Ihren Bonsai macht.<\/p>\n<p>Er hat gro\u00dfe L\u00f6cher f\u00fcr die Drainage und spezielle L\u00f6cher f\u00fcr das Durchf\u00fchren von Kupferdraht, um den Baum zu befestigen.<\/p>\n<p>Der Topf hat folgende Ma\u00dfe:<\/p>\n<p>&#8211; Au\u00dfen : 13,5x11x5,5 cm<br \/>\n&#8211; Innen : 11&#215;8,5&#215;4,5 cm<\/p>\n","protected":false},"excerpt":{"rendered":"<p>Rechteckiger Bonsai-Topf aus mittelbraun-grau-beigem Steingut, vollst\u00e4ndig handgefertigt in Japan von Morrisan.<\/p>\n<p>Herkunft : Japan<\/p>\n<p>L\u00e4nge : 13 cm<\/p>\n","protected":false},"featured_media":880,"template":"","meta":{"_acf_changed":false},"product_brand":[],"product_cat":[232,229],"product_tag":[],"class_list":{"0":"post-1330","1":"product","2":"type-product","3":"status-publish","4":"has-post-thumbnail","6":"product_cat-rechteckig","7":"product_cat-topfe","9":"first","10":"instock","11":"sold-individually","12":"taxable","13":"shipping-taxable","14":"purchasable","15":"product-type-simple"},"acf":[],"_links":{"self":[{"href":"https:\/\/www.tsukibonsai.com\/de\/wp-json\/wp\/v2\/product\/1330","targetHints":{"allow":["GET"]}}],"collection":[{"href":"https:\/\/www.tsukibonsai.com\/de\/wp-json\/wp\/v2\/product"}],"about":[{"href":"https:\/\/www.tsukibonsai.com\/de\/wp-json\/wp\/v2\/types\/product"}],"wp:featuredmedia":[{"embeddable":true,"href":"https:\/\/www.tsukibonsai.com\/de\/wp-json\/wp\/v2\/media\/880"}],"wp:attachment":[{"href":"https:\/\/www.tsukibonsai.com\/de\/wp-json\/wp\/v2\/media?parent=1330"}],"wp:term":[{"taxonomy":"product_brand","embeddable":true,"href":"https:\/\/www.tsukibonsai.com\/de\/wp-json\/wp\/v2\/product_brand?post=1330"},{"taxonomy":"product_cat","embeddable":true,"href":"https:\/\/www.tsukibonsai.com\/de\/wp-json\/wp\/v2\/product_cat?post=1330"},{"taxonomy":"product_tag","embeddable":true,"href":"https:\/\/www.tsukibonsai.com\/de\/wp-json\/wp\/v2\/product_tag?post=1330"}],"curies":[{"name":"wp","href":"https:\/\/api.w.org\/{rel}","templated":true}]}}