{"id":1427,"date":"2025-03-18T13:38:50","date_gmt":"2025-03-18T12:38:50","guid":{"rendered":"https:\/\/www.tsukibonsai.com\/produit\/set-mit-3-japanischen-plastikbechern\/"},"modified":"2025-03-18T13:38:50","modified_gmt":"2025-03-18T12:38:50","slug":"set-mit-3-japanischen-plastikbechern","status":"publish","type":"product","link":"https:\/\/www.tsukibonsai.com\/de\/produit\/set-mit-3-japanischen-plastikbechern\/","title":{"rendered":"Set mit 3 japanischen Plastikbechern"},"content":{"rendered":"<p>Japanische Kunststofff\u00f6rderb\u00e4nder f\u00fcr alle Umtopfungen<\/p>\n<h3>Abmessungen:<\/h3>\n<p>H\u00f6he : 17 cm<\/p>\n<p>Durchmesser : 6-7-9 cm<\/p>\n","protected":false},"excerpt":{"rendered":"<p>Diese aus Japan importierten Plastikbecher sind sehr praktisch f\u00fcr alle Ihre Umtopfarbeiten.<\/p>\n<p>Das Set besteht aus 3 Bechern mit verschiedenen Durchmessern je nach Ihren Mengen: 6, 7, 9 cm. <\/p>\n","protected":false},"featured_media":1344,"template":"","meta":{"_acf_changed":false},"product_brand":[],"product_cat":[182,150],"product_tag":[],"class_list":{"0":"post-1427","1":"product","2":"type-product","3":"status-publish","4":"has-post-thumbnail","6":"product_cat-anbauzubehor","7":"product_cat-culture-de","9":"first","10":"instock","11":"taxable","12":"shipping-taxable","13":"purchasable","14":"product-type-simple"},"acf":[],"_links":{"self":[{"href":"https:\/\/www.tsukibonsai.com\/de\/wp-json\/wp\/v2\/product\/1427","targetHints":{"allow":["GET"]}}],"collection":[{"href":"https:\/\/www.tsukibonsai.com\/de\/wp-json\/wp\/v2\/product"}],"about":[{"href":"https:\/\/www.tsukibonsai.com\/de\/wp-json\/wp\/v2\/types\/product"}],"wp:featuredmedia":[{"embeddable":true,"href":"https:\/\/www.tsukibonsai.com\/de\/wp-json\/wp\/v2\/media\/1344"}],"wp:attachment":[{"href":"https:\/\/www.tsukibonsai.com\/de\/wp-json\/wp\/v2\/media?parent=1427"}],"wp:term":[{"taxonomy":"product_brand","embeddable":true,"href":"https:\/\/www.tsukibonsai.com\/de\/wp-json\/wp\/v2\/product_brand?post=1427"},{"taxonomy":"product_cat","embeddable":true,"href":"https:\/\/www.tsukibonsai.com\/de\/wp-json\/wp\/v2\/product_cat?post=1427"},{"taxonomy":"product_tag","embeddable":true,"href":"https:\/\/www.tsukibonsai.com\/de\/wp-json\/wp\/v2\/product_tag?post=1427"}],"curies":[{"name":"wp","href":"https:\/\/api.w.org\/{rel}","templated":true}]}}