{"id":1430,"date":"2025-03-18T14:27:03","date_gmt":"2025-03-18T13:27:03","guid":{"rendered":"https:\/\/www.tsukibonsai.com\/produit\/mykorrhiza-in-pulverform-fuer-bonsai\/"},"modified":"2025-03-18T14:27:03","modified_gmt":"2025-03-18T13:27:03","slug":"mykorrhiza-in-pulverform-fuer-bonsai","status":"publish","type":"product","link":"https:\/\/www.tsukibonsai.com\/de\/produit\/mykorrhiza-in-pulverform-fuer-bonsai\/","title":{"rendered":"Mykorrhiza in Pulverform f\u00fcr Bonsai"},"content":{"rendered":"<div><span class=\"css-1jxf684 r-bcqeeo r-1ttztb7 r-qvutc0 r-poiln3 r-b88u0q r-a8ghvy\"><span class=\"css-1jxf684 r-bcqeeo r-1ttztb7 r-qvutc0 r-poiln3\"><span class=\"css-1jxf684 r-bcqeeo r-1ttztb7 r-qvutc0 r-poiln3 r-a8ghvy\">Versch\u00f6nern Sie Ihre Bonsais mit Altea Micoplants Mykorrhiza \u2013 Das Geheimnis perfekter Wurz harmonie!<\/span><\/span><\/span><br \/>\n<span class=\"css-1jxf684 r-bcqeeo r-1ttztb7 r-qvutc0 r-poiln3 r-a8ghvy\"><span class=\"css-1jxf684 r-bcqeeo r-1ttztb7 r-qvutc0 r-poiln3\">Bonsais erfordern ein feines Gleichgewicht, um in ihren kleinen T\u00f6pfen zu gedeihen.<\/span><\/span><\/div>\n<div>\n<div>Die Mykorrhiza von Altea Micoplants revolutionieren ihre Pflege, indem sie eine nat\u00fcrliche Allianz nachbilden: mikroskopische Pilze (Glomus, Trichoderma) verbinden sich mit den Wurzeln, um ein \u00e4u\u00dferst effizientes lebendes Netzwerk zu bilden.<\/div>\n<\/div>\n<div><span class=\"css-1jxf684 r-bcqeeo r-1ttztb7 r-qvutc0 r-poiln3 r-a8ghvy\"><span class=\"css-1jxf684 r-bcqeeo r-1ttztb7 r-qvutc0 r-poiln3\">Diese unterirdische Partnerschaft wirkt wie eine Verl\u00e4ngerung der Wurzeln und f\u00e4ngt Wasser, Phosphor und N\u00e4hrstoffe dort auf, wo die Wurzeln allein nur schwer hinkommen \u2013 bis zu 1000 Mal weiter! <\/span><\/span><\/div>\n<div><span class=\"css-1jxf684 r-bcqeeo r-1ttztb7 r-qvutc0 r-poiln3 r-a8ghvy\"><span class=\"css-1jxf684 r-bcqeeo r-1ttztb7 r-qvutc0 r-poiln3\">Ergebnis: Ihr Bonsai gewinnt an Vitalit\u00e4t, widersteht Stress (Trockenheit, Umtopfen, Beschneiden) besser und entwickelt pr\u00e4chtiges Laub, w\u00e4hrend Ihr Bedarf an chemischen D\u00fcngemitteln sinkt. <\/span><\/span><\/div>\n<div><span class=\"css-1jxf684 r-bcqeeo r-1ttztb7 r-qvutc0 r-poiln3 r-a8ghvy\"><span class=\"css-1jxf684 r-bcqeeo r-1ttztb7 r-qvutc0 r-poiln3\">Altea Micoplants bietet eine nat\u00fcrliche und professionelle L\u00f6sung. Schenken Sie Ihren Bonsais die verborgene Kraft uralter W\u00e4lder \u2013 eine au\u00dfergew\u00f6hnliche Gesundheit, bis in die Wurzeln! <\/span><\/span><\/div>\n<div><\/div>\n<div><strong>Produkt anerkannt f\u00fcr den \u00f6kologischen Landbau<\/strong><\/div>\n","protected":false},"excerpt":{"rendered":"<p>S\u00e4ckchen mit Mykorrhiza in Pulverform f\u00fcr Bonsai. (50gr) <\/p>\n<p>Es handelt sich um ein Konzentrat von Mykorrhiza-Inokulanten, die in der Lage sind, die normale mikrobielle Aktivit\u00e4t des Bodens wiederherzustellen und sowohl die Wurzelaufnahme als auch die nat\u00fcrlichen Abwehrkr\u00e4fte der Pflanzen gegen Krankheitserreger zu verbessern.<\/p>\n<p>&nbsp;<\/p>\n","protected":false},"featured_media":1353,"template":"","meta":{"_acf_changed":false},"product_brand":[],"product_cat":[182,150,238,249],"product_tag":[],"class_list":{"0":"post-1430","1":"product","2":"type-product","3":"status-publish","4":"has-post-thumbnail","6":"product_cat-anbauzubehor","7":"product_cat-culture-de","8":"product_cat-pflege","9":"product_cat-pflegezubehor-spruhgerat-etc","11":"first","12":"instock","13":"taxable","14":"shipping-taxable","15":"purchasable","16":"product-type-simple"},"acf":[],"_links":{"self":[{"href":"https:\/\/www.tsukibonsai.com\/de\/wp-json\/wp\/v2\/product\/1430","targetHints":{"allow":["GET"]}}],"collection":[{"href":"https:\/\/www.tsukibonsai.com\/de\/wp-json\/wp\/v2\/product"}],"about":[{"href":"https:\/\/www.tsukibonsai.com\/de\/wp-json\/wp\/v2\/types\/product"}],"wp:featuredmedia":[{"embeddable":true,"href":"https:\/\/www.tsukibonsai.com\/de\/wp-json\/wp\/v2\/media\/1353"}],"wp:attachment":[{"href":"https:\/\/www.tsukibonsai.com\/de\/wp-json\/wp\/v2\/media?parent=1430"}],"wp:term":[{"taxonomy":"product_brand","embeddable":true,"href":"https:\/\/www.tsukibonsai.com\/de\/wp-json\/wp\/v2\/product_brand?post=1430"},{"taxonomy":"product_cat","embeddable":true,"href":"https:\/\/www.tsukibonsai.com\/de\/wp-json\/wp\/v2\/product_cat?post=1430"},{"taxonomy":"product_tag","embeddable":true,"href":"https:\/\/www.tsukibonsai.com\/de\/wp-json\/wp\/v2\/product_tag?post=1430"}],"curies":[{"name":"wp","href":"https:\/\/api.w.org\/{rel}","templated":true}]}}