{"id":1433,"date":"2025-03-18T14:58:14","date_gmt":"2025-03-18T13:58:14","guid":{"rendered":"https:\/\/www.tsukibonsai.com\/produit\/ketoh-tsuchi-erde-1-2l\/"},"modified":"2025-04-15T12:08:09","modified_gmt":"2025-04-15T10:08:09","slug":"ketoh-tsuchi-erde-1-2l","status":"publish","type":"product","link":"https:\/\/www.tsukibonsai.com\/de\/produit\/ketoh-tsuchi-erde-1-2l\/","title":{"rendered":"Ketoh-Erde Tsuchi (1.2L)"},"content":{"rendered":"<div>Die Ketoh-Erde ist ein schwarzer, klebriger Ton, importiert aus Japan, geerntet in den Reisfeldern.<\/div>\n<div>Reich an organischer Substanz, ist sie ideal, um Bonsais auf Felsen zu befestigen oder R\u00e4nder zu gestalten, und verhindert, dass das Substrat beim Gie\u00dfen wegsp\u00fclt.<\/div>\n<div>Sie wird auch zur Herstellung von Kokedama verwendet, einer Art Kugel, die aus Ketoh, Sphagnum-Moos und Akadama gefertigt wird und auf der kleine Stauden oder kleine Str\u00e4ucher gepflanzt werden.<\/div>\n<p>&nbsp;<\/p>\n","protected":false},"excerpt":{"rendered":"<div>Ketoh-Erde importiert aus Japan<\/div>\n<div>\n<p>Diese wird \u00fcblicherweise f\u00fcr Bonsai-Kompositionen auf Felsen oder zur Herstellung von Kokedama verwendet.<\/p>\n<p>Sack mit 1,2L oder 0,8 kg (variiert je nach vorhandener Feuchtigkeit).<\/p>\n<p>&nbsp;<\/p>\n<\/div>\n","protected":false},"featured_media":1358,"template":"","meta":{"_acf_changed":false},"product_brand":[],"product_cat":[150,202],"product_tag":[],"class_list":{"0":"post-1433","1":"product","2":"type-product","3":"status-publish","4":"has-post-thumbnail","6":"product_cat-culture-de","7":"product_cat-substrate-boden","9":"first","10":"instock","11":"taxable","12":"shipping-taxable","13":"purchasable","14":"product-type-simple"},"acf":[],"_links":{"self":[{"href":"https:\/\/www.tsukibonsai.com\/de\/wp-json\/wp\/v2\/product\/1433","targetHints":{"allow":["GET"]}}],"collection":[{"href":"https:\/\/www.tsukibonsai.com\/de\/wp-json\/wp\/v2\/product"}],"about":[{"href":"https:\/\/www.tsukibonsai.com\/de\/wp-json\/wp\/v2\/types\/product"}],"wp:featuredmedia":[{"embeddable":true,"href":"https:\/\/www.tsukibonsai.com\/de\/wp-json\/wp\/v2\/media\/1358"}],"wp:attachment":[{"href":"https:\/\/www.tsukibonsai.com\/de\/wp-json\/wp\/v2\/media?parent=1433"}],"wp:term":[{"taxonomy":"product_brand","embeddable":true,"href":"https:\/\/www.tsukibonsai.com\/de\/wp-json\/wp\/v2\/product_brand?post=1433"},{"taxonomy":"product_cat","embeddable":true,"href":"https:\/\/www.tsukibonsai.com\/de\/wp-json\/wp\/v2\/product_cat?post=1433"},{"taxonomy":"product_tag","embeddable":true,"href":"https:\/\/www.tsukibonsai.com\/de\/wp-json\/wp\/v2\/product_tag?post=1433"}],"curies":[{"name":"wp","href":"https:\/\/api.w.org\/{rel}","templated":true}]}}