{"id":1436,"date":"2025-03-18T15:34:08","date_gmt":"2025-03-18T14:34:08","guid":{"rendered":"https:\/\/www.tsukibonsai.com\/produit\/bambuskohle\/"},"modified":"2025-04-15T12:05:08","modified_gmt":"2025-04-15T10:05:08","slug":"bambuskohle","status":"publish","type":"product","link":"https:\/\/www.tsukibonsai.com\/de\/produit\/bambuskohle\/","title":{"rendered":"Bambuskohle (3-5mm)"},"content":{"rendered":"<div>Die Bambuskohle, ein nat\u00fcrlicher Schatz aus Japan.<\/div>\n<div>Dieses leichte und por\u00f6se Material zeichnet sich dadurch aus, dass es das Substrat reinigt, die Feuchtigkeit reguliert und Schimmel vorbeugt, w\u00e4hrend es eine optimale Bel\u00fcftung der Wurzeln f\u00f6rdert.<\/div>\n<div>Dar\u00fcber hinaus versorgt es Ihren Bonsai auf nat\u00fcrliche Weise mit Kalium. Es ist au\u00dferdem ein sehr gutes Material f\u00fcr die bakterielle Besiedlung von Mykorrhiza. <\/div>\n<div>Sein Reichtum an Mineralien regt die Vitalit\u00e4t Ihrer Miniaturb\u00e4ume an, f\u00fcr ein dichtes und strahlendes Laub.<\/div>\n<div>F\u00fcgen Sie Ihren Bodenmischungen mit diesem Geheimnis der Bonsai-Meister eine Note von Raffinesse hinzu \u2013 Einfachheit, Effizienz, Perfektion!<\/div>\n<div><\/div>\n<div>Wir empfehlen, bei Ihren Umtopfungen 10 % zu Ihrem Substrat hinzuzuf\u00fcgen.<\/div>\n","protected":false},"excerpt":{"rendered":"<p>Bambuskohle aus Japan importiert.<\/p>\n<p>5-Liter-Beutel in Originalverpackung oder 1-Liter-Beutel in wiederverschlie\u00dfbarer Verpackung.<\/p>\n<p>K\u00f6rnigkeit: feine K\u00f6rner 3\/5 mm.<\/p>\n<p>&nbsp;<\/p>\n","protected":false},"featured_media":1363,"template":"","meta":{"_acf_changed":false},"product_brand":[],"product_cat":[150,238,249,202],"product_tag":[],"class_list":{"0":"post-1436","1":"product","2":"type-product","3":"status-publish","4":"has-post-thumbnail","6":"product_cat-culture-de","7":"product_cat-pflege","8":"product_cat-pflegezubehor-spruhgerat-etc","9":"product_cat-substrate-boden","11":"first","12":"instock","13":"taxable","14":"shipping-taxable","15":"purchasable","16":"product-type-variable","17":"has-default-attributes"},"acf":[],"_links":{"self":[{"href":"https:\/\/www.tsukibonsai.com\/de\/wp-json\/wp\/v2\/product\/1436","targetHints":{"allow":["GET"]}}],"collection":[{"href":"https:\/\/www.tsukibonsai.com\/de\/wp-json\/wp\/v2\/product"}],"about":[{"href":"https:\/\/www.tsukibonsai.com\/de\/wp-json\/wp\/v2\/types\/product"}],"wp:featuredmedia":[{"embeddable":true,"href":"https:\/\/www.tsukibonsai.com\/de\/wp-json\/wp\/v2\/media\/1363"}],"wp:attachment":[{"href":"https:\/\/www.tsukibonsai.com\/de\/wp-json\/wp\/v2\/media?parent=1436"}],"wp:term":[{"taxonomy":"product_brand","embeddable":true,"href":"https:\/\/www.tsukibonsai.com\/de\/wp-json\/wp\/v2\/product_brand?post=1436"},{"taxonomy":"product_cat","embeddable":true,"href":"https:\/\/www.tsukibonsai.com\/de\/wp-json\/wp\/v2\/product_cat?post=1436"},{"taxonomy":"product_tag","embeddable":true,"href":"https:\/\/www.tsukibonsai.com\/de\/wp-json\/wp\/v2\/product_tag?post=1436"}],"curies":[{"name":"wp","href":"https:\/\/api.w.org\/{rel}","templated":true}]}}