{"id":1439,"date":"2025-03-18T16:02:25","date_gmt":"2025-03-18T15:02:25","guid":{"rendered":"https:\/\/www.tsukibonsai.com\/produit\/japanischer-biogold-duenger\/"},"modified":"2025-03-18T16:02:25","modified_gmt":"2025-03-18T15:02:25","slug":"japanischer-biogold-duenger","status":"publish","type":"product","link":"https:\/\/www.tsukibonsai.com\/de\/produit\/japanischer-biogold-duenger\/","title":{"rendered":"Japanischer Biogold-D\u00fcnger"},"content":{"rendered":"<div><span class=\"css-1jxf684 r-bcqeeo r-1ttztb7 r-qvutc0 r-poiln3 r-b88u0q r-a8ghvy\"><span class=\"css-1jxf684 r-bcqeeo r-1ttztb7 r-qvutc0 r-poiln3\"><span class=\"css-1jxf684 r-bcqeeo r-1ttztb7 r-qvutc0 r-poiln3 r-a8ghvy\">Biogold \u2013 Der ultimative japanische D\u00fcnger f\u00fcr Ihre Bonsais!<\/span><\/span><\/span><br \/>\n<span class=\"css-1jxf684 r-bcqeeo r-1ttztb7 r-qvutc0 r-poiln3 r-a8ghvy\"><span class=\"css-1jxf684 r-bcqeeo r-1ttztb7 r-qvutc0 r-poiln3\">Als der beste der Welt anerkannt, ist Biogold (NPK 4-5-4) der perfekte Verb\u00fcndete f\u00fcr Bonsai-Begeisterte. <\/span><\/span><\/div>\n<div><span class=\"css-1jxf684 r-bcqeeo r-1ttztb7 r-qvutc0 r-poiln3 r-a8ghvy\"><span class=\"css-1jxf684 r-bcqeeo r-1ttztb7 r-qvutc0 r-poiln3\">Dieser organische D\u00fcnger in Form von dreieckigen K\u00f6rnchen gibt seine N\u00e4hrstoffe langsam ab f\u00fcr gesunde Wurzeln und strahlendes Laub.<\/span><\/span><\/div>\n<div><span class=\"css-1jxf684 r-bcqeeo r-1ttztb7 r-qvutc0 r-poiln3 r-a8ghvy\"><span class=\"css-1jxf684 r-bcqeeo r-1ttztb7 r-qvutc0 r-poiln3\"> Einfach zu verwenden, steigert es die Vitalit\u00e4t Ihrer B\u00e4ume im Fr\u00fchling wie im Herbst, ohne Risiko von Wurzelverbrennungen. Ein absolutes Muss f\u00fcr au\u00dfergew\u00f6hnliche Bonsais! <\/span><\/span><\/div>\n<div><\/div>\n<h3>Durchschnittliche chemische Analyse<\/h3>\n<p>Organischer Stickstoff (N): 4%<br \/>\nPhosphor (P2O5): 5%<br \/>\nKalium (K): 4%<\/p>\n<div>Wir empfehlen Ihnen, die kleinen Dreiecke nicht direkt auf das Substrat zu legen. Es ist besser, kleine D\u00fcngert\u00f6pfe zu verwenden, damit das Substrat nicht verstopft wird. <\/div>\n","protected":false},"excerpt":{"rendered":"<p>Aus Japan importiert, ist der Biogold-D\u00fcnger zweifellos der am weitesten verbreitete D\u00fcnger in der Bonsai-Welt.<\/p>\n<p>Seine nat\u00fcrliche und ausgewogene Zusammensetzung (NPK 4-5-4) und seine Benutzerfreundlichkeit machen es zu einem der gesch\u00e4tztesten D\u00fcnger.<\/p>\n<p>5-Kg-S\u00e4ckchen<\/p>\n<p>&nbsp;<\/p>\n","protected":false},"featured_media":1368,"template":"","meta":{"_acf_changed":false},"product_brand":[],"product_cat":[150,201],"product_tag":[],"class_list":{"0":"post-1439","1":"product","2":"type-product","3":"status-publish","4":"has-post-thumbnail","6":"product_cat-culture-de","7":"product_cat-dunger","9":"first","10":"instock","11":"taxable","12":"shipping-taxable","13":"purchasable","14":"product-type-simple"},"acf":[],"_links":{"self":[{"href":"https:\/\/www.tsukibonsai.com\/de\/wp-json\/wp\/v2\/product\/1439","targetHints":{"allow":["GET"]}}],"collection":[{"href":"https:\/\/www.tsukibonsai.com\/de\/wp-json\/wp\/v2\/product"}],"about":[{"href":"https:\/\/www.tsukibonsai.com\/de\/wp-json\/wp\/v2\/types\/product"}],"wp:featuredmedia":[{"embeddable":true,"href":"https:\/\/www.tsukibonsai.com\/de\/wp-json\/wp\/v2\/media\/1368"}],"wp:attachment":[{"href":"https:\/\/www.tsukibonsai.com\/de\/wp-json\/wp\/v2\/media?parent=1439"}],"wp:term":[{"taxonomy":"product_brand","embeddable":true,"href":"https:\/\/www.tsukibonsai.com\/de\/wp-json\/wp\/v2\/product_brand?post=1439"},{"taxonomy":"product_cat","embeddable":true,"href":"https:\/\/www.tsukibonsai.com\/de\/wp-json\/wp\/v2\/product_cat?post=1439"},{"taxonomy":"product_tag","embeddable":true,"href":"https:\/\/www.tsukibonsai.com\/de\/wp-json\/wp\/v2\/product_tag?post=1439"}],"curies":[{"name":"wp","href":"https:\/\/api.w.org\/{rel}","templated":true}]}}