{"id":1442,"date":"2025-03-21T15:30:55","date_gmt":"2025-03-21T14:30:55","guid":{"rendered":"https:\/\/www.tsukibonsai.com\/produit\/heilender-mastix-fuer-laubbaeume\/"},"modified":"2025-03-27T11:04:42","modified_gmt":"2025-03-27T10:04:42","slug":"heilender-mastix-fuer-laubbaeume","status":"publish","type":"product","link":"https:\/\/www.tsukibonsai.com\/de\/produit\/heilender-mastix-fuer-laubbaeume\/","title":{"rendered":"Heilender Mastix f\u00fcr Laubb\u00e4ume"},"content":{"rendered":"<p>Japanischer Mastix, der bei Schnitten am Hartholz von Laubb\u00e4umen (Strukturschnitt) aufgetragen wird<\/p>\n<p>Neben seiner Wirksamkeit wird dieser einfach anzuwendende Mastix das Auftreten von Schimmel und Nekrosen verhindern und die Heilung von Wunden f\u00f6rdern.<\/p>\n<p>Sie m\u00fcssen lediglich ein St\u00fcck Paste zwischen Ihre Finger nehmen, daraus eine kleine Kugel formen und sie auf die Wunde auftragen. Achtung, die Wunde muss sauber und trocken sein. <\/p>\n<p>Zudem ist dieses Produkt sehr gut f\u00fcr Laubb\u00e4ume geeignet, da seine Farbe gut mit ihrer Rindenart harmoniert.<\/p>\n<p>&nbsp;<\/p>\n","protected":false},"excerpt":{"rendered":"<p>Heilpaste, importiert aus Japan, spezifisch f\u00fcr Laubb\u00e4ume.<\/p>\n<p>Inhalt: 190gr<\/p>\n","protected":false},"featured_media":1375,"template":"","meta":{"_acf_changed":false},"product_brand":[],"product_cat":[252,238],"product_tag":[],"class_list":{"0":"post-1442","1":"product","2":"type-product","3":"status-publish","4":"has-post-thumbnail","6":"product_cat-heilspachtel","7":"product_cat-pflege","9":"first","10":"instock","11":"taxable","12":"shipping-taxable","13":"purchasable","14":"product-type-simple"},"acf":[],"_links":{"self":[{"href":"https:\/\/www.tsukibonsai.com\/de\/wp-json\/wp\/v2\/product\/1442","targetHints":{"allow":["GET"]}}],"collection":[{"href":"https:\/\/www.tsukibonsai.com\/de\/wp-json\/wp\/v2\/product"}],"about":[{"href":"https:\/\/www.tsukibonsai.com\/de\/wp-json\/wp\/v2\/types\/product"}],"wp:featuredmedia":[{"embeddable":true,"href":"https:\/\/www.tsukibonsai.com\/de\/wp-json\/wp\/v2\/media\/1375"}],"wp:attachment":[{"href":"https:\/\/www.tsukibonsai.com\/de\/wp-json\/wp\/v2\/media?parent=1442"}],"wp:term":[{"taxonomy":"product_brand","embeddable":true,"href":"https:\/\/www.tsukibonsai.com\/de\/wp-json\/wp\/v2\/product_brand?post=1442"},{"taxonomy":"product_cat","embeddable":true,"href":"https:\/\/www.tsukibonsai.com\/de\/wp-json\/wp\/v2\/product_cat?post=1442"},{"taxonomy":"product_tag","embeddable":true,"href":"https:\/\/www.tsukibonsai.com\/de\/wp-json\/wp\/v2\/product_tag?post=1442"}],"curies":[{"name":"wp","href":"https:\/\/api.w.org\/{rel}","templated":true}]}}