{"id":1448,"date":"2025-03-24T14:19:46","date_gmt":"2025-03-24T13:19:46","guid":{"rendered":"https:\/\/www.tsukibonsai.com\/produit\/natuerliches-raffia-fuer-bonsai-50gr\/"},"modified":"2025-03-24T14:19:46","modified_gmt":"2025-03-24T13:19:46","slug":"natuerliches-raffia-fuer-bonsai-50gr","status":"publish","type":"product","link":"https:\/\/www.tsukibonsai.com\/de\/produit\/natuerliches-raffia-fuer-bonsai-50gr\/","title":{"rendered":"Nat\u00fcrliches Raffia f\u00fcr Bonsai (50gr)"},"content":{"rendered":"<div>Hergestellt aus authentischen Pflanzenfasern, ist dieses Raffia ideal, um Ihre B\u00e4ume w\u00e4hrend der Formgebungsarbeiten zu sch\u00fctzen und zu leiten.<\/div>\n<div>Flexibel, widerstandsf\u00e4hig und einfach zu handhaben, erm\u00f6glicht es, empfindliche \u00c4ste zu ligieren, ohne sie zu besch\u00e4digen, und bietet dabei optimale Stabilit\u00e4t.<\/div>\n<div>\u00d6kologisch und biologisch abbaubar, es respektiert Ihre B\u00e4ume und die Umwelt.<\/div>\n<div>Perfekt f\u00fcr Anf\u00e4nger wie Experten, dieses Raffia verleiht Ihren Bonsai-Kreationen eine nat\u00fcrliche und professionelle Note.<\/div>\n<div><\/div>\n<p>&nbsp;<\/p>\n<p>&nbsp;<\/p>\n","protected":false},"excerpt":{"rendered":"<p>B\u00fcndel von 50gr nat\u00fcrlichem Raffia, das das Biegen von St\u00e4mmen oder gro\u00dfen \u00c4sten erm\u00f6glicht und deren Bruch begrenzt.<\/p>\n<p>Das Raffia wird auch das Einwachsen von Ligaturen in die Rinde reduzieren.<\/p>\n<p>Ebenfalls als &#8222;Schiene&#8220; bei einem Bruch verwendet, damit der Ast sich nicht mehr von seiner urspr\u00fcnglichen Position bewegt.<\/p>\n<p>&nbsp;<\/p>\n","protected":false},"featured_media":1385,"template":"","meta":{"_acf_changed":false},"product_brand":[],"product_cat":[238,249],"product_tag":[],"class_list":{"0":"post-1448","1":"product","2":"type-product","3":"status-publish","4":"has-post-thumbnail","6":"product_cat-pflege","7":"product_cat-pflegezubehor-spruhgerat-etc","9":"first","10":"instock","11":"taxable","12":"shipping-taxable","13":"purchasable","14":"product-type-simple"},"acf":[],"_links":{"self":[{"href":"https:\/\/www.tsukibonsai.com\/de\/wp-json\/wp\/v2\/product\/1448","targetHints":{"allow":["GET"]}}],"collection":[{"href":"https:\/\/www.tsukibonsai.com\/de\/wp-json\/wp\/v2\/product"}],"about":[{"href":"https:\/\/www.tsukibonsai.com\/de\/wp-json\/wp\/v2\/types\/product"}],"wp:featuredmedia":[{"embeddable":true,"href":"https:\/\/www.tsukibonsai.com\/de\/wp-json\/wp\/v2\/media\/1385"}],"wp:attachment":[{"href":"https:\/\/www.tsukibonsai.com\/de\/wp-json\/wp\/v2\/media?parent=1448"}],"wp:term":[{"taxonomy":"product_brand","embeddable":true,"href":"https:\/\/www.tsukibonsai.com\/de\/wp-json\/wp\/v2\/product_brand?post=1448"},{"taxonomy":"product_cat","embeddable":true,"href":"https:\/\/www.tsukibonsai.com\/de\/wp-json\/wp\/v2\/product_cat?post=1448"},{"taxonomy":"product_tag","embeddable":true,"href":"https:\/\/www.tsukibonsai.com\/de\/wp-json\/wp\/v2\/product_tag?post=1448"}],"curies":[{"name":"wp","href":"https:\/\/api.w.org\/{rel}","templated":true}]}}