{"id":1454,"date":"2025-03-24T15:57:21","date_gmt":"2025-03-24T14:57:21","guid":{"rendered":"https:\/\/www.tsukibonsai.com\/produit\/jin-shari-fluessigkeit-1l\/"},"modified":"2025-03-24T15:57:21","modified_gmt":"2025-03-24T14:57:21","slug":"jin-shari-fluessigkeit-1l","status":"publish","type":"product","link":"https:\/\/www.tsukibonsai.com\/de\/produit\/jin-shari-fluessigkeit-1l\/","title":{"rendered":"Jin &amp; Shari Fl\u00fcssigkeit (1L)"},"content":{"rendered":"<p>Perfekt, um nat\u00fcrliche und authentische Totholzeffekte zu erzeugen, ist dieses Produkt ein Muss f\u00fcr Bonsai-Amateure und -Profis.<\/p>\n<p>Auf \u00c4ste oder den Stamm aufgetragen, bleicht und konserviert es das Holz und imitiert das gealterte Aussehen von B\u00e4umen in freier Natur.<\/p>\n<p>Einfach zu verwenden, bietet diese 1L-Flasche eine ideale Menge f\u00fcr mehrere Projekte, mit einer konzentrierten Formel, die langlebige und \u00e4sthetische Ergebnisse garantiert.<\/p>\n<p>Verleihen Sie Ihren Kreationen Charakter und sch\u00fctzen Sie das Holz auf nat\u00fcrliche Weise!<\/p>\n<p>Es kann auch als Fungizid f\u00fcr den Winter verwendet werden. Es wird dann empfohlen, es zu 3 % in Wasser zu verd\u00fcnnen und das Laub und\/oder die \u00c4ste zu bespr\u00fchen. Achten Sie darauf, das Substrat Ihres Baumes gut zu sch\u00fctzen; die L\u00f6sung darf nicht damit in Kontakt kommen.  <\/p>\n<p>&nbsp;<\/p>\n<p>Achtung:<\/p>\n<p>Gef\u00e4hrliches Produkt, beachten Sie die Vorsichtsma\u00dfnahmen f\u00fcr den Gebrauch.<\/p>\n<p>Produkt vorzugsweise im Freien verwenden, H\u00e4nde und Augen sch\u00fctzen.<\/p>\n<p>Fleckenverursachendes Produkt, bitte angemessene Kleidung tragen.<\/p>\n<p>Die D\u00e4mpfe nicht einatmen.<\/p>\n","protected":false},"excerpt":{"rendered":"<div class=\"woocommerce-product-details__short-description\">\n<p>Die Jin-Fl\u00fcssigkeit oder Kalziumpolysulfid ist ein Produkt zur Behandlung und Bleichung von totem Holz.<\/p>\n<p>Flasche mit 1L.<\/p>\n<\/div>\n","protected":false},"featured_media":1401,"template":"","meta":{"_acf_changed":false},"product_brand":[],"product_cat":[238,253],"product_tag":[],"class_list":{"0":"post-1454","1":"product","2":"type-product","3":"status-publish","4":"has-post-thumbnail","6":"product_cat-pflege","7":"product_cat-totholzbehandlung","9":"first","10":"instock","11":"taxable","12":"shipping-taxable","13":"purchasable","14":"product-type-simple"},"acf":[],"_links":{"self":[{"href":"https:\/\/www.tsukibonsai.com\/de\/wp-json\/wp\/v2\/product\/1454","targetHints":{"allow":["GET"]}}],"collection":[{"href":"https:\/\/www.tsukibonsai.com\/de\/wp-json\/wp\/v2\/product"}],"about":[{"href":"https:\/\/www.tsukibonsai.com\/de\/wp-json\/wp\/v2\/types\/product"}],"wp:featuredmedia":[{"embeddable":true,"href":"https:\/\/www.tsukibonsai.com\/de\/wp-json\/wp\/v2\/media\/1401"}],"wp:attachment":[{"href":"https:\/\/www.tsukibonsai.com\/de\/wp-json\/wp\/v2\/media?parent=1454"}],"wp:term":[{"taxonomy":"product_brand","embeddable":true,"href":"https:\/\/www.tsukibonsai.com\/de\/wp-json\/wp\/v2\/product_brand?post=1454"},{"taxonomy":"product_cat","embeddable":true,"href":"https:\/\/www.tsukibonsai.com\/de\/wp-json\/wp\/v2\/product_cat?post=1454"},{"taxonomy":"product_tag","embeddable":true,"href":"https:\/\/www.tsukibonsai.com\/de\/wp-json\/wp\/v2\/product_tag?post=1454"}],"curies":[{"name":"wp","href":"https:\/\/api.w.org\/{rel}","templated":true}]}}