{"id":1487,"date":"2025-03-25T16:57:47","date_gmt":"2025-03-25T15:57:47","guid":{"rendered":"https:\/\/www.tsukibonsai.com\/produit\/drehtisch-aus-kunststoff\/"},"modified":"2025-03-25T16:57:47","modified_gmt":"2025-03-25T15:57:47","slug":"drehtisch-aus-kunststoff","status":"publish","type":"product","link":"https:\/\/www.tsukibonsai.com\/de\/produit\/drehtisch-aus-kunststoff\/","title":{"rendered":"Drehtisch aus Kunststoff"},"content":{"rendered":"<p>Chinesischer Drehtisch aus Kunststoff, gebaut mit 2 Platten, die sich \u00fcbereinander drehen k\u00f6nnen. <\/p>\n<p>Dieser Tisch hat eine doppelte Funktion: den Bonsai drehen zu k\u00f6nnen, ohne ihn anheben zu m\u00fcssen, was sehr schwer sein k\u00f6nnte, und gleichzeitig daran zu arbeiten (Reinigen, Schneiden), w\u00e4hrend er sich selbst dreht. <\/p>\n<p>Herkunft: China <\/p>\n<p>Abmessungen: 30 x 30 cm<\/p>\n","protected":false},"excerpt":{"rendered":"<p>Chinesischer drehbarer Kunststofftisch zum Bearbeiten oder Pr\u00e4sentieren Ihres Bonsais.<\/p>\n<p>Abmessungen: 30 x 30 cm<\/p>\n<p>&nbsp;<\/p>\n","protected":false},"featured_media":1421,"template":"","meta":{"_acf_changed":false},"product_brand":[],"product_cat":[238,249,207,206,147],"product_tag":[],"class_list":{"0":"post-1487","1":"product","2":"type-product","3":"status-publish","4":"has-post-thumbnail","6":"product_cat-pflege","7":"product_cat-pflegezubehor-spruhgerat-etc","8":"product_cat-topfwerkzeuge","9":"product_cat-verschiedenes","10":"product_cat-werkzeuge-und-zubehor","12":"first","13":"instock","14":"taxable","15":"shipping-taxable","16":"purchasable","17":"product-type-simple"},"acf":[],"_links":{"self":[{"href":"https:\/\/www.tsukibonsai.com\/de\/wp-json\/wp\/v2\/product\/1487","targetHints":{"allow":["GET"]}}],"collection":[{"href":"https:\/\/www.tsukibonsai.com\/de\/wp-json\/wp\/v2\/product"}],"about":[{"href":"https:\/\/www.tsukibonsai.com\/de\/wp-json\/wp\/v2\/types\/product"}],"wp:featuredmedia":[{"embeddable":true,"href":"https:\/\/www.tsukibonsai.com\/de\/wp-json\/wp\/v2\/media\/1421"}],"wp:attachment":[{"href":"https:\/\/www.tsukibonsai.com\/de\/wp-json\/wp\/v2\/media?parent=1487"}],"wp:term":[{"taxonomy":"product_brand","embeddable":true,"href":"https:\/\/www.tsukibonsai.com\/de\/wp-json\/wp\/v2\/product_brand?post=1487"},{"taxonomy":"product_cat","embeddable":true,"href":"https:\/\/www.tsukibonsai.com\/de\/wp-json\/wp\/v2\/product_cat?post=1487"},{"taxonomy":"product_tag","embeddable":true,"href":"https:\/\/www.tsukibonsai.com\/de\/wp-json\/wp\/v2\/product_tag?post=1487"}],"curies":[{"name":"wp","href":"https:\/\/api.w.org\/{rel}","templated":true}]}}