{"id":1490,"date":"2025-03-25T15:32:15","date_gmt":"2025-03-25T14:32:15","guid":{"rendered":"https:\/\/www.tsukibonsai.com\/produit\/kunststoff-abflussgitter-21-stueck\/"},"modified":"2025-03-25T15:32:15","modified_gmt":"2025-03-25T14:32:15","slug":"kunststoff-abflussgitter-21-stueck","status":"publish","type":"product","link":"https:\/\/www.tsukibonsai.com\/de\/produit\/kunststoff-abflussgitter-21-stueck\/","title":{"rendered":"Kunststoff-Abflussgitter (21 St\u00fcck)"},"content":{"rendered":"<p>Japanische Kunststoff-Abflussgitter f\u00fcr Bonsait\u00f6pfe. <\/p>\n<p>Diese Gitter gew\u00e4hrleisten eine korrekte Entw\u00e4sserung nach dem Gie\u00dfen, indem sie verhindern, dass das Substrat im Topf sich verteilt. <\/p>\n<p>Der Vorteil von Kunststoff ist, dass das Produkt mit der Zeit nicht rostet und daher f\u00fcr alle Ihre zuk\u00fcnftigen Projekte wiederverwendbar ist. <\/p>\n<p>Abmessungen: 54 x 54 mm <\/p>\n<p>Anzahl: 21 St\u00fcck <\/p>\n<p>Hinweis: Andere Gr\u00f6\u00dfen sind in unserem Shop erh\u00e4ltlich, bitte w\u00e4hlen Sie Ihre Gitter entsprechend den L\u00f6chern Ihrer T\u00f6pfe aus.<\/p>\n","protected":false},"excerpt":{"rendered":"<p>Japanische Kunststoff-Abflussgitter f\u00fcr Bonsait\u00f6pfe. <\/p>\n<p>Abmessungen: 54 x 54 mm <\/p>\n<p>21 St\u00fcck<\/p>\n","protected":false},"featured_media":1416,"template":"","meta":{"_acf_changed":false},"product_brand":[],"product_cat":[207,147],"product_tag":[],"class_list":{"0":"post-1490","1":"product","2":"type-product","3":"status-publish","4":"has-post-thumbnail","6":"product_cat-topfwerkzeuge","7":"product_cat-werkzeuge-und-zubehor","9":"first","10":"instock","11":"taxable","12":"shipping-taxable","13":"purchasable","14":"product-type-simple"},"acf":[],"_links":{"self":[{"href":"https:\/\/www.tsukibonsai.com\/de\/wp-json\/wp\/v2\/product\/1490","targetHints":{"allow":["GET"]}}],"collection":[{"href":"https:\/\/www.tsukibonsai.com\/de\/wp-json\/wp\/v2\/product"}],"about":[{"href":"https:\/\/www.tsukibonsai.com\/de\/wp-json\/wp\/v2\/types\/product"}],"wp:featuredmedia":[{"embeddable":true,"href":"https:\/\/www.tsukibonsai.com\/de\/wp-json\/wp\/v2\/media\/1416"}],"wp:attachment":[{"href":"https:\/\/www.tsukibonsai.com\/de\/wp-json\/wp\/v2\/media?parent=1490"}],"wp:term":[{"taxonomy":"product_brand","embeddable":true,"href":"https:\/\/www.tsukibonsai.com\/de\/wp-json\/wp\/v2\/product_brand?post=1490"},{"taxonomy":"product_cat","embeddable":true,"href":"https:\/\/www.tsukibonsai.com\/de\/wp-json\/wp\/v2\/product_cat?post=1490"},{"taxonomy":"product_tag","embeddable":true,"href":"https:\/\/www.tsukibonsai.com\/de\/wp-json\/wp\/v2\/product_tag?post=1490"}],"curies":[{"name":"wp","href":"https:\/\/api.w.org\/{rel}","templated":true}]}}