{"id":1493,"date":"2025-03-25T12:20:11","date_gmt":"2025-03-25T11:20:11","guid":{"rendered":"https:\/\/www.tsukibonsai.com\/produit\/schleifstein-fuer-bonsai-werkzeuge\/"},"modified":"2025-03-25T12:20:11","modified_gmt":"2025-03-25T11:20:11","slug":"schleifstein-fuer-bonsai-werkzeuge","status":"publish","type":"product","link":"https:\/\/www.tsukibonsai.com\/de\/produit\/schleifstein-fuer-bonsai-werkzeuge\/","title":{"rendered":"Schleifstein f\u00fcr Bonsai-Werkzeuge"},"content":{"rendered":"<p>Schleifstein aus Japan, mit dem Sie alle Ihre Bonsai-Werkzeuge sch\u00e4rfen k\u00f6nnen.<\/p>\n<p>Er zeichnet sich dadurch aus, dass er zwei verschiedene Seiten hat: eine f\u00fcr feineres Sch\u00e4rfen und eine f\u00fcr gr\u00f6beres Sch\u00e4rfen.<\/p>\n<p>Die Seite mit mittlerer K\u00f6rnung wird \u00fcblicherweise f\u00fcr die erste Sch\u00e4rfphase verwendet, um Splitter oder Unregelm\u00e4\u00dfigkeiten zu beseitigen.<\/p>\n<p>Die feinere Seite erm\u00f6glicht es Ihnen, die Sch\u00e4rfe der Klinge wiederherzustellen, um saubere und pr\u00e4zise Schnitte zu machen.<\/p>\n<p>Dieser Stein kann trocken oder nass verwendet werden, jedoch empfehlen wir, f\u00fcr ein optimales Ergebnis Ihre Werkzeuge auf einer befeuchteten Oberfl\u00e4che zu sch\u00e4rfen. Dies verbessert das Gleiten zwischen der Klinge und dem Stein. <\/p>\n","protected":false},"excerpt":{"rendered":"<p>Schleifstein geeignet zum Sch\u00e4rfen all Ihrer Bonsai-Werkzeuge.<\/p>\n<p>2 Seiten f\u00fcr mittleres und feineres Sch\u00e4rfen.<\/p>\n<p>L\u00e4nge: 20 cm<\/p>\n","protected":false},"featured_media":1411,"template":"","meta":{"_acf_changed":false},"product_brand":[],"product_cat":[203,147],"product_tag":[],"class_list":{"0":"post-1493","1":"product","2":"type-product","3":"status-publish","4":"has-post-thumbnail","6":"product_cat-scharfung","7":"product_cat-werkzeuge-und-zubehor","9":"first","10":"instock","11":"taxable","12":"shipping-taxable","13":"purchasable","14":"product-type-simple"},"acf":[],"_links":{"self":[{"href":"https:\/\/www.tsukibonsai.com\/de\/wp-json\/wp\/v2\/product\/1493","targetHints":{"allow":["GET"]}}],"collection":[{"href":"https:\/\/www.tsukibonsai.com\/de\/wp-json\/wp\/v2\/product"}],"about":[{"href":"https:\/\/www.tsukibonsai.com\/de\/wp-json\/wp\/v2\/types\/product"}],"wp:featuredmedia":[{"embeddable":true,"href":"https:\/\/www.tsukibonsai.com\/de\/wp-json\/wp\/v2\/media\/1411"}],"wp:attachment":[{"href":"https:\/\/www.tsukibonsai.com\/de\/wp-json\/wp\/v2\/media?parent=1493"}],"wp:term":[{"taxonomy":"product_brand","embeddable":true,"href":"https:\/\/www.tsukibonsai.com\/de\/wp-json\/wp\/v2\/product_brand?post=1493"},{"taxonomy":"product_cat","embeddable":true,"href":"https:\/\/www.tsukibonsai.com\/de\/wp-json\/wp\/v2\/product_cat?post=1493"},{"taxonomy":"product_tag","embeddable":true,"href":"https:\/\/www.tsukibonsai.com\/de\/wp-json\/wp\/v2\/product_tag?post=1493"}],"curies":[{"name":"wp","href":"https:\/\/api.w.org\/{rel}","templated":true}]}}