{"id":1496,"date":"2025-03-27T16:31:18","date_gmt":"2025-03-27T15:31:18","guid":{"rendered":"https:\/\/www.tsukibonsai.com\/produit\/zwerg-japanische-bluetenkirsche-prunus-incisa-kojo-no-mai\/"},"modified":"2025-04-15T11:56:42","modified_gmt":"2025-04-15T09:56:42","slug":"zwerg-japanische-bluetenkirsche-prunus-incisa-kojo-no-mai","status":"publish","type":"product","link":"https:\/\/www.tsukibonsai.com\/de\/produit\/zwerg-japanische-bluetenkirsche-prunus-incisa-kojo-no-mai\/","title":{"rendered":"Zwerg-Japanische Bl\u00fctenkirsche \/ Prunus incisa Kojo-no-mai"},"content":{"rendered":"<div>\n<div>Japanische Zwergkirsche \/ Prunus Kojo-No-Mai<\/div>\n<\/div>\n<div><\/div>\n<div>Baumh\u00f6he: 18 cm<\/div>\n<div>\n<p>Baumh\u00f6he mit Topf: 27 cm<\/p>\n<p>Umfang des Nebari (Wurzelansatz): 0,5 cm<\/p>\n<h3>Eigenschaften<\/h3>\n<p>Laubabwerender Strauch (verliert im Winter seine Bl\u00e4tter). Er geh\u00f6rt zur Familie der Rosaceae. <\/p>\n<p>Urspr\u00fcnglich aus Westasien stammend, wird er sehr gesch\u00e4tzt f\u00fcr seine kleinen Bl\u00fcten, die von M\u00e4rz bis Mai von Wei\u00df bis Rosa reichen.<\/p>\n<h3>Standort<\/h3>\n<p>Die Kirsche ist ein Strauch, der in die Sonne gestellt werden sollte. Im Hochsommer ist es vorzuziehen, ihn in den Halbschatten zu versetzen, um ein Verbrennen des Laubs zu vermeiden. <\/p>\n<h3>Bew\u00e4sserung<\/h3>\n<p>Dies ist ein Strauch, der regelm\u00e4\u00dfig gegossen werden muss; er trinkt viel, besonders im Sommer. Er darf jedoch nicht durchweicht werden. Im Winter reichen Feuchtigkeit und K\u00e4lte aus, aber achten Sie darauf, ihn bei sehr trockenen Perioden dennoch zu gie\u00dfen.  <\/p>\n<h3>Schnitt<\/h3>\n<p>Der Strukturgr\u00f6\u00dfe erfolgt in der Regel im Sp\u00e4therbst oder Sp\u00e4twinter, bevor der Saft steigt. Der Gr\u00fcngr\u00f6\u00dfe oder das Pinzieren wird direkt nach der Bl\u00fcte des Strauches durchgef\u00fchrt. <\/p>\n<h3>D\u00fcnger<\/h3>\n<p>Von Fr\u00fchling bis Herbst je nach Wahl mit fl\u00fcssigem oder festem, chemischem oder organischem D\u00fcnger.<\/p>\n<h3>Umtopfen<\/h3>\n<p>Das Umtopfen erfolgt alle 2 bis 3 Jahre, je nach Zustand des Substrats und dem Wasserabfluss durch den Topf. Wir empfehlen ein drainierendes Substrat wie Akadama, eine Mischung aus Akadama und Bimsstein oder eine Mischung aus Zeolith und Chabasit. <\/p>\n<h3>Besonderheit<\/h3>\n<p>Der wahre Pluspunkt dieses Strauches sind die pr\u00e4chtigen Bl\u00fcten, die er im Fr\u00fchling zeigt. Sein verdrehter Stamm verleiht ihm echten Charme, und seine kleinen rot-orangen Bl\u00e4tter im Herbst machen ihn jedes Jahr zu einem kontinuierlichen Schauspiel. <\/p>\n<p>&nbsp;<\/p>\n<\/div>\n","protected":false},"excerpt":{"rendered":"<p>Japanische Bl\u00fctenkirsche \/ Prunus Kojo-No-Mai<\/p>\n<p>H\u00f6he mit Topf: 12 cm<\/p>\n<div>Hier ist eine au\u00dfergew\u00f6hnliche Sorte, die die Eleganz und Gelassenheit des japanischen Fr\u00fchlings verk\u00f6rpert.<\/div>\n<div>Die Zwergkirsche, ber\u00fchmt f\u00fcr ihre spektakul\u00e4re Bl\u00fcte mit leicht rosafarbenen wei\u00dfen Bl\u00fcten, bietet einen auff\u00e4lligen Kontrast zu ihrem zarten gr\u00fcnen Laub, das im Herbst rot-orange wird.<\/div>\n<div>Mit seiner nat\u00fcrlichen, gewundenen Silhouette und zarten \u00c4sten ist diese Bonsaipflanze perfekt, um einer Sammlung oder einem Wohnraum einen Hauch von Raffinesse zu verleihen.<\/div>\n<div><\/div>\n<div>FOTO NICHT VERTRAGLICH<\/div>\n","protected":false},"featured_media":1478,"template":"","meta":{"_acf_changed":false},"product_brand":[],"product_cat":[163,180],"product_tag":[],"class_list":{"0":"post-1496","1":"product","2":"type-product","3":"status-publish","4":"has-post-thumbnail","6":"product_cat-bonsai","7":"product_cat-pflanzen","9":"first","10":"instock","11":"taxable","12":"shipping-taxable","13":"purchasable","14":"product-type-simple"},"acf":[],"_links":{"self":[{"href":"https:\/\/www.tsukibonsai.com\/de\/wp-json\/wp\/v2\/product\/1496","targetHints":{"allow":["GET"]}}],"collection":[{"href":"https:\/\/www.tsukibonsai.com\/de\/wp-json\/wp\/v2\/product"}],"about":[{"href":"https:\/\/www.tsukibonsai.com\/de\/wp-json\/wp\/v2\/types\/product"}],"wp:featuredmedia":[{"embeddable":true,"href":"https:\/\/www.tsukibonsai.com\/de\/wp-json\/wp\/v2\/media\/1478"}],"wp:attachment":[{"href":"https:\/\/www.tsukibonsai.com\/de\/wp-json\/wp\/v2\/media?parent=1496"}],"wp:term":[{"taxonomy":"product_brand","embeddable":true,"href":"https:\/\/www.tsukibonsai.com\/de\/wp-json\/wp\/v2\/product_brand?post=1496"},{"taxonomy":"product_cat","embeddable":true,"href":"https:\/\/www.tsukibonsai.com\/de\/wp-json\/wp\/v2\/product_cat?post=1496"},{"taxonomy":"product_tag","embeddable":true,"href":"https:\/\/www.tsukibonsai.com\/de\/wp-json\/wp\/v2\/product_tag?post=1496"}],"curies":[{"name":"wp","href":"https:\/\/api.w.org\/{rel}","templated":true}]}}