{"id":1501,"date":"2024-01-09T11:03:24","date_gmt":"2024-01-09T10:03:24","guid":{"rendered":"https:\/\/www.tsukibonsai.com\/produit\/japanische-zierquitte-chaenomeles-sinensis\/"},"modified":"2024-01-09T11:03:24","modified_gmt":"2024-01-09T10:03:24","slug":"japanische-zierquitte-chaenomeles-sinensis","status":"publish","type":"product","link":"https:\/\/www.tsukibonsai.com\/de\/produit\/japanische-zierquitte-chaenomeles-sinensis\/","title":{"rendered":"Japanische Zierquitte &#8211; Chaenomeles Sinensis"},"content":{"rendered":"<h1>Anbau und Eigenschaften:<\/h1>\n<p>Die Japanische Zierquitte ist ein robuster Baum, einfach zu kultivieren, und wird Sie ab dem Fr\u00fchjahr mit ihren sch\u00f6nen kleinen roten Bl\u00fcten belohnen, die mit ihrem gr\u00fcnen Laub kontrastieren.<\/p>\n<p>Sie widersteht Temperaturen bis -25\u00b0C und passt sich leicht an verschiedene Klimazonen an.<\/p>\n<p>Wir empfehlen einen sonnigen Standort, um die Bl\u00fcte zu f\u00f6rdern. Mit zunehmendem Alter kann dieser Baum Fr\u00fcchte tragen, die roh nicht essbar sind. Es ist wichtig, sie nicht zu lange am Baum zu lassen, um eine Ersch\u00f6pfung zu vermeiden.  <\/p>\n<p>Die Japanische Zierquitte ben\u00f6tigt viel Wasser; sie sollte im Sommer gro\u00dfz\u00fcgig gegossen werden.<\/p>\n<p>Das Umtopfen erfolgt alle 2-3 Jahre in ein gut drainierendes Substrat wie Akadama, Bimsstein oder Sakadama.<\/p>\n<p>Die strukturelle Gr\u00f6\u00dfe wird im Herbst durchgef\u00fchrt, um eine sch\u00f6ne Bl\u00fcte und Verzweigung zu f\u00f6rdern.<\/p>\n<p>Eine D\u00fcngung ist w\u00e4hrend der Wachstumsphase von Fr\u00fchjahr bis Herbst erforderlich.<\/p>\n<p>&nbsp;<\/p>\n<p>&nbsp;<\/p>\n<p>&nbsp;<\/p>\n","protected":false},"excerpt":{"rendered":"<p>Japanische Zierquitte &#8211; Chaenomeles Sinensis<\/p>\n<p>Laubabwerfender, bl\u00fchender und fruchttragender Baum.<\/p>\n<p>Sehr sch\u00f6ne Bl\u00fcte ab dem fr\u00fchen Fr\u00fchjahr.<\/p>\n<p>Einfach zu kultivieren, perfekt f\u00fcr Anf\u00e4nger.<\/p>\n","protected":false},"featured_media":708,"template":"","meta":{"_acf_changed":false},"product_brand":[],"product_cat":[163,164,165,181],"product_tag":[],"class_list":{"0":"post-1501","1":"product","2":"type-product","3":"status-publish","4":"has-post-thumbnail","6":"product_cat-bonsai","7":"product_cat-laubabwerfend","8":"product_cat-mit-blumen-und-fruchten","9":"product_cat-vor-bonsai","11":"first","12":"instock","13":"sale","14":"sold-individually","15":"taxable","16":"shipping-taxable","17":"purchasable","18":"product-type-simple"},"acf":[],"_links":{"self":[{"href":"https:\/\/www.tsukibonsai.com\/de\/wp-json\/wp\/v2\/product\/1501","targetHints":{"allow":["GET"]}}],"collection":[{"href":"https:\/\/www.tsukibonsai.com\/de\/wp-json\/wp\/v2\/product"}],"about":[{"href":"https:\/\/www.tsukibonsai.com\/de\/wp-json\/wp\/v2\/types\/product"}],"wp:featuredmedia":[{"embeddable":true,"href":"https:\/\/www.tsukibonsai.com\/de\/wp-json\/wp\/v2\/media\/708"}],"wp:attachment":[{"href":"https:\/\/www.tsukibonsai.com\/de\/wp-json\/wp\/v2\/media?parent=1501"}],"wp:term":[{"taxonomy":"product_brand","embeddable":true,"href":"https:\/\/www.tsukibonsai.com\/de\/wp-json\/wp\/v2\/product_brand?post=1501"},{"taxonomy":"product_cat","embeddable":true,"href":"https:\/\/www.tsukibonsai.com\/de\/wp-json\/wp\/v2\/product_cat?post=1501"},{"taxonomy":"product_tag","embeddable":true,"href":"https:\/\/www.tsukibonsai.com\/de\/wp-json\/wp\/v2\/product_tag?post=1501"}],"curies":[{"name":"wp","href":"https:\/\/api.w.org\/{rel}","templated":true}]}}