{"id":1630,"date":"2025-04-02T12:02:00","date_gmt":"2025-04-02T10:02:00","guid":{"rendered":"https:\/\/www.tsukibonsai.com\/produit\/feine-schere-dingmu-180mm\/"},"modified":"2025-04-02T12:02:00","modified_gmt":"2025-04-02T10:02:00","slug":"feine-schere-dingmu-180mm","status":"publish","type":"product","link":"https:\/\/www.tsukibonsai.com\/de\/produit\/feine-schere-dingmu-180mm\/","title":{"rendered":"Feine Schere &#8211; Dingmu (180mm)"},"content":{"rendered":"<div>Die 180 mm feine Schere der Marke Dingmu ist ein Werkzeug, das speziell f\u00fcr Bonsai-Liebhaber entwickelt wurde und Pr\u00e4zision mit Qualit\u00e4t verbindet.<\/div>\n<div>Sie eignet sich besonders f\u00fcr filigrane Arbeiten, wie das Schneiden kleiner \u00c4ste oder das Kneifen von Trieben, insbesondere solcher, die sich im Inneren des Blattwerks entwickeln oder zu lang werden.<\/div>\n<div>Mit einer L\u00e4nge von 180 mm ist sie ideal, um pr\u00e4zise Bereiche problemlos zu erreichen, w\u00e4hrend ihr ergonomisches Design sie auch f\u00fcr Personen mit kleinen H\u00e4nden geeignet macht.<\/div>\n<div><\/div>\n<div>\n<div>Hergestellt von Dingmu, einer Marke, die f\u00fcr ihre Bonsai-Werkzeuge bekannt ist, bestehen diese Scheren in der Regel aus hochwertigem Stahl, oft einer Mischung aus rostfreiem Stahl und Kohlenstoffstahl, nach Standards, die von japanischen Techniken inspiriert sind.<\/div>\n<\/div>\n<div><\/div>\n<div>\n<div>Diese Scheren werden oft als hervorragender Kompromiss zwischen Qualit\u00e4t und Preis beschrieben, perfekt f\u00fcr ernsthafte Anf\u00e4nger oder fortgeschrittene Bonsai-Praktiker. Sie sind robust, werden jedoch haupts\u00e4chlich f\u00fcr d\u00fcnne \u00c4ste oder Feinarbeiten empfohlen, eher als f\u00fcr dickere Schnitte, die kr\u00e4ftigere Gartenscheren erfordern. Zusammenfassend ist die Dingmu 180 mm feine Schere ein zuverl\u00e4ssiges, pr\u00e4zises und durchdachtes Werkzeug f\u00fcr die sorgf\u00e4ltige Pflege von Bonsais.  <\/div>\n<\/div>\n","protected":false},"excerpt":{"rendered":"<p>Feine rostfreie Stahlschere chinesischer Herstellung (Dingmu) von hoher Qualit\u00e4t.<\/p>\n<p>L\u00e4nge: 180 mm<\/p>\n<p>Diese Schere ist speziell f\u00fcr das Kneifen (Gr\u00fcnschnitt) oder das Schneiden kleiner \u00c4ste konzipiert.<\/p>\n<p>&nbsp;<\/p>\n<p>&nbsp;<\/p>\n","protected":false},"featured_media":1619,"template":"","meta":{"_acf_changed":false},"product_brand":[],"product_cat":[205,147],"product_tag":[],"class_list":{"0":"post-1630","1":"product","2":"type-product","3":"status-publish","4":"has-post-thumbnail","6":"product_cat-schere","7":"product_cat-werkzeuge-und-zubehor","9":"first","10":"instock","11":"taxable","12":"shipping-taxable","13":"purchasable","14":"product-type-simple"},"acf":[],"_links":{"self":[{"href":"https:\/\/www.tsukibonsai.com\/de\/wp-json\/wp\/v2\/product\/1630","targetHints":{"allow":["GET"]}}],"collection":[{"href":"https:\/\/www.tsukibonsai.com\/de\/wp-json\/wp\/v2\/product"}],"about":[{"href":"https:\/\/www.tsukibonsai.com\/de\/wp-json\/wp\/v2\/types\/product"}],"wp:featuredmedia":[{"embeddable":true,"href":"https:\/\/www.tsukibonsai.com\/de\/wp-json\/wp\/v2\/media\/1619"}],"wp:attachment":[{"href":"https:\/\/www.tsukibonsai.com\/de\/wp-json\/wp\/v2\/media?parent=1630"}],"wp:term":[{"taxonomy":"product_brand","embeddable":true,"href":"https:\/\/www.tsukibonsai.com\/de\/wp-json\/wp\/v2\/product_brand?post=1630"},{"taxonomy":"product_cat","embeddable":true,"href":"https:\/\/www.tsukibonsai.com\/de\/wp-json\/wp\/v2\/product_cat?post=1630"},{"taxonomy":"product_tag","embeddable":true,"href":"https:\/\/www.tsukibonsai.com\/de\/wp-json\/wp\/v2\/product_tag?post=1630"}],"curies":[{"name":"wp","href":"https:\/\/api.w.org\/{rel}","templated":true}]}}