{"id":1643,"date":"2025-04-02T10:50:07","date_gmt":"2025-04-02T08:50:07","guid":{"rendered":"https:\/\/www.tsukibonsai.com\/produit\/kunststoff-drainagegitter-8-stueck\/"},"modified":"2025-04-02T10:50:07","modified_gmt":"2025-04-02T08:50:07","slug":"kunststoff-drainagegitter-8-stueck","status":"publish","type":"product","link":"https:\/\/www.tsukibonsai.com\/de\/produit\/kunststoff-drainagegitter-8-stueck\/","title":{"rendered":"Kunststoff-Drainagegitter (8 St\u00fcck)"},"content":{"rendered":"<p>Japanische Kunststoff-Drainagegitter f\u00fcr Bonsai-T\u00f6pfe.<\/p>\n<p>Diese Gitter gew\u00e4hrleisten eine korrekte Entw\u00e4sserung nach dem Gie\u00dfen und verhindern, dass das im Topf platzierte Substrat sich verteilt.<\/p>\n<p>Der Vorteil von Kunststoff ist, dass das Produkt mit der Zeit nicht rostet und daher f\u00fcr all Ihre zuk\u00fcnftigen Projekte wiederverwendbar ist.<\/p>\n<p>Abmessungen: 78\u00d778 mm<\/p>\n<p>Anzahl: 8 St\u00fcck<\/p>\n<p>Hinweis: Andere Gr\u00f6\u00dfen sind in unserem Shop erh\u00e4ltlich, bitte w\u00e4hlen Sie Ihre Gitter passend zu den L\u00f6chern Ihrer T\u00f6pfe.<\/p>\n","protected":false},"excerpt":{"rendered":"<div class=\"woocommerce-product-details__short-description\">\n<p>Japanische Kunststoff-Drainagegitter f\u00fcr Bonsai-T\u00f6pfe.<\/p>\n<p>Abmessungen: 78\u00d778 mm<\/p>\n<p>8 St\u00fcck<\/p>\n<\/div>\n","protected":false},"featured_media":1614,"template":"","meta":{"_acf_changed":false},"product_brand":[],"product_cat":[182,150,207,147],"product_tag":[],"class_list":{"0":"post-1643","1":"product","2":"type-product","3":"status-publish","4":"has-post-thumbnail","6":"product_cat-anbauzubehor","7":"product_cat-culture-de","8":"product_cat-topfwerkzeuge","9":"product_cat-werkzeuge-und-zubehor","11":"first","12":"instock","13":"taxable","14":"shipping-taxable","15":"purchasable","16":"product-type-simple"},"acf":[],"_links":{"self":[{"href":"https:\/\/www.tsukibonsai.com\/de\/wp-json\/wp\/v2\/product\/1643","targetHints":{"allow":["GET"]}}],"collection":[{"href":"https:\/\/www.tsukibonsai.com\/de\/wp-json\/wp\/v2\/product"}],"about":[{"href":"https:\/\/www.tsukibonsai.com\/de\/wp-json\/wp\/v2\/types\/product"}],"wp:featuredmedia":[{"embeddable":true,"href":"https:\/\/www.tsukibonsai.com\/de\/wp-json\/wp\/v2\/media\/1614"}],"wp:attachment":[{"href":"https:\/\/www.tsukibonsai.com\/de\/wp-json\/wp\/v2\/media?parent=1643"}],"wp:term":[{"taxonomy":"product_brand","embeddable":true,"href":"https:\/\/www.tsukibonsai.com\/de\/wp-json\/wp\/v2\/product_brand?post=1643"},{"taxonomy":"product_cat","embeddable":true,"href":"https:\/\/www.tsukibonsai.com\/de\/wp-json\/wp\/v2\/product_cat?post=1643"},{"taxonomy":"product_tag","embeddable":true,"href":"https:\/\/www.tsukibonsai.com\/de\/wp-json\/wp\/v2\/product_tag?post=1643"}],"curies":[{"name":"wp","href":"https:\/\/api.w.org\/{rel}","templated":true}]}}