{"id":1646,"date":"2025-04-01T11:57:54","date_gmt":"2025-04-01T09:57:54","guid":{"rendered":"https:\/\/www.tsukibonsai.com\/produit\/kishu-wacholder-bonsai-juniperus-chinensis-kishu\/"},"modified":"2025-04-01T11:57:54","modified_gmt":"2025-04-01T09:57:54","slug":"kishu-wacholder-bonsai-juniperus-chinensis-kishu","status":"publish","type":"product","link":"https:\/\/www.tsukibonsai.com\/de\/produit\/kishu-wacholder-bonsai-juniperus-chinensis-kishu\/","title":{"rendered":"Kishu-Wacholder-Bonsai \/ Juniperus Chinensis Kishu"},"content":{"rendered":"<p>Kishu-Wacholder-Bonsai \/ Juniperus Chinensis Kishu, 12 Jahre alt<\/p>\n<p>H\u00f6he des Baums: 29 cm<\/p>\n<p>H\u00f6he des Baums mit Topf: 36 cm<\/p>\n<p>Umfang des Nebari (Wurzelansatz): 7 cm<\/p>\n<h3>Eigenschaften<\/h3>\n<p>Immergr\u00fcner Baum. Er geh\u00f6rt zur Familie der Cupressaceae. <\/p>\n<p>Urspr\u00fcnglich aus Asien stammend, erinnern seine schuppenf\u00f6rmigen Bl\u00e4tter an die seines entfernten Verwandten, der Zypresse.<\/p>\n<p>Mit langsamem Wachstum geh\u00f6rt er zur Familie der Nadelb\u00e4ume.<\/p>\n<h3>Standort<\/h3>\n<p>Baum, der drau\u00dfen an einem sonnigen Platz stehen sollte. Im Hochsommer ist es vorzuziehen, ihn in einem halbschattigen Bereich zu platzieren. <\/p>\n<h3>Bew\u00e4sserung<\/h3>\n<p>Reichlich im Sommer und m\u00e4\u00dfig im Winter; es ist ein Baum, der es sch\u00e4tzt, wenn seine Bl\u00e4tter mit Wasser bespr\u00fcht werden.<\/p>\n<h3>Gr\u00f6\u00dfe<\/h3>\n<p>Der Struktur Gr\u00f6\u00dfe wird Ende Herbst durchgef\u00fchrt, wenn der Saft sinkt. Das Kneifen oder der Gr\u00fcn Gr\u00f6\u00dfe erfolgt w\u00e4hrend der Wachstumsphase; dann m\u00fcssen die jungen Triebe gekniffen werden. <\/p>\n<h3>D\u00fcnger<\/h3>\n<p>Von Fr\u00fchling bis Herbst mit organischem oder chemischem D\u00fcnger, je nach Ihrer Wahl.<\/p>\n<h3>Umtopfen<\/h3>\n<p>Das Umtopfen des Wacholders erfolgt im Fr\u00fchjahr; es ist ratsam, ein drainierendes Substrat wie Akadama und Bimsstein zu w\u00e4hlen. Das Umtopfen erfolgt alle 2 bis 3 Jahre. <\/p>\n<h3>Besonderheit<\/h3>\n<p>Der Wacholder ist zweifellos die am h\u00e4ufigsten verwendete jahrtausendealte Art in der Bonsaikunst. Seine Robustheit, feinen schuppenf\u00f6rmigen Bl\u00e4tter und das Holz erm\u00f6glichen die Schaffung der sch\u00f6nsten und weltweit anerkannten Exemplare. <\/p>\n<p>Der Juniperus Chinensis Kishu gl\u00e4nzt in der Bonsaikunst durch seine Robustheit, sein leuchtend gr\u00fcnes und immergr\u00fcnes Laub sowie seine flexiblen \u00c4ste, die perfekt f\u00fcr elegante und dauerhafte Formen sind.<\/p>\n","protected":false},"excerpt":{"rendered":"<p>Kishu-Wacholder-Bonsai \/ Juniperus Chinensis Kishu, 12 Jahre alt<\/p>\n<p>Au\u00dfen-Bonsai, der in die Sonne gestellt werden soll.<\/p>\n<div>Der Juniperus Chinensis Kishu ist eine au\u00dfergew\u00f6hnliche Wahl f\u00fcr einen Bonsai, gesch\u00e4tzt f\u00fcr seine einzigartigen Eigenschaften, die sowohl Anf\u00e4nger als auch Experten begeistern.<\/div>\n<div>\n<div>Sein immergr\u00fcnes Laub, in einem reichen und lebendigen Gr\u00fcn, bleibt Saison f\u00fcr Saison makellos und bietet konstante Sch\u00f6nheit ohne \u00fcberm\u00e4\u00dfige Anforderungen. Die flexiblen und kompakten \u00c4ste des Kishu eignen sich hervorragend zum Schneiden und Formen, was spektakul\u00e4re Silhouetten erm\u00f6glicht, sei es klassisch oder k\u00fchn. Sein langsames Wachstum ist ein wertvoller Vorteil: Es garantiert eine stabile und dauerhafte Struktur, w\u00e4hrend der Bedarf an h\u00e4ufiger Pflege reduziert wird. Schlie\u00dflich verleiht die strukturierte Rinde, die mit der Zeit verwittert, Tiefe und authentischen Charakter und erinnert an die Weisheit alter B\u00e4ume.   <\/div>\n<\/div>\n<div><\/div>\n<div>VERTRAGLICHE FOTOS<\/div>\n<p>&nbsp;<\/p>\n","protected":false},"featured_media":1539,"template":"","meta":{"_acf_changed":false},"product_brand":[],"product_cat":[163,178],"product_tag":[],"class_list":{"0":"post-1646","1":"product","2":"type-product","3":"status-publish","4":"has-post-thumbnail","6":"product_cat-bonsai","7":"product_cat-nadelbaume","9":"first","10":"instock","11":"taxable","12":"shipping-taxable","13":"purchasable","14":"product-type-simple"},"acf":[],"_links":{"self":[{"href":"https:\/\/www.tsukibonsai.com\/de\/wp-json\/wp\/v2\/product\/1646","targetHints":{"allow":["GET"]}}],"collection":[{"href":"https:\/\/www.tsukibonsai.com\/de\/wp-json\/wp\/v2\/product"}],"about":[{"href":"https:\/\/www.tsukibonsai.com\/de\/wp-json\/wp\/v2\/types\/product"}],"wp:featuredmedia":[{"embeddable":true,"href":"https:\/\/www.tsukibonsai.com\/de\/wp-json\/wp\/v2\/media\/1539"}],"wp:attachment":[{"href":"https:\/\/www.tsukibonsai.com\/de\/wp-json\/wp\/v2\/media?parent=1646"}],"wp:term":[{"taxonomy":"product_brand","embeddable":true,"href":"https:\/\/www.tsukibonsai.com\/de\/wp-json\/wp\/v2\/product_brand?post=1646"},{"taxonomy":"product_cat","embeddable":true,"href":"https:\/\/www.tsukibonsai.com\/de\/wp-json\/wp\/v2\/product_cat?post=1646"},{"taxonomy":"product_tag","embeddable":true,"href":"https:\/\/www.tsukibonsai.com\/de\/wp-json\/wp\/v2\/product_tag?post=1646"}],"curies":[{"name":"wp","href":"https:\/\/api.w.org\/{rel}","templated":true}]}}