{"id":1652,"date":"2025-04-01T15:11:03","date_gmt":"2025-04-01T13:11:03","guid":{"rendered":"https:\/\/www.tsukibonsai.com\/produit\/japanische-giesskanne-aus-kunststoff-4l\/"},"modified":"2025-04-01T15:11:03","modified_gmt":"2025-04-01T13:11:03","slug":"japanische-giesskanne-aus-kunststoff-4l","status":"publish","type":"product","link":"https:\/\/www.tsukibonsai.com\/de\/produit\/japanische-giesskanne-aus-kunststoff-4l\/","title":{"rendered":"Japanische Gie\u00dfkanne aus Kunststoff (4L)"},"content":{"rendered":"<p>Japanische Gie\u00dfkanne aus Kunststoff mit einem Fassungsverm\u00f6gen von 4 Litern.<\/p>\n<p>Ausgestattet mit hochwertigem Kunststoff und einer sehr feinen metallenen Gie\u00dfbrause, ist diese Gie\u00dfkanne speziell daf\u00fcr entwickelt, bei der Bew\u00e4sserung leichten Regen zu imitieren.<\/p>\n<p>Tats\u00e4chlich haben die meisten Gie\u00dfkannen eine Brause, die viel mehr Wasser verteilt, was zu einer Perforation Ihres Substrats oder sogar zu einem \u00dcberlaufen aus dem Topf f\u00fchren kann.<\/p>\n<p>&nbsp;<\/p>\n","protected":false},"excerpt":{"rendered":"<p>Japanische Gie\u00dfkanne mit einem Fassungsverm\u00f6gen von 4 Litern, ausgestattet mit einer sehr feinen metallenen Gie\u00dfbrause.<\/p>\n","protected":false},"featured_media":1573,"template":"","meta":{"_acf_changed":false},"product_brand":[],"product_cat":[182,150,238,249,207,206,147],"product_tag":[],"class_list":{"0":"post-1652","1":"product","2":"type-product","3":"status-publish","4":"has-post-thumbnail","6":"product_cat-anbauzubehor","7":"product_cat-culture-de","8":"product_cat-pflege","9":"product_cat-pflegezubehor-spruhgerat-etc","10":"product_cat-topfwerkzeuge","11":"product_cat-verschiedenes","12":"product_cat-werkzeuge-und-zubehor","14":"first","15":"instock","16":"taxable","17":"shipping-taxable","18":"purchasable","19":"product-type-simple"},"acf":[],"_links":{"self":[{"href":"https:\/\/www.tsukibonsai.com\/de\/wp-json\/wp\/v2\/product\/1652","targetHints":{"allow":["GET"]}}],"collection":[{"href":"https:\/\/www.tsukibonsai.com\/de\/wp-json\/wp\/v2\/product"}],"about":[{"href":"https:\/\/www.tsukibonsai.com\/de\/wp-json\/wp\/v2\/types\/product"}],"wp:featuredmedia":[{"embeddable":true,"href":"https:\/\/www.tsukibonsai.com\/de\/wp-json\/wp\/v2\/media\/1573"}],"wp:attachment":[{"href":"https:\/\/www.tsukibonsai.com\/de\/wp-json\/wp\/v2\/media?parent=1652"}],"wp:term":[{"taxonomy":"product_brand","embeddable":true,"href":"https:\/\/www.tsukibonsai.com\/de\/wp-json\/wp\/v2\/product_brand?post=1652"},{"taxonomy":"product_cat","embeddable":true,"href":"https:\/\/www.tsukibonsai.com\/de\/wp-json\/wp\/v2\/product_cat?post=1652"},{"taxonomy":"product_tag","embeddable":true,"href":"https:\/\/www.tsukibonsai.com\/de\/wp-json\/wp\/v2\/product_tag?post=1652"}],"curies":[{"name":"wp","href":"https:\/\/api.w.org\/{rel}","templated":true}]}}