{"id":1655,"date":"2025-04-01T15:33:07","date_gmt":"2025-04-01T13:33:07","guid":{"rendered":"https:\/\/www.tsukibonsai.com\/produit\/chilenisches-torfmoos-1-kg\/"},"modified":"2025-04-01T15:33:07","modified_gmt":"2025-04-01T13:33:07","slug":"chilenisches-torfmoos-1-kg","status":"publish","type":"product","link":"https:\/\/www.tsukibonsai.com\/de\/produit\/chilenisches-torfmoos-1-kg\/","title":{"rendered":"Chilenisches Torfmoos (1 kg)"},"content":{"rendered":"<p>Chilenisches Torfmoos ist ein Moos, das sich durch seine sehr hohe Wasserretention auszeichnet.<\/p>\n<p>Es pr\u00e4sentiert sich als Substrat, das Sie beim Umtopfen oder beim Ablagen an einem Baum verwenden k\u00f6nnen.<\/p>\n<p>Dank seiner starken F\u00e4higkeit, Feuchtigkeit zu speichern, verhindert es das Austrocknen Ihres Substrats und somit Ihrer Wurzeln.<\/p>\n<p>Es kann daher auch f\u00fcr bestimmte Baumarten verwendet werden, die empfindlich auf schnelles Austrocknen der Wurzeln reagieren.<\/p>\n<p>Zum Beispiel, wenn Sie in den Urlaub fahren oder an einem hei\u00dfen Sommertag, z\u00f6gern Sie nicht, dieses zuvor befeuchtete Moos \u00fcber Ihr Substrat zu verteilen, damit Sie beruhigt abreisen k\u00f6nnen.<\/p>\n<p>Ballen von 1 kg (50 Liter).<\/p>\n","protected":false},"excerpt":{"rendered":"<div class=\"woocommerce-product-details__short-description\">\n<p>Chilenisches Torfmoos von Premiumqualit\u00e4t. <\/p>\n<p>Das Torfmoos dient als Substrat mit sehr hoher Wasserretention. <\/p>\n<p>Tats\u00e4chlich kann es bis zu 20-mal sein Eigengewicht an Wasser speichern (150 g trockenes Produkt entsprechen 3 kg befeuchtet). <\/p>\n<p>Ballen von 1 kg (50 Liter).<\/p>\n<\/div>\n","protected":false},"featured_media":1579,"template":"","meta":{"_acf_changed":false},"product_brand":[],"product_cat":[182,150,238,249,202],"product_tag":[],"class_list":{"0":"post-1655","1":"product","2":"type-product","3":"status-publish","4":"has-post-thumbnail","6":"product_cat-anbauzubehor","7":"product_cat-culture-de","8":"product_cat-pflege","9":"product_cat-pflegezubehor-spruhgerat-etc","10":"product_cat-substrate-boden","12":"first","13":"instock","14":"taxable","15":"shipping-taxable","16":"purchasable","17":"product-type-simple"},"acf":[],"_links":{"self":[{"href":"https:\/\/www.tsukibonsai.com\/de\/wp-json\/wp\/v2\/product\/1655","targetHints":{"allow":["GET"]}}],"collection":[{"href":"https:\/\/www.tsukibonsai.com\/de\/wp-json\/wp\/v2\/product"}],"about":[{"href":"https:\/\/www.tsukibonsai.com\/de\/wp-json\/wp\/v2\/types\/product"}],"wp:featuredmedia":[{"embeddable":true,"href":"https:\/\/www.tsukibonsai.com\/de\/wp-json\/wp\/v2\/media\/1579"}],"wp:attachment":[{"href":"https:\/\/www.tsukibonsai.com\/de\/wp-json\/wp\/v2\/media?parent=1655"}],"wp:term":[{"taxonomy":"product_brand","embeddable":true,"href":"https:\/\/www.tsukibonsai.com\/de\/wp-json\/wp\/v2\/product_brand?post=1655"},{"taxonomy":"product_cat","embeddable":true,"href":"https:\/\/www.tsukibonsai.com\/de\/wp-json\/wp\/v2\/product_cat?post=1655"},{"taxonomy":"product_tag","embeddable":true,"href":"https:\/\/www.tsukibonsai.com\/de\/wp-json\/wp\/v2\/product_tag?post=1655"}],"curies":[{"name":"wp","href":"https:\/\/api.w.org\/{rel}","templated":true}]}}