{"id":1688,"date":"2025-04-01T16:27:03","date_gmt":"2025-04-01T14:27:03","guid":{"rendered":"https:\/\/www.tsukibonsai.com\/produit\/ketoh-tsuchi-erde-10l\/"},"modified":"2025-04-01T16:27:03","modified_gmt":"2025-04-01T14:27:03","slug":"ketoh-tsuchi-erde-10l","status":"publish","type":"product","link":"https:\/\/www.tsukibonsai.com\/de\/produit\/ketoh-tsuchi-erde-10l\/","title":{"rendered":"Ketoh Tsuchi Erde (10L)"},"content":{"rendered":"<p>Die Ketoh-Erde ist ein schwarzer, klebriger Ton, importiert aus Japan, geerntet aus Reisfeldern.<br \/>\nReich an organischem Material, ist sie ideal, um Bonsais auf Felsen zu fixieren oder R\u00e4nder zu gestalten, wodurch verhindert wird, dass das Substrat beim Gie\u00dfen wegsp\u00fclt.<br \/>\nSie wird auch zur Herstellung von Kokedama verwendet, einer Art Kugel, die aus Ketoh, Sphagnum und Akadama gefertigt wird und auf der kleine Stauden oder kleine Str\u00e4ucher gepflanzt werden.<\/p>\n","protected":false},"excerpt":{"rendered":"<p>Ketoh-Erde importiert aus Japan.<\/p>\n<p>Diese wird \u00fcblicherweise f\u00fcr Bonsai-Kompositionen auf Felsen oder zur Herstellung von Kokedama verwendet.<\/p>\n<p>Sack mit 10L oder 9 kg (variiert je nach Feuchtigkeitsgehalt).<\/p>\n","protected":false},"featured_media":1593,"template":"","meta":{"_acf_changed":false},"product_brand":[],"product_cat":[182,150,202],"product_tag":[],"class_list":{"0":"post-1688","1":"product","2":"type-product","3":"status-publish","4":"has-post-thumbnail","6":"product_cat-anbauzubehor","7":"product_cat-culture-de","8":"product_cat-substrate-boden","10":"first","11":"instock","12":"taxable","13":"shipping-taxable","14":"purchasable","15":"product-type-simple"},"acf":[],"_links":{"self":[{"href":"https:\/\/www.tsukibonsai.com\/de\/wp-json\/wp\/v2\/product\/1688","targetHints":{"allow":["GET"]}}],"collection":[{"href":"https:\/\/www.tsukibonsai.com\/de\/wp-json\/wp\/v2\/product"}],"about":[{"href":"https:\/\/www.tsukibonsai.com\/de\/wp-json\/wp\/v2\/types\/product"}],"wp:featuredmedia":[{"embeddable":true,"href":"https:\/\/www.tsukibonsai.com\/de\/wp-json\/wp\/v2\/media\/1593"}],"wp:attachment":[{"href":"https:\/\/www.tsukibonsai.com\/de\/wp-json\/wp\/v2\/media?parent=1688"}],"wp:term":[{"taxonomy":"product_brand","embeddable":true,"href":"https:\/\/www.tsukibonsai.com\/de\/wp-json\/wp\/v2\/product_brand?post=1688"},{"taxonomy":"product_cat","embeddable":true,"href":"https:\/\/www.tsukibonsai.com\/de\/wp-json\/wp\/v2\/product_cat?post=1688"},{"taxonomy":"product_tag","embeddable":true,"href":"https:\/\/www.tsukibonsai.com\/de\/wp-json\/wp\/v2\/product_tag?post=1688"}],"curies":[{"name":"wp","href":"https:\/\/api.w.org\/{rel}","templated":true}]}}