{"id":1694,"date":"2025-04-01T16:57:45","date_gmt":"2025-04-01T14:57:45","guid":{"rendered":"https:\/\/www.tsukibonsai.com\/produit\/kanuma-harte-qualitaet-5-10mm\/"},"modified":"2025-04-01T16:57:45","modified_gmt":"2025-04-01T14:57:45","slug":"kanuma-harte-qualitaet-5-10mm","status":"publish","type":"product","link":"https:\/\/www.tsukibonsai.com\/de\/produit\/kanuma-harte-qualitaet-5-10mm\/","title":{"rendered":"Kanuma harte Qualit\u00e4t (5-10mm)"},"content":{"rendered":"<div>\n<div class=\"css-175oi2r r-1wbh5a2 r-11niif6 r-13qz1uu\">\n<div class=\"css-175oi2r r-3pj75a\">\n<div class=\"css-175oi2r\">\n<div class=\"css-146c3p1 r-bcqeeo r-1ttztb7 r-qvutc0 r-37j5jr r-a023e6 r-16dba41 r-1adg3ll r-1b5gpbm r-a8ghvy\" dir=\"ltr\"><span class=\"css-1jxf684 r-bcqeeo r-1ttztb7 r-qvutc0 r-poiln3\"><span class=\"css-1jxf684 r-bcqeeo r-1ttztb7 r-qvutc0 r-poiln3 r-a8ghvy\">Das Kanuma-Substrat, das aus den vulkanischen B\u00f6den der Kanuma-Region in Japan stammt, ist eine bevorzugte Wahl in der Bonsaikunst, insbesondere f\u00fcr s\u00e4ureliebende Arten wie Azaleen, Kamelien oder bestimmte Ahornb\u00e4ume. Hier ist eine umfassende Liste seiner Vorteile, mit besonderem Fokus auf seine Auswirkungen auf die Wurzelverzweigung und die daraus resultierenden Vorteile: <\/span><\/span><\/div>\n<ol dir=\"ltr\" start=\"1\">\n<li>\n<div class=\"css-146c3p1 r-bcqeeo r-1ttztb7 r-qvutc0 r-37j5jr r-a023e6 r-rjixqe r-16dba41\" dir=\"ltr\"><span class=\"css-1jxf684 r-bcqeeo r-1ttztb7 r-qvutc0 r-poiln3 r-b88u0q r-a8ghvy\"><span class=\"css-1jxf684 r-bcqeeo r-1ttztb7 r-qvutc0 r-poiln3\"><span class=\"css-1jxf684 r-bcqeeo r-1ttztb7 r-qvutc0 r-poiln3 r-a8ghvy\">Nat\u00fcrlich saurer pH-Wert (5,0 bis 6,0)<\/span><\/span><\/span><span class=\"css-1jxf684 r-bcqeeo r-1ttztb7 r-qvutc0 r-poiln3 r-a8ghvy\"><span class=\"css-1jxf684 r-bcqeeo r-1ttztb7 r-qvutc0 r-poiln3\"> : Kanuma ist ideal f\u00fcr Bonsais, die in sauren Bedingungen gedeihen. Diese Umgebung f\u00f6rdert die optimale Aufnahme essentieller N\u00e4hrstoffe (wie Eisen und Magnesium), regt ein gesundes Wurzelwachstum an und f\u00f6rdert die Bildung feiner Wurzelhaare, wodurch die Verzweigung zunimmt. <\/span><\/span><\/div>\n<\/li>\n<li>\n<div class=\"css-146c3p1 r-bcqeeo r-1ttztb7 r-qvutc0 r-37j5jr r-a023e6 r-rjixqe r-16dba41\" dir=\"ltr\"><span class=\"css-1jxf684 r-bcqeeo r-1ttztb7 r-qvutc0 r-poiln3 r-b88u0q r-a8ghvy\"><span class=\"css-1jxf684 r-bcqeeo r-1ttztb7 r-qvutc0 r-poiln3\"><span class=\"css-1jxf684 r-bcqeeo r-1ttztb7 r-qvutc0 r-poiln3 r-a8ghvy\">Hervorragende Drainage<\/span><\/span><\/span><span class=\"css-1jxf684 r-bcqeeo r-1ttztb7 r-qvutc0 r-poiln3 r-a8ghvy\"><span class=\"css-1jxf684 r-bcqeeo r-1ttztb7 r-qvutc0 r-poiln3\"> : Seine por\u00f6se und leichte Struktur erm\u00f6glicht einen schnellen Wasserabfluss und verhindert Feuchtigkeitsansammlungen, die die Wurzeln ersticken k\u00f6nnten. Diese effiziente Drainage regt die Wurzeln an, sich weiter zu verzweigen, um das Substrat zu erkunden, und schafft ein dichtes und funktionales Wurzelnetzwerk, das f\u00fcr kleine Bonsait\u00f6pfe geeignet ist. <\/span><\/span><\/div>\n<\/li>\n<li>\n<div class=\"css-146c3p1 r-bcqeeo r-1ttztb7 r-qvutc0 r-37j5jr r-a023e6 r-rjixqe r-16dba41\" dir=\"ltr\"><span class=\"css-1jxf684 r-bcqeeo r-1ttztb7 r-qvutc0 r-poiln3 r-b88u0q r-a8ghvy\"><span class=\"css-1jxf684 r-bcqeeo r-1ttztb7 r-qvutc0 r-poiln3\"><span class=\"css-1jxf684 r-bcqeeo r-1ttztb7 r-qvutc0 r-poiln3 r-a8ghvy\">Moderate Wasserretention<\/span><\/span><\/span><span class=\"css-1jxf684 r-bcqeeo r-1ttztb7 r-qvutc0 r-poiln3 r-a8ghvy\"><span class=\"css-1jxf684 r-bcqeeo r-1ttztb7 r-qvutc0 r-poiln3\"> : Obwohl es gut abflie\u00dft, speichert Kanuma genug Feuchtigkeit, um die Wurzeln zwischen den Gie\u00dfvorg\u00e4ngen hydratisiert zu halten. Diese konstante, aber kontrollierte Feuchtigkeit f\u00f6rdert die Entwicklung feiner Kapillarwurzeln, die f\u00fcr eine \u00fcppige Verzweigung und eine bessere N\u00e4hrstoffaufnahme unerl\u00e4sslich sind. <\/span><\/span><\/div>\n<\/li>\n<li>\n<div class=\"css-146c3p1 r-bcqeeo r-1ttztb7 r-qvutc0 r-37j5jr r-a023e6 r-rjixqe r-16dba41\" dir=\"ltr\"><span class=\"css-1jxf684 r-bcqeeo r-1ttztb7 r-qvutc0 r-poiln3 r-b88u0q r-a8ghvy\"><span class=\"css-1jxf684 r-bcqeeo r-1ttztb7 r-qvutc0 r-poiln3\"><span class=\"css-1jxf684 r-bcqeeo r-1ttztb7 r-qvutc0 r-poiln3 r-a8ghvy\">Optimale Bel\u00fcftung<\/span><\/span><\/span><span class=\"css-1jxf684 r-bcqeeo r-1ttztb7 r-qvutc0 r-poiln3 r-a8ghvy\"><span class=\"css-1jxf684 r-bcqeeo r-1ttztb7 r-qvutc0 r-poiln3\"> : Dank seiner k\u00f6rnigen und luftigen Textur sorgt Kanuma f\u00fcr eine hervorragende Luftzirkulation um die Wurzeln herum. Diese Sauerstoffversorgung regt die Zellteilung bei den Wurzelhaaren an, was zu einer dichteren Verzweigung und einem kr\u00e4ftigen Wurzelsystem f\u00fchrt, das ein harmonisches oberirdisches Wachstum unterst\u00fctzt. <\/span><\/span><\/div>\n<\/li>\n<li>\n<div class=\"css-146c3p1 r-bcqeeo r-1ttztb7 r-qvutc0 r-37j5jr r-a023e6 r-rjixqe r-16dba41\" dir=\"ltr\"><span class=\"css-1jxf684 r-bcqeeo r-1ttztb7 r-qvutc0 r-poiln3 r-b88u0q r-a8ghvy\"><span class=\"css-1jxf684 r-bcqeeo r-1ttztb7 r-qvutc0 r-poiln3\"><span class=\"css-1jxf684 r-bcqeeo r-1ttztb7 r-qvutc0 r-poiln3 r-a8ghvy\">Stimulation der Wurzelverzweigung<\/span><\/span><\/span><span class=\"css-1jxf684 r-bcqeeo r-1ttztb7 r-qvutc0 r-poiln3 r-a8ghvy\"><span class=\"css-1jxf684 r-bcqeeo r-1ttztb7 r-qvutc0 r-poiln3\"> : Die Porosit\u00e4t und leichte Br\u00f6ckeligkeit von Kanuma \u00fcben sanften Druck auf die Wurzeln aus und regen sie dazu an, sich in feinere Verzweigungen aufzuteilen, anstatt sich in die L\u00e4nge zu strecken. Dieses Ph\u00e4nomen verst\u00e4rkt die Kompaktheit des Wurzelsystems \u2013 ein gro\u00dfer Vorteil im begrenzten Raum eines Bonsaitopfs \u2013 und verbessert die Effizienz der N\u00e4hrstoff- und Wasseraufnahme. <\/span><\/span><\/div>\n<\/li>\n<li>\n<div class=\"css-146c3p1 r-bcqeeo r-1ttztb7 r-qvutc0 r-37j5jr r-a023e6 r-rjixqe r-16dba41\" dir=\"ltr\"><span class=\"css-1jxf684 r-bcqeeo r-1ttztb7 r-qvutc0 r-poiln3 r-b88u0q r-a8ghvy\"><span class=\"css-1jxf684 r-bcqeeo r-1ttztb7 r-qvutc0 r-poiln3\"><span class=\"css-1jxf684 r-bcqeeo r-1ttztb7 r-qvutc0 r-poiln3 r-a8ghvy\">Physische Stabilit\u00e4t<\/span><\/span><\/span><span class=\"css-1jxf684 r-bcqeeo r-1ttztb7 r-qvutc0 r-poiln3 r-a8ghvy\"><span class=\"css-1jxf684 r-bcqeeo r-1ttztb7 r-qvutc0 r-poiln3\"> : Obwohl weicher als Akadama, beh\u00e4lt Kanuma \u00fcber mehrere Saisons hinweg eine gute strukturelle Integrit\u00e4t und bietet stabilen Halt f\u00fcr sich entwickelnde Wurzeln. Diese Stabilit\u00e4t reduziert Stress beim Umtopfen und erm\u00f6glicht eine schrittweise, nachhaltige Verzweigung. <\/span><\/span><\/div>\n<\/li>\n<li>\n<div class=\"css-146c3p1 r-bcqeeo r-1ttztb7 r-qvutc0 r-37j5jr r-a023e6 r-rjixqe r-16dba41\" dir=\"ltr\"><span class=\"css-1jxf684 r-bcqeeo r-1ttztb7 r-qvutc0 r-poiln3 r-b88u0q r-a8ghvy\"><span class=\"css-1jxf684 r-bcqeeo r-1ttztb7 r-qvutc0 r-poiln3\"><span class=\"css-1jxf684 r-bcqeeo r-1ttztb7 r-qvutc0 r-poiln3 r-a8ghvy\">Helle und \u00e4sthetische Farbe<\/span><\/span><\/span><span class=\"css-1jxf684 r-bcqeeo r-1ttztb7 r-qvutc0 r-poiln3 r-a8ghvy\"><span class=\"css-1jxf684 r-bcqeeo r-1ttztb7 r-qvutc0 r-poiln3\"> :: Sein hellgelber oder beiger Farbton verleiht einen hellen, nat\u00fcrlichen optischen Akzent, der die Sch\u00f6nheit des Bonsais unterstreicht und es erleichtert, trockene oder feuchte Bereiche f\u00fcr pr\u00e4zises Gie\u00dfen zu erkennen.<\/span><\/span><\/div>\n<\/li>\n<li>\n<div class=\"css-146c3p1 r-bcqeeo r-1ttztb7 r-qvutc0 r-37j5jr r-a023e6 r-rjixqe r-16dba41\" dir=\"ltr\"><span class=\"css-1jxf684 r-bcqeeo r-1ttztb7 r-qvutc0 r-poiln3 r-b88u0q r-a8ghvy\"><span class=\"css-1jxf684 r-bcqeeo r-1ttztb7 r-qvutc0 r-poiln3\"><span class=\"css-1jxf684 r-bcqeeo r-1ttztb7 r-qvutc0 r-poiln3 r-a8ghvy\">Anpassungsf\u00e4higkeit an spezifische Arten<\/span><\/span><\/span><span class=\"css-1jxf684 r-bcqeeo r-1ttztb7 r-qvutc0 r-poiln3 r-a8ghvy\"><span class=\"css-1jxf684 r-bcqeeo r-1ttztb7 r-qvutc0 r-poiln3\"> : F\u00fcr s\u00e4ureliebende Pflanzen konzipiert, erf\u00fcllt Kanuma die genauen Bed\u00fcrfnisse dieser Bonsais und optimiert ihre allgemeine Gesundheit. Eine gesunde Pflanze entwickelt ein robusteres und verzweigteres Wurzelsystem, was zu gr\u00f6\u00dferer Widerstandsf\u00e4higkeit und Langlebigkeit f\u00fchrt. <\/span><\/span><\/div>\n<\/li>\n<li>\n<div class=\"css-146c3p1 r-bcqeeo r-1ttztb7 r-qvutc0 r-37j5jr r-a023e6 r-rjixqe r-16dba41\" dir=\"ltr\"><span class=\"css-1jxf684 r-bcqeeo r-1ttztb7 r-qvutc0 r-poiln3 r-b88u0q r-a8ghvy\"><span class=\"css-1jxf684 r-bcqeeo r-1ttztb7 r-qvutc0 r-poiln3\"><span class=\"css-1jxf684 r-bcqeeo r-1ttztb7 r-qvutc0 r-poiln3 r-a8ghvy\">Nat\u00fcrlicher vulkanischer Ursprung<\/span><\/span><\/span><span class=\"css-1jxf684 r-bcqeeo r-1ttztb7 r-qvutc0 r-poiln3 r-a8ghvy\"><span class=\"css-1jxf684 r-bcqeeo r-1ttztb7 r-qvutc0 r-poiln3\"> : Aus vulkanischen Ablagerungen gewonnen, ist Kanuma reich an Mineralien, die langsam freigesetzt werden und die Wurzeln n\u00e4hren, ohne \u00fcberm\u00e4\u00dfige D\u00fcngung zu erfordern. Diese subtile N\u00e4hrstoffversorgung unterst\u00fctzt eine gesunde und ausgewogene Verzweigung. <\/span><\/span><\/div>\n<\/li>\n<\/ol>\n<div class=\"css-146c3p1 r-bcqeeo r-1ttztb7 r-qvutc0 r-37j5jr r-a023e6 r-16dba41 r-1adg3ll r-1b5gpbm r-a8ghvy\" dir=\"ltr\"><span class=\"css-1jxf684 r-bcqeeo r-1ttztb7 r-qvutc0 r-poiln3\"><span class=\"css-1jxf684 r-bcqeeo r-1ttztb7 r-qvutc0 r-poiln3 r-b88u0q r-a8ghvy\"><span class=\"css-1jxf684 r-bcqeeo r-1ttztb7 r-qvutc0 r-poiln3 r-a8ghvy\">Spezifischer Vorteil f\u00fcr die Wurzeln<\/span><\/span><span class=\"css-1jxf684 r-bcqeeo r-1ttztb7 r-qvutc0 r-poiln3 r-a8ghvy\"> : Kanuma zeichnet sich durch die F\u00f6rderung einer feinen, dichten Wurzelverzweigung aus, was besonders f\u00fcr s\u00e4ureliebende Bonsais vorteilhaft ist. Dieses kompakte, effiziente Wurzelnetzwerk maximiert die N\u00e4hrstoff- und Wasseraufnahme in begrenztem Raum, st\u00e4rkt die Stabilit\u00e4t des Baums und seine F\u00e4higkeit, dichtes Laub oder \u00fcppige Bl\u00fcten (wie bei Azaleen) zu tragen. Eine erh\u00f6hte Verzweigung bedeutet auch eine bessere Verteilung der Ressourcen, was das Risiko schwacher oder unterentwickelter Wurzelzonen reduziert und zuk\u00fcnftige Formgebung oder Umtopfungen erleichtert.  <\/span><\/span><\/div>\n<div class=\"css-146c3p1 r-bcqeeo r-1ttztb7 r-qvutc0 r-37j5jr r-a023e6 r-16dba41 r-1adg3ll r-a8ghvy r-p1pxzi\" dir=\"ltr\"><span class=\"css-1jxf684 r-bcqeeo r-1ttztb7 r-qvutc0 r-poiln3\"><span class=\"css-1jxf684 r-bcqeeo r-1ttztb7 r-qvutc0 r-poiln3 r-a8ghvy\">Zusammenfassend l\u00e4sst sich sagen, dass die Verwendung von Kanuma als Substrat in der Bonsai-Kunst eine ma\u00dfgeschneiderte Umgebung f\u00fcr angepasste Arten bietet, mit st\u00e4rker verzweigten, ges\u00fcnderen Wurzeln, die besser in der Lage sind, die Sch\u00f6nheit und Langlebigkeit des Baumes zu unterst\u00fctzen. Es ist ein unverzichtbarer Verb\u00fcndeter f\u00fcr Bonsa\u00efka, die Leistung und \u00c4sthetik verbinden m\u00f6chten. <\/span><\/span><\/div>\n<\/div>\n<\/div>\n<\/div>\n<div class=\"css-175oi2r r-18u37iz r-1wtj0ep r-1s2bzr4 r-11niif6 r-1udh08x r-3pj75a r-bnwqim r-13qz1uu\">\n<div class=\"css-175oi2r r-1habvwh r-1h0z5md\">\n<div class=\"css-175oi2r r-1awozwy r-18u37iz r-1wtj0ep r-13qz1uu\">\n<div class=\"css-175oi2r r-1awozwy r-18u37iz r-1cmwbt1\">\n<div class=\"css-175oi2r r-18u37iz r-1cmwbt1\"><\/div>\n<\/div>\n<\/div>\n<\/div>\n<\/div>\n<\/div>\n","protected":false},"excerpt":{"rendered":"<p>Kanuma in S\u00e4cken von 17 L oder 6 kg<\/p>\n<p>K\u00f6rnigkeit: 5-10mm<\/p>\n<div>Aus den reichen vulkanischen B\u00f6den der Kanuma-Region stammend, ist dieser leichte, por\u00f6se Ton ein Schatz f\u00fcr s\u00e4ureliebende Arten wie Azaleen oder Kamelien. Mit seinem nat\u00fcrlich sauren pH-Wert schafft er eine perfekte Umgebung f\u00fcr gedeihende Wurzeln, w\u00e4hrend er tadellose Drainage und subtil dosierte Wasserretention bietet. <\/div>\n","protected":false},"featured_media":1603,"template":"","meta":{"_acf_changed":false},"product_brand":[],"product_cat":[150,202],"product_tag":[],"class_list":{"0":"post-1694","1":"product","2":"type-product","3":"status-publish","4":"has-post-thumbnail","6":"product_cat-culture-de","7":"product_cat-substrate-boden","9":"first","10":"instock","11":"taxable","12":"shipping-taxable","13":"purchasable","14":"product-type-simple"},"acf":[],"_links":{"self":[{"href":"https:\/\/www.tsukibonsai.com\/de\/wp-json\/wp\/v2\/product\/1694","targetHints":{"allow":["GET"]}}],"collection":[{"href":"https:\/\/www.tsukibonsai.com\/de\/wp-json\/wp\/v2\/product"}],"about":[{"href":"https:\/\/www.tsukibonsai.com\/de\/wp-json\/wp\/v2\/types\/product"}],"wp:featuredmedia":[{"embeddable":true,"href":"https:\/\/www.tsukibonsai.com\/de\/wp-json\/wp\/v2\/media\/1603"}],"wp:attachment":[{"href":"https:\/\/www.tsukibonsai.com\/de\/wp-json\/wp\/v2\/media?parent=1694"}],"wp:term":[{"taxonomy":"product_brand","embeddable":true,"href":"https:\/\/www.tsukibonsai.com\/de\/wp-json\/wp\/v2\/product_brand?post=1694"},{"taxonomy":"product_cat","embeddable":true,"href":"https:\/\/www.tsukibonsai.com\/de\/wp-json\/wp\/v2\/product_cat?post=1694"},{"taxonomy":"product_tag","embeddable":true,"href":"https:\/\/www.tsukibonsai.com\/de\/wp-json\/wp\/v2\/product_tag?post=1694"}],"curies":[{"name":"wp","href":"https:\/\/api.w.org\/{rel}","templated":true}]}}