{"id":1697,"date":"2025-04-01T17:29:35","date_gmt":"2025-04-01T15:29:35","guid":{"rendered":"https:\/\/www.tsukibonsai.com\/produit\/pumice-bimsstein-3-8mm\/"},"modified":"2025-04-01T17:29:35","modified_gmt":"2025-04-01T15:29:35","slug":"pumice-bimsstein-3-8mm","status":"publish","type":"product","link":"https:\/\/www.tsukibonsai.com\/de\/produit\/pumice-bimsstein-3-8mm\/","title":{"rendered":"Pumice \/ Bimsstein (3-8mm)"},"content":{"rendered":"<div>\n<div class=\"css-146c3p1 r-bcqeeo r-1ttztb7 r-qvutc0 r-37j5jr r-a023e6 r-16dba41 r-1adg3ll r-1b5gpbm r-a8ghvy\" dir=\"ltr\"><span class=\"css-1jxf684 r-bcqeeo r-1ttztb7 r-qvutc0 r-poiln3\"><span class=\"css-1jxf684 r-bcqeeo r-1ttztb7 r-qvutc0 r-poiln3 r-a8ghvy\">Bimsstein (pumice) ist ein vulkanisches Substrat, das in der Bonsaikunst hoch gesch\u00e4tzt wird wegen seiner einzigartigen Eigenschaften, die es zu einer vielseitigen und leistungsstarken Wahl f\u00fcr eine Vielzahl von Arten machen. Hier ist eine umfassende Liste seiner Vorteile, mit besonderem Fokus auf seine Wirkung auf die Wurzelverzweigung und die daraus resultierenden Vorteile: <\/span><\/span><\/div>\n<ol dir=\"ltr\" start=\"1\">\n<li>\n<div class=\"css-146c3p1 r-bcqeeo r-1ttztb7 r-qvutc0 r-37j5jr r-a023e6 r-rjixqe r-16dba41\" dir=\"ltr\"><span class=\"css-1jxf684 r-bcqeeo r-1ttztb7 r-qvutc0 r-poiln3 r-b88u0q r-a8ghvy\"><span class=\"css-1jxf684 r-bcqeeo r-1ttztb7 r-qvutc0 r-poiln3\"><span class=\"css-1jxf684 r-bcqeeo r-1ttztb7 r-qvutc0 r-poiln3 r-a8ghvy\">Hervorragende Drainage<\/span><\/span><\/span><span class=\"css-1jxf684 r-bcqeeo r-1ttztb7 r-qvutc0 r-poiln3 r-a8ghvy\"><span class=\"css-1jxf684 r-bcqeeo r-1ttztb7 r-qvutc0 r-poiln3\"> : Dank seiner stark por\u00f6sen und unregelm\u00e4\u00dfigen Struktur leitet Bimsstein \u00fcbersch\u00fcssiges Wasser schnell ab und verhindert Stagnation, die den Wurzeln schaden k\u00f6nnte. Diese optimale Drainage regt die Wurzeln an, sich fein zu verzweigen, um das Substrat zu erkunden, und schafft ein dichtes und funktionales Netzwerk, das den Einschr\u00e4nkungen eines Bonsaitopfs entspricht. <\/span><\/span><\/div>\n<\/li>\n<li>\n<div class=\"css-146c3p1 r-bcqeeo r-1ttztb7 r-qvutc0 r-37j5jr r-a023e6 r-rjixqe r-16dba41\" dir=\"ltr\"><span class=\"css-1jxf684 r-bcqeeo r-1ttztb7 r-qvutc0 r-poiln3 r-b88u0q r-a8ghvy\"><span class=\"css-1jxf684 r-bcqeeo r-1ttztb7 r-qvutc0 r-poiln3\"><span class=\"css-1jxf684 r-bcqeeo r-1ttztb7 r-qvutc0 r-poiln3 r-a8ghvy\">Ausgewogene Feuchtigkeitsspeicherung<\/span><\/span><\/span><span class=\"css-1jxf684 r-bcqeeo r-1ttztb7 r-qvutc0 r-poiln3 r-a8ghvy\"><span class=\"css-1jxf684 r-bcqeeo r-1ttztb7 r-qvutc0 r-poiln3\"> : Trotz seiner hervorragenden Drainage speichert Bimsstein eine moderate Menge Wasser in seinen Mikroporen, was eine konstante Hydratation zwischen den Gie\u00dfvorg\u00e4ngen gew\u00e4hrleistet. Diese gut dosierte Feuchtigkeit f\u00f6rdert die Bildung sekund\u00e4rer Wurzelhaare, was eine \u00fcppige Verzweigung und eine bessere N\u00e4hrstoffaufnahme unterst\u00fctzt. <\/span><\/span><\/div>\n<\/li>\n<li>\n<div class=\"css-146c3p1 r-bcqeeo r-1ttztb7 r-qvutc0 r-37j5jr r-a023e6 r-rjixqe r-16dba41\" dir=\"ltr\"><span class=\"css-1jxf684 r-bcqeeo r-1ttztb7 r-qvutc0 r-poiln3 r-b88u0q r-a8ghvy\"><span class=\"css-1jxf684 r-bcqeeo r-1ttztb7 r-qvutc0 r-poiln3\"><span class=\"css-1jxf684 r-bcqeeo r-1ttztb7 r-qvutc0 r-poiln3 r-a8ghvy\">\u00dcberlegene Bel\u00fcftung<\/span><\/span><\/span><span class=\"css-1jxf684 r-bcqeeo r-1ttztb7 r-qvutc0 r-poiln3 r-a8ghvy\"><span class=\"css-1jxf684 r-bcqeeo r-1ttztb7 r-qvutc0 r-poiln3\"> : Seine leichte, wabenartige Textur erm\u00f6glicht eine optimale Luftzirkulation um die Wurzeln herum. Diese Sauerstoffversorgung f\u00f6rdert die Zellteilung auf Wurzlebene, was zu einer feineren und dichteren Verzweigung f\u00fchrt, die f\u00fcr ein kr\u00e4ftiges Wurzelsystem unerl\u00e4sslich ist, das das Wachstum des Baums in einem begrenzten Raum unterst\u00fctzen kann. <\/span><\/span><\/div>\n<\/li>\n<li>\n<div class=\"css-146c3p1 r-bcqeeo r-1ttztb7 r-qvutc0 r-37j5jr r-a023e6 r-rjixqe r-16dba41\" dir=\"ltr\"><span class=\"css-1jxf684 r-bcqeeo r-1ttztb7 r-qvutc0 r-poiln3 r-b88u0q r-a8ghvy\"><span class=\"css-1jxf684 r-bcqeeo r-1ttztb7 r-qvutc0 r-poiln3\"><span class=\"css-1jxf684 r-bcqeeo r-1ttztb7 r-qvutc0 r-poiln3 r-a8ghvy\">Stimulation der Wurzelverzweigung<\/span><\/span><\/span><span class=\"css-1jxf684 r-bcqeeo r-1ttztb7 r-qvutc0 r-poiln3 r-a8ghvy\"><span class=\"css-1jxf684 r-bcqeeo r-1ttztb7 r-qvutc0 r-poiln3\"> : Bimsstein \u00fcbt mit seiner unregelm\u00e4\u00dfigen und por\u00f6sen Oberfl\u00e4che einen leichten mechanischen Widerstand auf die Wurzeln aus, was sie dazu anregt, sich in k\u00fcrzere und zahlreichere Verzweigungen aufzuteilen, anstatt sich \u00fcberm\u00e4\u00dfig zu strecken. Dies f\u00fchrt zu einem kompakten und effizienten Wurzelsystem, das perfekt auf die \u00e4sthetischen und funktionalen Anforderungen eines Bonsais abgestimmt ist und die Verankerung sowie die Aufnahmef\u00e4higkeit verbessert. <\/span><\/span><\/div>\n<\/li>\n<li>\n<div class=\"css-146c3p1 r-bcqeeo r-1ttztb7 r-qvutc0 r-37j5jr r-a023e6 r-rjixqe r-16dba41\" dir=\"ltr\"><span class=\"css-1jxf684 r-bcqeeo r-1ttztb7 r-qvutc0 r-poiln3 r-b88u0q r-a8ghvy\"><span class=\"css-1jxf684 r-bcqeeo r-1ttztb7 r-qvutc0 r-poiln3\"><span class=\"css-1jxf684 r-bcqeeo r-1ttztb7 r-qvutc0 r-poiln3 r-a8ghvy\">Geringes Gewicht<\/span><\/span><\/span><span class=\"css-1jxf684 r-bcqeeo r-1ttztb7 r-qvutc0 r-poiln3 r-a8ghvy\"><span class=\"css-1jxf684 r-bcqeeo r-1ttztb7 r-qvutc0 r-poiln3\"> : Seine geringe Dichte reduziert das Gesamtgewicht des Topfes, erleichtert die Handhabung von Bonsais und bietet dennoch eine stabile Unterst\u00fctzung. Diese Leichtigkeit beeintr\u00e4chtigt nicht die Festigkeit des Substrats, sodass sich die Wurzeln ausdehnen und verzweigen k\u00f6nnen, ohne \u00fcberm\u00e4\u00dfig komprimiert zu werden. <\/span><\/span><\/div>\n<\/li>\n<li>\n<div class=\"css-146c3p1 r-bcqeeo r-1ttztb7 r-qvutc0 r-37j5jr r-a023e6 r-rjixqe r-16dba41\" dir=\"ltr\"><span class=\"css-1jxf684 r-bcqeeo r-1ttztb7 r-qvutc0 r-poiln3 r-b88u0q r-a8ghvy\"><span class=\"css-1jxf684 r-bcqeeo r-1ttztb7 r-qvutc0 r-poiln3\"><span class=\"css-1jxf684 r-bcqeeo r-1ttztb7 r-qvutc0 r-poiln3 r-a8ghvy\">Neutraler pH-Wert<\/span><\/span><\/span><span class=\"css-1jxf684 r-bcqeeo r-1ttztb7 r-qvutc0 r-poiln3 r-a8ghvy\"><span class=\"css-1jxf684 r-bcqeeo r-1ttztb7 r-qvutc0 r-poiln3\"> : Mit einem pH-Wert von etwa 7 ist Bimsstein chemisch neutral, was ihn mit fast allen Bonsaiarten kompatibel macht, unabh\u00e4ngig davon, ob sie leicht saure oder alkalische Bedingungen bevorzugen. Diese Neutralit\u00e4t unterst\u00fctzt ein gesundes Wurzelwachstum, ohne das Gleichgewicht der aufgenommenen N\u00e4hrstoffe zu ver\u00e4ndern. <\/span><\/span><\/div>\n<\/li>\n<li>\n<div class=\"css-146c3p1 r-bcqeeo r-1ttztb7 r-qvutc0 r-37j5jr r-a023e6 r-rjixqe r-16dba41\" dir=\"ltr\"><span class=\"css-1jxf684 r-bcqeeo r-1ttztb7 r-qvutc0 r-poiln3 r-b88u0q r-a8ghvy\"><span class=\"css-1jxf684 r-bcqeeo r-1ttztb7 r-qvutc0 r-poiln3\"><span class=\"css-1jxf684 r-bcqeeo r-1ttztb7 r-qvutc0 r-poiln3 r-a8ghvy\">Hohe Haltbarkeit<\/span><\/span><\/span><span class=\"css-1jxf684 r-bcqeeo r-1ttztb7 r-qvutc0 r-poiln3 r-a8ghvy\"><span class=\"css-1jxf684 r-bcqeeo r-1ttztb7 r-qvutc0 r-poiln3\"> : Im Gegensatz zu einigen organischen Substraten, die schnell zerfallen, ist Bimsstein extrem widerstandsf\u00e4hig gegen Zersetzung. Er beh\u00e4lt seine Struktur \u00fcber viele Jahre hinweg, bietet eine stabile Umgebung f\u00fcr die schrittweise Entwicklung der Wurzeln und reduziert den Bedarf an h\u00e4ufigem Umtopfen. <\/span><\/span><\/div>\n<\/li>\n<li>\n<div class=\"css-146c3p1 r-bcqeeo r-1ttztb7 r-qvutc0 r-37j5jr r-a023e6 r-rjixqe r-16dba41\" dir=\"ltr\"><span class=\"css-1jxf684 r-bcqeeo r-1ttztb7 r-qvutc0 r-poiln3 r-b88u0q r-a8ghvy\"><span class=\"css-1jxf684 r-bcqeeo r-1ttztb7 r-qvutc0 r-poiln3\"><span class=\"css-1jxf684 r-bcqeeo r-1ttztb7 r-qvutc0 r-poiln3 r-a8ghvy\">Subtile mineralische Anreicherung<\/span><\/span><\/span><span class=\"css-1jxf684 r-bcqeeo r-1ttztb7 r-qvutc0 r-poiln3 r-a8ghvy\"><span class=\"css-1jxf684 r-bcqeeo r-1ttztb7 r-qvutc0 r-poiln3\"> : Aus vulkanischer Lava gewonnen, enth\u00e4lt Bimsstein Spuren von Mineralien, die langsam freigesetzt werden und den Wurzeln eine leichte N\u00e4hrstofferg\u00e4nzung bieten. Dies unterst\u00fctzt eine gesunde Verzweigung, ohne ausschlie\u00dflich auf externe D\u00fcngemittel angewiesen zu sein. <\/span><\/span><\/div>\n<\/li>\n<li>\n<div class=\"css-146c3p1 r-bcqeeo r-1ttztb7 r-qvutc0 r-37j5jr r-a023e6 r-rjixqe r-16dba41\" dir=\"ltr\"><span class=\"css-1jxf684 r-bcqeeo r-1ttztb7 r-qvutc0 r-poiln3 r-b88u0q r-a8ghvy\"><span class=\"css-1jxf684 r-bcqeeo r-1ttztb7 r-qvutc0 r-poiln3\"><span class=\"css-1jxf684 r-bcqeeo r-1ttztb7 r-qvutc0 r-poiln3 r-a8ghvy\">Nat\u00fcrliche \u00c4sthetik<\/span><\/span><\/span><span class=\"css-1jxf684 r-bcqeeo r-1ttztb7 r-qvutc0 r-poiln3 r-a8ghvy\"><span class=\"css-1jxf684 r-bcqeeo r-1ttztb7 r-qvutc0 r-poiln3\"> : Seine helle Farbe (meist grau-wei\u00df oder beige) verleiht einen sauberen, modernen visuellen Akzent, der den Bonsai hervorhebt und es leicht macht, den Feuchtigkeitszustand des Substrats zu \u00fcberwachen.<\/span><\/span><\/div>\n<\/li>\n<\/ol>\n<div class=\"css-146c3p1 r-bcqeeo r-1ttztb7 r-qvutc0 r-37j5jr r-a023e6 r-16dba41 r-1adg3ll r-1b5gpbm r-a8ghvy\" dir=\"ltr\"><span class=\"css-1jxf684 r-bcqeeo r-1ttztb7 r-qvutc0 r-poiln3\"><span class=\"css-1jxf684 r-bcqeeo r-1ttztb7 r-qvutc0 r-poiln3 r-b88u0q r-a8ghvy\"><span class=\"css-1jxf684 r-bcqeeo r-1ttztb7 r-qvutc0 r-poiln3 r-a8ghvy\">Spezifischer Vorteil f\u00fcr die Wurzeln<\/span><\/span><span class=\"css-1jxf684 r-bcqeeo r-1ttztb7 r-qvutc0 r-poiln3 r-a8ghvy\"> : Bimsstein zeichnet sich durch die F\u00f6rderung einer feinen, dichten und gleichm\u00e4\u00dfig verteilten Wurzelverzweigung aus, ein gro\u00dfer Vorteil f\u00fcr die Gesundheit und \u00c4sthetik des Bonsais. Dieses kompakte Wurzelnetzwerk maximiert die Effizienz der Wasser- und N\u00e4hrstoffaufnahme im begrenzten Volumen eines Topfes und st\u00e4rkt die Widerstandsf\u00e4higkeit des Baums gegen Umweltstress. \u00dcppige Verzweigung verbessert auch die Stabilit\u00e4t des Baums im Gef\u00e4\u00df und erleichtert Anpassungen beim Umtopfen oder Formen, w\u00e4hrend sie ein kr\u00e4ftigeres und ausgewogeneres oberirdisches Wachstum (Bl\u00e4tter, \u00c4ste) unterst\u00fctzt.  <\/span><\/span><\/div>\n<\/div>\n","protected":false},"excerpt":{"rendered":"<div>Bimsstein in S\u00e4cken von 14L oder 10KG<\/div>\n<div><\/div>\n<div>K\u00f6rnigkeit: 3-8mm<\/div>\n<div><\/div>\n<div>Dieser nat\u00fcrliche Bimsstein, der aus abgek\u00fchlter Lava stammt, bietet unschlagbare Drainage und au\u00dfergew\u00f6hnliche Bel\u00fcftung, w\u00e4hrend er genau genug Feuchtigkeit speichert f\u00fcr gedeihende Wurzeln. Seine por\u00f6se Textur und sein federleichtes Gewicht machen ihn zum perfekten Verb\u00fcndeten f\u00fcr ein robustes und ausgewogenes Wurzelsystem, ideal f\u00fcr den reinen Einsatz bei allen Bonsaiarten, die nicht zu viel Wasser ben\u00f6tigen. Er kann auch mit anderen Substraten wie Akadama gemischt werden.  <\/div>\n","protected":false},"featured_media":1608,"template":"","meta":{"_acf_changed":false},"product_brand":[],"product_cat":[202,124,150,125],"product_tag":[],"class_list":{"0":"post-1697","1":"product","2":"type-product","3":"status-publish","4":"has-post-thumbnail","6":"product_cat-substrate-boden","7":"product_cat-culture","8":"product_cat-culture-de","9":"product_cat-substrats-terres","11":"first","12":"onbackorder","13":"taxable","14":"shipping-taxable","15":"purchasable","16":"product-type-simple"},"acf":[],"_links":{"self":[{"href":"https:\/\/www.tsukibonsai.com\/de\/wp-json\/wp\/v2\/product\/1697","targetHints":{"allow":["GET"]}}],"collection":[{"href":"https:\/\/www.tsukibonsai.com\/de\/wp-json\/wp\/v2\/product"}],"about":[{"href":"https:\/\/www.tsukibonsai.com\/de\/wp-json\/wp\/v2\/types\/product"}],"wp:featuredmedia":[{"embeddable":true,"href":"https:\/\/www.tsukibonsai.com\/de\/wp-json\/wp\/v2\/media\/1608"}],"wp:attachment":[{"href":"https:\/\/www.tsukibonsai.com\/de\/wp-json\/wp\/v2\/media?parent=1697"}],"wp:term":[{"taxonomy":"product_brand","embeddable":true,"href":"https:\/\/www.tsukibonsai.com\/de\/wp-json\/wp\/v2\/product_brand?post=1697"},{"taxonomy":"product_cat","embeddable":true,"href":"https:\/\/www.tsukibonsai.com\/de\/wp-json\/wp\/v2\/product_cat?post=1697"},{"taxonomy":"product_tag","embeddable":true,"href":"https:\/\/www.tsukibonsai.com\/de\/wp-json\/wp\/v2\/product_tag?post=1697"}],"curies":[{"name":"wp","href":"https:\/\/api.w.org\/{rel}","templated":true}]}}