{"id":1780,"date":"2025-04-10T15:38:02","date_gmt":"2025-04-10T13:38:02","guid":{"rendered":"https:\/\/www.tsukibonsai.com\/?post_type=product&#038;p=1780"},"modified":"2025-04-15T11:51:10","modified_gmt":"2025-04-15T09:51:10","slug":"akadama-ibaraki-harte-qualitat-5-10-mm-copie","status":"publish","type":"product","link":"https:\/\/www.tsukibonsai.com\/de\/produit\/akadama-ibaraki-harte-qualitat-5-10-mm-copie\/","title":{"rendered":"Akadama Ibaraki harte Qualit\u00e4t (5-10 mm)"},"content":{"rendered":"<div class=\"css-175oi2r r-1wbh5a2 r-11niif6 r-13qz1uu\">\n<div class=\"css-175oi2r r-3pj75a\">\n<div class=\"css-175oi2r\">\n<div class=\"css-146c3p1 r-bcqeeo r-1ttztb7 r-qvutc0 r-37j5jr r-a023e6 r-16dba41 r-1adg3ll r-1b5gpbm r-a8ghvy\" dir=\"ltr\"><span class=\"css-1jxf684 r-bcqeeo r-1ttztb7 r-qvutc0 r-poiln3\"><span class=\"css-1jxf684 r-bcqeeo r-1ttztb7 r-qvutc0 r-poiln3 r-a8ghvy\">Das Akadama-Ibaraki-Substrat wird in der Bonsaikunst weithin gesch\u00e4tzt wegen seiner zahlreichen Vorteile, insbesondere wegen seines au\u00dfergew\u00f6hnlichen Einflusses auf die Wurzelverzweigung und die allgemeine Gesundheit der B\u00e4ume. Hier ist eine umfassende Liste seiner Vorz\u00fcge: <\/span><\/span><\/div>\n<ol dir=\"ltr\" start=\"1\">\n<li>\n<div class=\"css-146c3p1 r-bcqeeo r-1ttztb7 r-qvutc0 r-37j5jr r-a023e6 r-rjixqe r-16dba41\" dir=\"ltr\"><span class=\"css-1jxf684 r-bcqeeo r-1ttztb7 r-qvutc0 r-poiln3 r-b88u0q r-a8ghvy\"><span class=\"css-1jxf684 r-bcqeeo r-1ttztb7 r-qvutc0 r-poiln3\"><span class=\"css-1jxf684 r-bcqeeo r-1ttztb7 r-qvutc0 r-poiln3 r-a8ghvy\">Optimale Drainage<\/span><\/span><\/span><span class=\"css-1jxf684 r-bcqeeo r-1ttztb7 r-qvutc0 r-poiln3 r-a8ghvy\"><span class=\"css-1jxf684 r-bcqeeo r-1ttztb7 r-qvutc0 r-poiln3\"> : Dank seiner por\u00f6sen und k\u00f6rnigen Textur leitet Akadama Ibaraki \u00fcbersch\u00fcssiges Wasser schnell ab, verhindert Wurzelf\u00e4ule und sorgt f\u00fcr eine gesunde Umgebung. Dies f\u00f6rdert eine feine und dichte Verzweigung, da die Wurzeln nie durch zu viel Feuchtigkeit erstickt werden. <\/span><\/span><\/div>\n<\/li>\n<li>\n<div class=\"css-146c3p1 r-bcqeeo r-1ttztb7 r-qvutc0 r-37j5jr r-a023e6 r-rjixqe r-16dba41\" dir=\"ltr\"><span class=\"css-1jxf684 r-bcqeeo r-1ttztb7 r-qvutc0 r-poiln3 r-b88u0q r-a8ghvy\"><span class=\"css-1jxf684 r-bcqeeo r-1ttztb7 r-qvutc0 r-poiln3\"><span class=\"css-1jxf684 r-bcqeeo r-1ttztb7 r-qvutc0 r-poiln3 r-a8ghvy\">Ausgewogene Wasserretention<\/span><\/span><\/span><span class=\"css-1jxf684 r-bcqeeo r-1ttztb7 r-qvutc0 r-poiln3 r-a8ghvy\"><span class=\"css-1jxf684 r-bcqeeo r-1ttztb7 r-qvutc0 r-poiln3\"> : Dieses Substrat speichert genau die richtige Menge an Feuchtigkeit, um die Wurzeln zwischen den Bew\u00e4sserungen zu versorgen, und vermeidet Wasserstress. Dieses Gleichgewicht regt das Wachstum sekund\u00e4rer Wurzeln an, die f\u00fcr eine robuste Verzweigung und ein kompaktes Wurzelsystem entscheidend sind \u2013 der Schl\u00fcssel zu einem harmonischen Bonsai. <\/span><\/span><\/div>\n<\/li>\n<li>\n<div class=\"css-146c3p1 r-bcqeeo r-1ttztb7 r-qvutc0 r-37j5jr r-a023e6 r-rjixqe r-16dba41\" dir=\"ltr\"><span class=\"css-1jxf684 r-bcqeeo r-1ttztb7 r-qvutc0 r-poiln3 r-b88u0q r-a8ghvy\"><span class=\"css-1jxf684 r-bcqeeo r-1ttztb7 r-qvutc0 r-poiln3\"><span class=\"css-1jxf684 r-bcqeeo r-1ttztb7 r-qvutc0 r-poiln3 r-a8ghvy\">Hervorragende Bel\u00fcftung<\/span><\/span><\/span><span class=\"css-1jxf684 r-bcqeeo r-1ttztb7 r-qvutc0 r-poiln3 r-a8ghvy\"><span class=\"css-1jxf684 r-bcqeeo r-1ttztb7 r-qvutc0 r-poiln3\"> : Seine leichte und luftige vulkanische Struktur gew\u00e4hrleistet eine perfekte Sauerstoffversorgung der Wurzeln. Diese Luftzirkulation f\u00f6rdert die feine Teilung und Verzweigung der Wurzeln, anstatt ein ungeordnetes Wachstum, optimiert die N\u00e4hrstoffaufnahme und st\u00e4rkt die Stabilit\u00e4t des Baumes. <\/span><\/span><\/div>\n<\/li>\n<li>\n<div class=\"css-146c3p1 r-bcqeeo r-1ttztb7 r-qvutc0 r-37j5jr r-a023e6 r-rjixqe r-16dba41\" dir=\"ltr\"><span class=\"css-1jxf684 r-bcqeeo r-1ttztb7 r-qvutc0 r-poiln3 r-b88u0q r-a8ghvy\"><span class=\"css-1jxf684 r-bcqeeo r-1ttztb7 r-qvutc0 r-poiln3\"><span class=\"css-1jxf684 r-bcqeeo r-1ttztb7 r-qvutc0 r-poiln3 r-a8ghvy\">Stimulation der Wurzelverzweigung<\/span><\/span><\/span><span class=\"css-1jxf684 r-bcqeeo r-1ttztb7 r-qvutc0 r-poiln3 r-a8ghvy\"><span class=\"css-1jxf684 r-bcqeeo r-1ttztb7 r-qvutc0 r-poiln3\"> : Akadama Ibaraki \u00fcbt durch seine spezifische K\u00f6rnung (in der Regel in verschiedenen Gr\u00f6\u00dfen erh\u00e4ltlich) einen leichten mechanischen Druck auf die Wurzeln aus, was sie dazu anregt, mehr feine und kapillare Verzweigungen zu bilden. Dies verbessert die Effizienz des Wurzelnetzwerks, sodass der Baum Wasser und N\u00e4hrstoffe besser aufnehmen kann, w\u00e4hrend er an das kleine Volumen eines Bonsai-Topfes angepasst bleibt. <\/span><\/span><\/div>\n<\/li>\n<li>\n<div class=\"css-146c3p1 r-bcqeeo r-1ttztb7 r-qvutc0 r-37j5jr r-a023e6 r-rjixqe r-16dba41\" dir=\"ltr\"><span class=\"css-1jxf684 r-bcqeeo r-1ttztb7 r-qvutc0 r-poiln3 r-b88u0q r-a8ghvy\"><span class=\"css-1jxf684 r-bcqeeo r-1ttztb7 r-qvutc0 r-poiln3\"><span class=\"css-1jxf684 r-bcqeeo r-1ttztb7 r-qvutc0 r-poiln3 r-a8ghvy\">Neutraler bis leicht saurer pH-Wert<\/span><\/span><\/span><span class=\"css-1jxf684 r-bcqeeo r-1ttztb7 r-qvutc0 r-poiln3 r-a8ghvy\"><span class=\"css-1jxf684 r-bcqeeo r-1ttztb7 r-qvutc0 r-poiln3\"> : Mit einem pH-Wert, der f\u00fcr die meisten Bonsai-Arten ideal ist (etwa 6 bis 7), schafft es eine stabile chemische Umgebung, die ein gesundes Wurzelwachstum unterst\u00fctzt, ohne das Gleichgewicht der aufgenommenen N\u00e4hrstoffe zu st\u00f6ren.<\/span><\/span><\/div>\n<\/li>\n<li>\n<div class=\"css-146c3p1 r-bcqeeo r-1ttztb7 r-qvutc0 r-37j5jr r-a023e6 r-rjixqe r-16dba41\" dir=\"ltr\"><span class=\"css-1jxf684 r-bcqeeo r-1ttztb7 r-qvutc0 r-poiln3 r-b88u0q r-a8ghvy\"><span class=\"css-1jxf684 r-bcqeeo r-1ttztb7 r-qvutc0 r-poiln3\"><span class=\"css-1jxf684 r-bcqeeo r-1ttztb7 r-qvutc0 r-poiln3 r-a8ghvy\">Visueller Gie\u00dfindikator<\/span><\/span><\/span><span class=\"css-1jxf684 r-bcqeeo r-1ttztb7 r-qvutc0 r-poiln3 r-a8ghvy\"><span class=\"css-1jxf684 r-bcqeeo r-1ttztb7 r-qvutc0 r-poiln3\"> : Seine Farbe wechselt von hellem Ocker, wenn es trocken ist, zu tiefem Rot, wenn es feucht ist, und bietet so eine pr\u00e4zise Kontrolle \u00fcber den Wasserbedarf. Dies hilft, Gie\u00dffehler zu vermeiden, sch\u00fctzt empfindliche Wurzeln und f\u00f6rdert ihre harmonische Entwicklung. <\/span><\/span><\/div>\n<\/li>\n<li>\n<div class=\"css-146c3p1 r-bcqeeo r-1ttztb7 r-qvutc0 r-37j5jr r-a023e6 r-rjixqe r-16dba41\" dir=\"ltr\"><span class=\"css-1jxf684 r-bcqeeo r-1ttztb7 r-qvutc0 r-poiln3 r-b88u0q r-a8ghvy\"><span class=\"css-1jxf684 r-bcqeeo r-1ttztb7 r-qvutc0 r-poiln3\"><span class=\"css-1jxf684 r-bcqeeo r-1ttztb7 r-qvutc0 r-poiln3 r-a8ghvy\">Haltbarkeit und Stabilit\u00e4t<\/span><\/span><\/span><span class=\"css-1jxf684 r-bcqeeo r-1ttztb7 r-qvutc0 r-poiln3 r-a8ghvy\"><span class=\"css-1jxf684 r-bcqeeo r-1ttztb7 r-qvutc0 r-poiln3\"> : Obwohl es mit der Zeit langsam abgebaut wird (was f\u00fcr ein organisches Substrat nat\u00fcrlich ist), beh\u00e4lt Akadama Ibaraki seine Struktur \u00fcber mehrere Jahre hinweg und bietet eine zuverl\u00e4ssige Unterst\u00fctzung f\u00fcr wachsende Wurzeln. Diese Stabilit\u00e4t reduziert den Stress beim Umtopfen und f\u00f6rdert eine schrittweise Verzweigung. <\/span><\/span><\/div>\n<\/li>\n<li>\n<div class=\"css-146c3p1 r-bcqeeo r-1ttztb7 r-qvutc0 r-37j5jr r-a023e6 r-rjixqe r-16dba41\" dir=\"ltr\"><span class=\"css-1jxf684 r-bcqeeo r-1ttztb7 r-qvutc0 r-poiln3 r-b88u0q r-a8ghvy\"><span class=\"css-1jxf684 r-bcqeeo r-1ttztb7 r-qvutc0 r-poiln3\"><span class=\"css-1jxf684 r-bcqeeo r-1ttztb7 r-qvutc0 r-poiln3 r-a8ghvy\">Authentizit\u00e4t und Tradition<\/span><\/span><\/span><span class=\"css-1jxf684 r-bcqeeo r-1ttztb7 r-qvutc0 r-poiln3 r-a8ghvy\"><span class=\"css-1jxf684 r-bcqeeo r-1ttztb7 r-qvutc0 r-poiln3\"> : Aus der Region Ibaraki in Japan stammend, wird dieses Substrat seit Generationen von Bonsai-Meistern verwendet und garantiert bew\u00e4hrte Ergebnisse. Sein nat\u00fcrlicher vulkanischer Ursprung macht es zur bevorzugten Wahl, um die idealen Bedingungen traditioneller Bonsais nachzubilden. <\/span><\/span><\/div>\n<\/li>\n<\/ol>\n<div class=\"css-146c3p1 r-bcqeeo r-1ttztb7 r-qvutc0 r-37j5jr r-a023e6 r-16dba41 r-1adg3ll r-1b5gpbm r-a8ghvy\" dir=\"ltr\"><span class=\"css-1jxf684 r-bcqeeo r-1ttztb7 r-qvutc0 r-poiln3\"><span class=\"css-1jxf684 r-bcqeeo r-1ttztb7 r-qvutc0 r-poiln3 r-b88u0q r-a8ghvy\"><span class=\"css-1jxf684 r-bcqeeo r-1ttztb7 r-qvutc0 r-poiln3 r-a8ghvy\">Spezifischer Vorteil f\u00fcr die Wurzeln<\/span><\/span><span class=\"css-1jxf684 r-bcqeeo r-1ttztb7 r-qvutc0 r-poiln3 r-a8ghvy\"> : Die feine und dichte Verzweigung, die durch Akadama Ibaraki gef\u00f6rdert wird, bietet einen entscheidenden Vorteil: ein effizienteres und kompakteres Wurzelsystem, perfekt angepasst an die r\u00e4umlichen Einschr\u00e4nkungen eines Bonsai-Topfes. Dies st\u00e4rkt die allgemeine Gesundheit des Baumes, verbessert seine Verankerung und unterst\u00fctzt ein ausgewogenes oberirdisches Wachstum (Laub und \u00c4ste), w\u00e4hrend es zuk\u00fcnftige Gestaltungen erleichtert. Kurz gesagt, Akadama Ibaraki verwandelt die Wurzeln in ein optimiertes, vitales Netzwerk, die essenzielle Grundlage f\u00fcr einen bl\u00fchenden und nachhaltigen Bonsai.  <\/span><\/span><\/div>\n<div class=\"css-146c3p1 r-bcqeeo r-1ttztb7 r-qvutc0 r-37j5jr r-a023e6 r-16dba41 r-1adg3ll r-a8ghvy r-p1pxzi\" dir=\"ltr\"><span class=\"css-1jxf684 r-bcqeeo r-1ttztb7 r-qvutc0 r-poiln3\"><span class=\"css-1jxf684 r-bcqeeo r-1ttztb7 r-qvutc0 r-poiln3 r-a8ghvy\">Mit der Verwendung von Akadama Ibaraki bieten Sie Ihren Bonsais ein Substrat, das nicht nur ihre physiologischen Bed\u00fcrfnisse erf\u00fcllt, sondern auch ihr k\u00fcnstlerisches Potenzial auf ein h\u00f6heres Niveau hebt.<\/span><\/span><\/div>\n<\/div>\n<\/div>\n<\/div>\n","protected":false},"excerpt":{"rendered":"<div class=\"woocommerce-product-details__short-description\">\n<div>Akadama Ibaraki in wiederverschlie\u00dfbarem Beutel von 2 Litern oder 5 Litern.<\/div>\n<div><\/div>\n<div>K\u00f6rnungsgr\u00f6\u00dfe: 5-10 mm<\/div>\n<div><\/div>\n<div>Die Referenz unter den japanischen vulkanischen Tonerden f\u00fcr anspruchsvolle Liebhaber. Geerntet im Herzen des Ibaraki-Berges, bietet diese Premiumqualit\u00e4t eine perfekte Balance: optimale Wasserretention, um Ihre B\u00e4ume zwischen den Bew\u00e4sserungen zu n\u00e4hren, hervorragende Drainage, um \u00fcbersch\u00fcssige Feuchtigkeit zu vermeiden, und ideale Bel\u00fcftung f\u00fcr kr\u00e4ftige Wurzeln. <\/div>\n<\/div>\n","protected":false},"featured_media":1598,"template":"","meta":{"_acf_changed":false},"product_brand":[],"product_cat":[202,124,150,125],"product_tag":[],"class_list":{"0":"post-1780","1":"product","2":"type-product","3":"status-publish","4":"has-post-thumbnail","6":"product_cat-substrate-boden","7":"product_cat-culture","8":"product_cat-culture-de","9":"product_cat-substrats-terres","11":"first","12":"onbackorder","13":"taxable","14":"shipping-taxable","15":"purchasable","16":"product-type-variable"},"acf":[],"_links":{"self":[{"href":"https:\/\/www.tsukibonsai.com\/de\/wp-json\/wp\/v2\/product\/1780","targetHints":{"allow":["GET"]}}],"collection":[{"href":"https:\/\/www.tsukibonsai.com\/de\/wp-json\/wp\/v2\/product"}],"about":[{"href":"https:\/\/www.tsukibonsai.com\/de\/wp-json\/wp\/v2\/types\/product"}],"wp:featuredmedia":[{"embeddable":true,"href":"https:\/\/www.tsukibonsai.com\/de\/wp-json\/wp\/v2\/media\/1598"}],"wp:attachment":[{"href":"https:\/\/www.tsukibonsai.com\/de\/wp-json\/wp\/v2\/media?parent=1780"}],"wp:term":[{"taxonomy":"product_brand","embeddable":true,"href":"https:\/\/www.tsukibonsai.com\/de\/wp-json\/wp\/v2\/product_brand?post=1780"},{"taxonomy":"product_cat","embeddable":true,"href":"https:\/\/www.tsukibonsai.com\/de\/wp-json\/wp\/v2\/product_cat?post=1780"},{"taxonomy":"product_tag","embeddable":true,"href":"https:\/\/www.tsukibonsai.com\/de\/wp-json\/wp\/v2\/product_tag?post=1780"}],"curies":[{"name":"wp","href":"https:\/\/api.w.org\/{rel}","templated":true}]}}