{"id":1808,"date":"2025-04-07T15:47:16","date_gmt":"2025-04-07T13:47:16","guid":{"rendered":"https:\/\/www.tsukibonsai.com\/produit\/aluminium-ligaturdraht-3mm-500gr\/"},"modified":"2025-04-07T15:47:16","modified_gmt":"2025-04-07T13:47:16","slug":"aluminium-ligaturdraht-3mm-500gr","status":"publish","type":"product","link":"https:\/\/www.tsukibonsai.com\/de\/produit\/aluminium-ligaturdraht-3mm-500gr\/","title":{"rendered":"Aluminium-Ligaturdraht (3mm) &#8211; (500gr)"},"content":{"rendered":"<div class=\"css-175oi2r r-1wbh5a2 r-11niif6 r-13qz1uu\">\n<div class=\"css-175oi2r r-3pj75a\">\n<div class=\"css-175oi2r\">\n<div class=\"css-146c3p1 r-bcqeeo r-1ttztb7 r-qvutc0 r-37j5jr r-a023e6 r-16dba41 r-1adg3ll r-1b5gpbm r-a8ghvy\" dir=\"ltr\"><span class=\"css-1jxf684 r-bcqeeo r-1ttztb7 r-qvutc0 r-poiln3\"><span class=\"css-1jxf684 r-bcqeeo r-1ttztb7 r-qvutc0 r-poiln3 r-a8ghvy\">Die Verwendung von Aluminium-Ligaturdraht in der Bonsaikunst bietet mehrere Vorteile, insbesondere f\u00fcr das pr\u00e4zise und \u00e4sthetische Formen und Lenken des Astwachstums. Hier sind die Hauptpunkte: <\/span><\/span><\/div>\n<ol dir=\"ltr\" start=\"1\">\n<li>\n<div class=\"css-146c3p1 r-bcqeeo r-1ttztb7 r-qvutc0 r-37j5jr r-a023e6 r-rjixqe r-16dba41\" dir=\"ltr\"><span class=\"css-1jxf684 r-bcqeeo r-1ttztb7 r-qvutc0 r-poiln3 r-b88u0q r-a8ghvy\"><span class=\"css-1jxf684 r-bcqeeo r-1ttztb7 r-qvutc0 r-poiln3\"><span class=\"css-1jxf684 r-bcqeeo r-1ttztb7 r-qvutc0 r-poiln3 r-a8ghvy\">Flexibilit\u00e4t und Benutzerfreundlichkeit<\/span><\/span><\/span><span class=\"css-1jxf684 r-bcqeeo r-1ttztb7 r-qvutc0 r-poiln3 r-a8ghvy\"><span class=\"css-1jxf684 r-bcqeeo r-1ttztb7 r-qvutc0 r-poiln3\"> : Aluminiumdraht ist formbar, sodass er leicht um \u00c4ste gewickelt werden kann, ohne gro\u00dfen Widerstand. Das macht ihn ideal f\u00fcr Anf\u00e4nger und Experten gleicherma\u00dfen, da er einfacher zu handhaben ist als andere Materialien wie Kupfer. <\/span><\/span><\/div>\n<\/li>\n<li>\n<div class=\"css-146c3p1 r-bcqeeo r-1ttztb7 r-qvutc0 r-37j5jr r-a023e6 r-rjixqe r-16dba41\" dir=\"ltr\"><span class=\"css-1jxf684 r-bcqeeo r-1ttztb7 r-qvutc0 r-poiln3 r-b88u0q r-a8ghvy\"><span class=\"css-1jxf684 r-bcqeeo r-1ttztb7 r-qvutc0 r-poiln3\"><span class=\"css-1jxf684 r-bcqeeo r-1ttztb7 r-qvutc0 r-poiln3 r-a8ghvy\">Leicht und schonend f\u00fcr den Baum<\/span><\/span><\/span><span class=\"css-1jxf684 r-bcqeeo r-1ttztb7 r-qvutc0 r-poiln3 r-a8ghvy\"><span class=\"css-1jxf684 r-bcqeeo r-1ttztb7 r-qvutc0 r-poiln3\"> : Im Vergleich zu Kupferdraht ist Aluminium leichter und \u00fcbt weniger Druck auf die Rinde aus, wodurch das Risiko von Sch\u00e4den an \u00c4sten, insbesondere bei empfindlichen oder jungen Arten, reduziert wird.<\/span><\/span><\/div>\n<\/li>\n<li>\n<div class=\"css-146c3p1 r-bcqeeo r-1ttztb7 r-qvutc0 r-37j5jr r-a023e6 r-rjixqe r-16dba41\" dir=\"ltr\"><span class=\"css-1jxf684 r-bcqeeo r-1ttztb7 r-qvutc0 r-poiln3 r-b88u0q r-a8ghvy\"><span class=\"css-1jxf684 r-bcqeeo r-1ttztb7 r-qvutc0 r-poiln3\"><span class=\"css-1jxf684 r-bcqeeo r-1ttztb7 r-qvutc0 r-poiln3 r-a8ghvy\">Korrosionsbest\u00e4ndigkeit<\/span><\/span><\/span><span class=\"css-1jxf684 r-bcqeeo r-1ttztb7 r-qvutc0 r-poiln3 r-a8ghvy\"><span class=\"css-1jxf684 r-bcqeeo r-1ttztb7 r-qvutc0 r-poiln3\"> : Anodisiertes Aluminium, das h\u00e4ufig in Bonsai verwendet wird, rostet nicht, was in der feuchten Umgebung der Bonsaipflege ein Vorteil ist. Dies gew\u00e4hrleistet Langlebigkeit und verhindert Flecken auf dem Baum. <\/span><\/span><\/div>\n<\/li>\n<li>\n<div class=\"css-146c3p1 r-bcqeeo r-1ttztb7 r-qvutc0 r-37j5jr r-a023e6 r-rjixqe r-16dba41\" dir=\"ltr\"><span class=\"css-1jxf684 r-bcqeeo r-1ttztb7 r-qvutc0 r-poiln3 r-b88u0q r-a8ghvy\"><span class=\"css-1jxf684 r-bcqeeo r-1ttztb7 r-qvutc0 r-poiln3\"><span class=\"css-1jxf684 r-bcqeeo r-1ttztb7 r-qvutc0 r-poiln3 r-a8ghvy\">Verf\u00fcgbarkeit in verschiedenen St\u00e4rken<\/span><\/span><\/span><span class=\"css-1jxf684 r-bcqeeo r-1ttztb7 r-qvutc0 r-poiln3 r-a8ghvy\"><span class=\"css-1jxf684 r-bcqeeo r-1ttztb7 r-qvutc0 r-poiln3\"> : Aluminiumdraht ist in einer breiten Palette von Durchmessern erh\u00e4ltlich (von 1 mm bis 6 mm oder mehr), sodass er an die Gr\u00f6\u00dfe und Steifheit der \u00c4ste angepasst werden kann, sei es f\u00fcr kleine Zweige oder robustere St\u00e4mme.<\/span><\/span><\/div>\n<\/li>\n<li>\n<div class=\"css-146c3p1 r-bcqeeo r-1ttztb7 r-qvutc0 r-37j5jr r-a023e6 r-rjixqe r-16dba41\" dir=\"ltr\"><span class=\"css-1jxf684 r-bcqeeo r-1ttztb7 r-qvutc0 r-poiln3 r-b88u0q r-a8ghvy\"><span class=\"css-1jxf684 r-bcqeeo r-1ttztb7 r-qvutc0 r-poiln3\"><span class=\"css-1jxf684 r-bcqeeo r-1ttztb7 r-qvutc0 r-poiln3 r-a8ghvy\">Tempor\u00e4re \u00c4sthetik<\/span><\/span><\/span><span class=\"css-1jxf684 r-bcqeeo r-1ttztb7 r-qvutc0 r-poiln3 r-a8ghvy\"><span class=\"css-1jxf684 r-bcqeeo r-1ttztb7 r-qvutc0 r-poiln3\"> : Einmal angebracht, hat Aluminiumdraht ein dezentes Erscheinungsbild (besonders wenn er in einer dunklen Farbe anodisiert ist), das das Aussehen des Bonsais w\u00e4hrend des Formgebungsprozesses nicht beeintr\u00e4chtigt.<\/span><\/span><\/div>\n<\/li>\n<li>\n<div class=\"css-146c3p1 r-bcqeeo r-1ttztb7 r-qvutc0 r-37j5jr r-a023e6 r-rjixqe r-16dba41\" dir=\"ltr\"><span class=\"css-1jxf684 r-bcqeeo r-1ttztb7 r-qvutc0 r-poiln3 r-b88u0q r-a8ghvy\"><span class=\"css-1jxf684 r-bcqeeo r-1ttztb7 r-qvutc0 r-poiln3\"><span class=\"css-1jxf684 r-bcqeeo r-1ttztb7 r-qvutc0 r-poiln3 r-a8ghvy\">Erschwingliche Kost<\/span><\/span><\/span><span class=\"css-1jxf684 r-bcqeeo r-1ttztb7 r-qvutc0 r-poiln3 r-a8ghvy\"><span class=\"css-1jxf684 r-bcqeeo r-1ttztb7 r-qvutc0 r-poiln3\"> : Aluminium ist in der Regel g\u00fcnstiger als Kupfer, was es zu einer wirtschaftlichen Option macht, insbesondere f\u00fcr diejenigen, die an mehreren B\u00e4umen arbeiten oder mit dieser Kunst beginnen.<\/span><\/span><\/div>\n<\/li>\n<\/ol>\n<div class=\"css-146c3p1 r-bcqeeo r-1ttztb7 r-qvutc0 r-37j5jr r-a023e6 r-16dba41 r-1adg3ll r-a8ghvy r-p1pxzi\" dir=\"ltr\"><span class=\"css-1jxf684 r-bcqeeo r-1ttztb7 r-qvutc0 r-poiln3\"><span class=\"css-1jxf684 r-bcqeeo r-1ttztb7 r-qvutc0 r-poiln3 r-a8ghvy\">Es ist jedoch zu beachten, dass Aluminium weniger steif ist als Kupfer, sodass bei dicken oder sehr widerstandsf\u00e4higen \u00c4sten ein gr\u00f6\u00dferer Durchmesser oder mehrere Windungen erforderlich sein k\u00f6nnen, um die Form zu halten. Zusammenfassend ist Aluminium-Ligaturdraht eine ausgezeichnete Wahl aufgrund seiner Praktikabilit\u00e4t, Sanftheit und Zug\u00e4nglichkeit, was ihn zu einem unverzichtbaren Werkzeug in der Bonsaikultur macht. <\/span><\/span><\/div>\n<\/div>\n<\/div>\n<\/div>\n","protected":false},"excerpt":{"rendered":"<div class=\"woocommerce-product-details__short-description\">\n<div class=\"woocommerce-product-details__short-description\">\n<div class=\"woocommerce-product-details__short-description\">\n<p>Hochwertiger Aluminium-Ligaturdraht der Marke Geotools.<\/p>\n<p>Menge: 500gr <\/p>\n<p>Durchmesser: 3mm<\/p>\n<\/div>\n<\/div>\n<\/div>\n","protected":false},"featured_media":1673,"template":"","meta":{"_acf_changed":false},"product_brand":[],"product_cat":[206,147],"product_tag":[],"class_list":{"0":"post-1808","1":"product","2":"type-product","3":"status-publish","4":"has-post-thumbnail","6":"product_cat-verschiedenes","7":"product_cat-werkzeuge-und-zubehor","9":"first","10":"instock","11":"taxable","12":"shipping-taxable","13":"purchasable","14":"product-type-simple"},"acf":[],"_links":{"self":[{"href":"https:\/\/www.tsukibonsai.com\/de\/wp-json\/wp\/v2\/product\/1808","targetHints":{"allow":["GET"]}}],"collection":[{"href":"https:\/\/www.tsukibonsai.com\/de\/wp-json\/wp\/v2\/product"}],"about":[{"href":"https:\/\/www.tsukibonsai.com\/de\/wp-json\/wp\/v2\/types\/product"}],"wp:featuredmedia":[{"embeddable":true,"href":"https:\/\/www.tsukibonsai.com\/de\/wp-json\/wp\/v2\/media\/1673"}],"wp:attachment":[{"href":"https:\/\/www.tsukibonsai.com\/de\/wp-json\/wp\/v2\/media?parent=1808"}],"wp:term":[{"taxonomy":"product_brand","embeddable":true,"href":"https:\/\/www.tsukibonsai.com\/de\/wp-json\/wp\/v2\/product_brand?post=1808"},{"taxonomy":"product_cat","embeddable":true,"href":"https:\/\/www.tsukibonsai.com\/de\/wp-json\/wp\/v2\/product_cat?post=1808"},{"taxonomy":"product_tag","embeddable":true,"href":"https:\/\/www.tsukibonsai.com\/de\/wp-json\/wp\/v2\/product_tag?post=1808"}],"curies":[{"name":"wp","href":"https:\/\/api.w.org\/{rel}","templated":true}]}}