{"id":1817,"date":"2025-04-09T16:57:12","date_gmt":"2025-04-09T14:57:12","guid":{"rendered":"https:\/\/www.tsukibonsai.com\/produit\/japanische-schwarzkiefer-pinus-thunbergii\/"},"modified":"2025-04-09T16:57:12","modified_gmt":"2025-04-09T14:57:12","slug":"japanische-schwarzkiefer-pinus-thunbergii","status":"publish","type":"product","link":"https:\/\/www.tsukibonsai.com\/de\/produit\/japanische-schwarzkiefer-pinus-thunbergii\/","title":{"rendered":"Japanische Schwarzkiefer \/ Pinus Thunbergii"},"content":{"rendered":"<p>Pflanze der Japanischen Schwarzkiefer.<\/p>\n<p>H\u00f6he des Baums mit Topf: 22 cm<\/p>\n<h3>Eigenschaften<\/h3>\n<p>Immergr\u00fcner Baum mit Nadeln genanntem Laub. Er geh\u00f6rt zur Familie der Koniferen, da seine Frucht, der Kiefernzapfen, eine Kegelform hat. <\/p>\n<p>Urspr\u00fcnglich aus Japan, w\u00e4chst er meist an Meeresk\u00fcsten.<\/p>\n<h3>Standort<\/h3>\n<p>Dies ist ein Baum, den wir empfehlen, das ganze Jahr \u00fcber drau\u00dfen in voller Sonne zu platzieren.<\/p>\n<h3>Bew\u00e4sserung<\/h3>\n<p>Kiefern ben\u00f6tigen kontrollierte Bew\u00e4sserung. Ein \u00dcberschuss ist f\u00fcr ihn t\u00f6dlich, besonders wenn das Substrat nicht durchl\u00e4ssig ist. Bei starkem Regen empfehlen wir, ihn in ein Gew\u00e4chshaus zu bringen oder den Topf leicht zu neigen, um \u00fcbersch\u00fcssiges Wasser abzuleiten.  <\/p>\n<h3>Schnitt<\/h3>\n<p>Die Zeit f\u00fcr gr\u00f6\u00dfere Schnitte ist im Winter, zur k\u00e4ltesten Jahreszeit. Der sogenannte Gr\u00fcnschnitt, hier als Pinzieren bekannt, erfolgt w\u00e4hrend der Ausdehnung der Fr\u00fchlingsknospen. Dabei m\u00fcssen die Kerzen je nach ihrer St\u00e4rke gepinzt und gedreht werden: Die st\u00e4rksten Kerzen sollten gepinzt und um etwa zwei Drittel zur\u00fcckgeschnitten werden, mittlere Kerzen werden zur H\u00e4lfte zur\u00fcckgeschnitten, w\u00e4hrend die schw\u00e4chsten Kerzen unber\u00fchrt bleiben.  <\/p>\n<h3>D\u00fcnger<\/h3>\n<p>Von Fr\u00fchling bis Herbst k\u00f6nnen Sie D\u00fcnger geben. Es ist besser, einen organischen D\u00fcnger zu verwenden, der die Mykorrhiza (Pilze, die in Symbiose mit dem Baum leben) f\u00f6rdert und erh\u00e4lt. <\/p>\n<h3>Umtopfen<\/h3>\n<p>Alle drei Jahre, w\u00e4hrend des Wachstums der Kerzen und vor dem Erscheinen neuer Nadeln. Wir empfehlen ein sehr durchl\u00e4ssiges Substrat, wie Bimsstein. <\/p>\n<h3>Besonderheit<\/h3>\n<p>In Japan gilt diese Kiefer als m\u00e4nnlich. Ihre St\u00e4rke, die Textur ihrer rissigen Rinde, die dunkle Farbe ihrer Nadeln und deren Steifheit verleihen ihr diesen Charakter. <\/p>\n","protected":false},"excerpt":{"rendered":"<p>Pflanze der Japanischen Schwarzkiefer<\/p>\n<p>H\u00f6he mit Topf: 22 cm<\/p>\n<div>Die Japanische Schwarzkiefer (Pinus thunbergii) ist eine ausgezeichnete Wahl f\u00fcr Bonsai aufgrund ihrer Robustheit, ihrer F\u00e4higkeit, h\u00e4ufige Schnitte zu ertragen, und ihrer strukturierten Rinde, die wundersch\u00f6n altert und ein altes, authentisches Aussehen verleiht. Ihre kurzen, dichten Nadeln erm\u00f6glichen es auch, kompakte und elegante Formen zu schaffen, ideal f\u00fcr die Kunst des Bonsai. <\/div>\n<div><\/div>\n<div>FOTOS NICHT VERTRAGLICH<\/div>\n","protected":false},"featured_media":1753,"template":"","meta":{"_acf_changed":false},"product_brand":[],"product_cat":[163,180],"product_tag":[],"class_list":{"0":"post-1817","1":"product","2":"type-product","3":"status-publish","4":"has-post-thumbnail","6":"product_cat-bonsai","7":"product_cat-pflanzen","9":"first","10":"instock","11":"taxable","12":"shipping-taxable","13":"purchasable","14":"product-type-simple"},"acf":[],"_links":{"self":[{"href":"https:\/\/www.tsukibonsai.com\/de\/wp-json\/wp\/v2\/product\/1817","targetHints":{"allow":["GET"]}}],"collection":[{"href":"https:\/\/www.tsukibonsai.com\/de\/wp-json\/wp\/v2\/product"}],"about":[{"href":"https:\/\/www.tsukibonsai.com\/de\/wp-json\/wp\/v2\/types\/product"}],"wp:featuredmedia":[{"embeddable":true,"href":"https:\/\/www.tsukibonsai.com\/de\/wp-json\/wp\/v2\/media\/1753"}],"wp:attachment":[{"href":"https:\/\/www.tsukibonsai.com\/de\/wp-json\/wp\/v2\/media?parent=1817"}],"wp:term":[{"taxonomy":"product_brand","embeddable":true,"href":"https:\/\/www.tsukibonsai.com\/de\/wp-json\/wp\/v2\/product_brand?post=1817"},{"taxonomy":"product_cat","embeddable":true,"href":"https:\/\/www.tsukibonsai.com\/de\/wp-json\/wp\/v2\/product_cat?post=1817"},{"taxonomy":"product_tag","embeddable":true,"href":"https:\/\/www.tsukibonsai.com\/de\/wp-json\/wp\/v2\/product_tag?post=1817"}],"curies":[{"name":"wp","href":"https:\/\/api.w.org\/{rel}","templated":true}]}}