{"id":2065,"date":"2025-05-07T11:36:06","date_gmt":"2025-05-07T09:36:06","guid":{"rendered":"https:\/\/www.tsukibonsai.com\/produit\/wildapfel-bonsai-malus-sylvestris-2\/"},"modified":"2025-05-07T11:36:06","modified_gmt":"2025-05-07T09:36:06","slug":"wildapfel-bonsai-malus-sylvestris-2","status":"publish","type":"product","link":"https:\/\/www.tsukibonsai.com\/de\/produit\/wildapfel-bonsai-malus-sylvestris-2\/","title":{"rendered":"Wildapfel-Bonsai \/ Malus Sylvestris"},"content":{"rendered":"<p>Wilder Apfelbaum-Bonsai (Malus Sylvestris), 15 Jahre alt.<\/p>\n<p>H\u00f6he des Baums: 43 cm<\/p>\n<p>H\u00f6he des Baums mit Topf: 52 cm<\/p>\n<p>Umfang des Nebari (Wurzelhals): 25 cm<\/p>\n<h3>Eigenschaften<\/h3>\n<p>Baum mit Laubabwurf (verliert im Winter seine Bl\u00e4tter). Er geh\u00f6rt zur Familie der Rosengew\u00e4chse (Rosaceae). <\/p>\n<p>Urspr\u00fcnglich aus Europa, sehr gesch\u00e4tzt f\u00fcr seine kleinen Bl\u00fcten, die von Rosa bis Wei\u00df reichen, und seine kleinen roten Fr\u00fcchte, die selten gr\u00f6\u00dfer als 2 cm sind.<\/p>\n<h3>Standort<\/h3>\n<p>Der wilde Apfelbaum passt sich leicht an alle Klimazonen an. Es ist am besten, ihn das ganze Jahr \u00fcber in die volle Sonne zu stellen, au\u00dfer w\u00e4hrend sehr hei\u00dfer Perioden, in denen es ratsam ist, ihn an einen halbschattigen Ort zu versetzen. Er ist frostbest\u00e4ndig, aber es wird empfohlen, ihn vor Temperaturen unter -2 \u00b0C zu sch\u00fctzen. <\/p>\n<h3>Bew\u00e4sserung<\/h3>\n<p>Reichlich im Sommer und m\u00e4\u00dfig im Winter. W\u00e4hrend der Bl\u00fctezeit sollte vermieden werden, die Bl\u00fcten zu gie\u00dfen, da dies sie schnell welken lassen k\u00f6nnte, was den Charme Ihres Bonsais mindern w\u00fcrde.<\/p>\n<h3>Schnitt<\/h3>\n<p>Der Strukturschnitt wird in der Regel im sp\u00e4ten Herbst oder sp\u00e4ten Winter vor dem Saftaufstieg durchgef\u00fchrt. Das Schneiden im Gr\u00fcn oder das Pinzieren erfolgt w\u00e4hrend der Wachstumsphase, von Juni bis Ende Herbst. <\/p>\n<h3>D\u00fcnger<\/h3>\n<p>Vom Fr\u00fchling bis Herbst mit fl\u00fcssigem oder festem D\u00fcnger, chemisch oder organisch, je nach Ihrer Wahl. <\/p>\n<h3>Umtopfen<\/h3>\n<p>Das Umtopfen erfolgt alle 2 bis 3 Jahre, abh\u00e4ngig von der Beschaffenheit des Substrats und der Wasserf\u00fchrung durch den Topf. Wir empfehlen ein entw\u00e4sserndes Substrat wie Akadama, eine Akadama-Bimsstein-Mischung oder eine Zeholit-Chabasit-Mischung. <\/p>\n<h3>Besonderheit<\/h3>\n<p>Nach der \u00fcppigen Bl\u00fcte des Apfelbaums entwickelt dieser kleine rote \u00c4pfel, die an die Obstg\u00e4rten von fr\u00fcher erinnern. Wir empfehlen jedoch, um die Energie des Baums zu schonen, die meisten Fr\u00fcchte zu entfernen, um den Baum nicht zu sehr zu schw\u00e4chen. Die Fruchtproduktion verlangt n\u00e4mlich erhebliche Energie von einem Bonsai.  <\/p>\n","protected":false},"excerpt":{"rendered":"<div>\n<div>Wilder Apfelbaum-Bonsai \/ Malus Sylvestris, 15 Jahre alt.<\/div>\n<div><\/div>\n<\/div>\n<div>Au\u00dfen-Bonsai, der in die volle Sonne gestellt werden soll.<\/div>\n<div><\/div>\n<div>\n<div>Dieser wilde Apfelbaum-Bonsai ist ein kleines St\u00fcck Obstgarten, das in Ihre H\u00e4nde passt. Sein gedrehter Stamm, sorgf\u00e4ltig geformt, und seine tiefgr\u00fcnen Bl\u00e4tter erz\u00e4hlen eine Geschichte von Authentizit\u00e4t. Im Fr\u00fchling leuchtet er mit wei\u00dfen Bl\u00fcten, gefolgt von winzigen roten \u00c4pfeln, die Charakter verleihen. Perfekt f\u00fcr diejenigen, die Pflanzen mit Geschichte lieben oder ein einzigartiges Geschenk machen m\u00f6chten. Keine Expertise erforderlich: Mit ein paar beiliegenden Pflegetipps wird er bei Ihnen gedeihen. Bringen Sie ein St\u00fcck rohe Natur ins Haus!     <\/div>\n<\/div>\n<div>VERTRAGLICHE FOTOS<\/div>\n","protected":false},"featured_media":1839,"template":"","meta":{"_acf_changed":false},"product_brand":[],"product_cat":[163,164,165],"product_tag":[],"class_list":{"0":"post-2065","1":"product","2":"type-product","3":"status-publish","4":"has-post-thumbnail","6":"product_cat-bonsai","7":"product_cat-laubabwerfend","8":"product_cat-mit-blumen-und-fruchten","10":"first","11":"instock","12":"taxable","13":"shipping-taxable","14":"purchasable","15":"product-type-simple"},"acf":[],"_links":{"self":[{"href":"https:\/\/www.tsukibonsai.com\/de\/wp-json\/wp\/v2\/product\/2065","targetHints":{"allow":["GET"]}}],"collection":[{"href":"https:\/\/www.tsukibonsai.com\/de\/wp-json\/wp\/v2\/product"}],"about":[{"href":"https:\/\/www.tsukibonsai.com\/de\/wp-json\/wp\/v2\/types\/product"}],"wp:featuredmedia":[{"embeddable":true,"href":"https:\/\/www.tsukibonsai.com\/de\/wp-json\/wp\/v2\/media\/1839"}],"wp:attachment":[{"href":"https:\/\/www.tsukibonsai.com\/de\/wp-json\/wp\/v2\/media?parent=2065"}],"wp:term":[{"taxonomy":"product_brand","embeddable":true,"href":"https:\/\/www.tsukibonsai.com\/de\/wp-json\/wp\/v2\/product_brand?post=2065"},{"taxonomy":"product_cat","embeddable":true,"href":"https:\/\/www.tsukibonsai.com\/de\/wp-json\/wp\/v2\/product_cat?post=2065"},{"taxonomy":"product_tag","embeddable":true,"href":"https:\/\/www.tsukibonsai.com\/de\/wp-json\/wp\/v2\/product_tag?post=2065"}],"curies":[{"name":"wp","href":"https:\/\/api.w.org\/{rel}","templated":true}]}}