{"id":2076,"date":"2025-05-07T12:18:40","date_gmt":"2025-05-07T10:18:40","guid":{"rendered":"https:\/\/www.tsukibonsai.com\/produit\/prebonsai-wildapfelbaum-malus-sylvestris\/"},"modified":"2025-05-07T12:18:40","modified_gmt":"2025-05-07T10:18:40","slug":"prebonsai-wildapfelbaum-malus-sylvestris","status":"publish","type":"product","link":"https:\/\/www.tsukibonsai.com\/de\/produit\/prebonsai-wildapfelbaum-malus-sylvestris\/","title":{"rendered":"Prebonsai Wildapfelbaum \/ Malus Sylvestris"},"content":{"rendered":"<div id=\"collapse-description\" class=\"accordion-collapse collapse show d-md-block\" aria-labelledby=\"heading-description\" data-bs-parent=\"#pdw-wc-tabs-content\">\n<div class=\"accordion-body\">\n<h2>Beschreibung<\/h2>\n<p>Prebonsai Wildapfelbaum (Malus Sylvestris), 9 Jahre alt.<\/p>\n<p>H\u00f6he des Baums: 30 cm<\/p>\n<p>H\u00f6he des Baums mit Topf: 45 cm<\/p>\n<p>Umfang des Nebari (Wurzelansatz): 18 cm<\/p>\n<h3>Eigenschaften<\/h3>\n<p>Baum mit Laubabwurf (verliert im Winter seine Bl\u00e4tter). Er geh\u00f6rt zur Familie der Rosengew\u00e4chse (Rosaceae). <\/p>\n<p>Urspr\u00fcnglich aus Europa, sehr gesch\u00e4tzt f\u00fcr seine kleinen Bl\u00fcten, die von Rosa bis Wei\u00df reichen, und seine kleinen roten Fr\u00fcchte, die selten gr\u00f6\u00dfer als 2 cm sind.<\/p>\n<h3>Standort<\/h3>\n<p>Der wilde Apfelbaum passt sich leicht an alle Klimazonen an. Es ist am besten, ihn das ganze Jahr \u00fcber in die volle Sonne zu stellen, au\u00dfer w\u00e4hrend sehr hei\u00dfer Perioden, in denen es ratsam ist, ihn an einen halbschattigen Ort zu versetzen. Er ist frostbest\u00e4ndig, aber es wird empfohlen, ihn vor Temperaturen unter -2 \u00b0C zu sch\u00fctzen. <\/p>\n<h3>Bew\u00e4sserung<\/h3>\n<p>Reichlich im Sommer und m\u00e4\u00dfig im Winter. W\u00e4hrend der Bl\u00fctezeit sollte vermieden werden, die Bl\u00fcten zu gie\u00dfen, da dies sie schnell welken lassen k\u00f6nnte, was den Charme Ihres Bonsais mindern w\u00fcrde.<\/p>\n<h3>Schnitt<\/h3>\n<p>Der Strukturschnitt wird in der Regel im sp\u00e4ten Herbst oder sp\u00e4ten Winter vor dem Saftaufstieg durchgef\u00fchrt. Das Schneiden im Gr\u00fcn oder das Pinzieren erfolgt w\u00e4hrend der Wachstumsphase, von Juni bis Ende Herbst. <\/p>\n<h3>D\u00fcnger<\/h3>\n<p>Vom Fr\u00fchling bis Herbst mit fl\u00fcssigem oder festem D\u00fcnger, chemisch oder organisch, je nach Ihrer Wahl. <\/p>\n<h3>Umtopfen<\/h3>\n<p>Das Umtopfen erfolgt alle 2 bis 3 Jahre, abh\u00e4ngig von der Beschaffenheit des Substrats und der Wasserf\u00fchrung durch den Topf. Wir empfehlen ein entw\u00e4sserndes Substrat wie Akadama, eine Akadama-Bimsstein-Mischung oder eine Zeholit-Chabasit-Mischung. <\/p>\n<h3>Besonderheit<\/h3>\n<p>Nach der \u00fcppigen Bl\u00fcte des Apfelbaums entwickelt dieser kleine rote \u00c4pfel, die an die Obstg\u00e4rten vergangener Zeiten erinnern. Wir empfehlen jedoch, aus R\u00fccksicht auf die Energie Ihres Baums, den Gro\u00dfteil davon zu entfernen, um den Baum nicht zu sehr zu schw\u00e4chen. Die Fruchtproduktion erfordert n\u00e4mlich erhebliche Energie von einem Bonsai.  <\/p>\n<\/div>\n<\/div>\n","protected":false},"excerpt":{"rendered":"<div>Starten Sie das Bonsai-Abenteuer mit diesem Prebonsai-Wildapfelbaum, einem echten rohen Schatz, der darauf wartet, geformt zu werden! Sein knorriger Stamm und die jungen, charaktervollen \u00c4ste warten nur auf Ihre H\u00e4nde, um ein lebendiges Kunstwerk zu werden. Im Fr\u00fchling schm\u00fcckt er sich mit zarten wei\u00dfen Bl\u00fcten, gefolgt von kleinen roten \u00c4pfeln, die einen Hauch von rustikaler Magie verleihen. Robust und nachgiebig, ist dieser Wildapfelbaum perfekt f\u00fcr Anf\u00e4nger oder Enthusiasten, die ihre Vision gestalten m\u00f6chten.   <\/div>\n","protected":false},"featured_media":1856,"template":"","meta":{"_acf_changed":false},"product_brand":[],"product_cat":[163,165,181],"product_tag":[],"class_list":{"0":"post-2076","1":"product","2":"type-product","3":"status-publish","4":"has-post-thumbnail","6":"product_cat-bonsai","7":"product_cat-mit-blumen-und-fruchten","8":"product_cat-vor-bonsai","10":"first","11":"instock","12":"taxable","13":"shipping-taxable","14":"purchasable","15":"product-type-simple"},"acf":[],"_links":{"self":[{"href":"https:\/\/www.tsukibonsai.com\/de\/wp-json\/wp\/v2\/product\/2076","targetHints":{"allow":["GET"]}}],"collection":[{"href":"https:\/\/www.tsukibonsai.com\/de\/wp-json\/wp\/v2\/product"}],"about":[{"href":"https:\/\/www.tsukibonsai.com\/de\/wp-json\/wp\/v2\/types\/product"}],"wp:featuredmedia":[{"embeddable":true,"href":"https:\/\/www.tsukibonsai.com\/de\/wp-json\/wp\/v2\/media\/1856"}],"wp:attachment":[{"href":"https:\/\/www.tsukibonsai.com\/de\/wp-json\/wp\/v2\/media?parent=2076"}],"wp:term":[{"taxonomy":"product_brand","embeddable":true,"href":"https:\/\/www.tsukibonsai.com\/de\/wp-json\/wp\/v2\/product_brand?post=2076"},{"taxonomy":"product_cat","embeddable":true,"href":"https:\/\/www.tsukibonsai.com\/de\/wp-json\/wp\/v2\/product_cat?post=2076"},{"taxonomy":"product_tag","embeddable":true,"href":"https:\/\/www.tsukibonsai.com\/de\/wp-json\/wp\/v2\/product_tag?post=2076"}],"curies":[{"name":"wp","href":"https:\/\/api.w.org\/{rel}","templated":true}]}}