{"id":2079,"date":"2025-05-07T16:30:52","date_gmt":"2025-05-07T14:30:52","guid":{"rendered":"https:\/\/www.tsukibonsai.com\/produit\/bonsai-johanniskirschbaum-prunus-mahaleb\/"},"modified":"2025-05-07T16:30:52","modified_gmt":"2025-05-07T14:30:52","slug":"bonsai-johanniskirschbaum-prunus-mahaleb","status":"publish","type":"product","link":"https:\/\/www.tsukibonsai.com\/de\/produit\/bonsai-johanniskirschbaum-prunus-mahaleb\/","title":{"rendered":"Bonsai Johanniskirschbaum \/ Prunus Mahaleb"},"content":{"rendered":"<p>Bonsai Johanniskirschbaum \/ Prunus Mahaleb, 8 Jahre alt<\/p>\n<p>H\u00f6he des Baumes: 26 cm<\/p>\n<p>H\u00f6he des Baumes mit Topf: 32 cm<\/p>\n<p>Umfang des Nebari (Wurzelansatz): 13 cm<\/p>\n<h3>Eigenschaften<\/h3>\n<p>Laubbaum (verliert im Winter seine Bl\u00e4tter), er geh\u00f6rt zur Familie der Rosaceae. <\/p>\n<p>Urspr\u00fcnglich aus Europa stammend, wird er wegen seiner kleinen wei\u00dfen Bl\u00fcten im Fr\u00fchling sehr gesch\u00e4tzt.<\/p>\n<h3>Standort<\/h3>\n<p>Der Johanniskirschbaum ist ein Baum, der in die volle Sonne gestellt werden sollte. Er ist frostbest\u00e4ndig, sollte aber vor Temperaturen unter -5 \u00b0C gesch\u00fctzt werden. <\/p>\n<h3>Bew\u00e4sserung<\/h3>\n<p>Reichlich im Sommer und m\u00e4\u00dfig im Winter.<\/p>\n<h3>Schnitt<\/h3>\n<p>Der Strukturschnitt wird in der Regel im Sp\u00e4therbst durchgef\u00fchrt, obwohl einige es vorziehen, ihn nach der Bl\u00fcte am Ende des Winters zu machen. Das Gr\u00fcnschneiden oder Pinzieren erfolgt w\u00e4hrend der Wachstumsphase von April-Mai bis zum Ende des Herbstes. <\/p>\n<h3>D\u00fcnger<\/h3>\n<p>Von Fr\u00fchling bis Herbst je nach Wahl mit fl\u00fcssigem oder festem, chemischem oder organischem D\u00fcnger.<\/p>\n<h3>Umtopfen<\/h3>\n<p>Das Umtopfen erfolgt alle 2 bis 3 Jahre, je nach Zustand des Substrats und dem Wasserabfluss durch den Topf. Wir empfehlen ein drainierendes Substrat wie Akadama, eine Mischung aus Akadama und Bimsstein oder eine Mischung aus Zeolith und Chabasit. <\/p>\n<h3>Besonderheit<\/h3>\n<p>Auf Arabisch bedeutet Mahlab &#8222;die Kirsche&#8220;.<\/p>\n","protected":false},"excerpt":{"rendered":"<div>Bonsai Johanniskirschbaum \/ Prunus Mahaleb, 8 Jahre alt<\/div>\n<div><\/div>\n<div>Au\u00dfenbonsai, der in voller Sonne platziert werden soll.<\/div>\n<div>Der Johanniskirschbaum als Bonsai ist ein Miniaturbaum voller Anmut und Charakter. Sein gedrehter Stamm, gezeichnet von der Zeit, und seine feinen \u00c4ste tragen leuchtend gr\u00fcne Bl\u00e4tter, die im Fr\u00fchling mit zarten wei\u00dfen Bl\u00fcten geschm\u00fcckt sind, die an die Sanftheit bl\u00fchender Kirschb\u00e4ume erinnern. Robust und pflegeleicht, ist dieser Bonsai ideal f\u00fcr Anf\u00e4nger und erfahrene Liebhaber, die einen Baum mit authentischer Sch\u00f6nheit suchen. Perfekt als Mittelpunkt oder als unvergessliches Geschenk, bringt er einen Hauch nat\u00fcrlicher Poesie.   <\/div>\n<div><\/div>\n<div>VERTRAGLICHE FOTOS<\/div>\n","protected":false},"featured_media":1901,"template":"","meta":{"_acf_changed":false},"product_brand":[],"product_cat":[163,164,165],"product_tag":[],"class_list":{"0":"post-2079","1":"product","2":"type-product","3":"status-publish","4":"has-post-thumbnail","6":"product_cat-bonsai","7":"product_cat-laubabwerfend","8":"product_cat-mit-blumen-und-fruchten","10":"first","11":"instock","12":"taxable","13":"shipping-taxable","14":"purchasable","15":"product-type-simple"},"acf":[],"_links":{"self":[{"href":"https:\/\/www.tsukibonsai.com\/de\/wp-json\/wp\/v2\/product\/2079","targetHints":{"allow":["GET"]}}],"collection":[{"href":"https:\/\/www.tsukibonsai.com\/de\/wp-json\/wp\/v2\/product"}],"about":[{"href":"https:\/\/www.tsukibonsai.com\/de\/wp-json\/wp\/v2\/types\/product"}],"wp:featuredmedia":[{"embeddable":true,"href":"https:\/\/www.tsukibonsai.com\/de\/wp-json\/wp\/v2\/media\/1901"}],"wp:attachment":[{"href":"https:\/\/www.tsukibonsai.com\/de\/wp-json\/wp\/v2\/media?parent=2079"}],"wp:term":[{"taxonomy":"product_brand","embeddable":true,"href":"https:\/\/www.tsukibonsai.com\/de\/wp-json\/wp\/v2\/product_brand?post=2079"},{"taxonomy":"product_cat","embeddable":true,"href":"https:\/\/www.tsukibonsai.com\/de\/wp-json\/wp\/v2\/product_cat?post=2079"},{"taxonomy":"product_tag","embeddable":true,"href":"https:\/\/www.tsukibonsai.com\/de\/wp-json\/wp\/v2\/product_tag?post=2079"}],"curies":[{"name":"wp","href":"https:\/\/api.w.org\/{rel}","templated":true}]}}