{"id":2082,"date":"2025-05-26T15:09:08","date_gmt":"2025-05-26T13:09:08","guid":{"rendered":"https:\/\/www.tsukibonsai.com\/produit\/jin-zange-aus-edelstahl-160-mm\/"},"modified":"2025-05-26T15:09:08","modified_gmt":"2025-05-26T13:09:08","slug":"jin-zange-aus-edelstahl-160-mm","status":"publish","type":"product","link":"https:\/\/www.tsukibonsai.com\/de\/produit\/jin-zange-aus-edelstahl-160-mm\/","title":{"rendered":"Jin-Zange aus Edelstahl &#8211; 160 mm"},"content":{"rendered":"<div>\n<div class=\"css-146c3p1 r-bcqeeo r-1ttztb7 r-qvutc0 r-37j5jr r-a023e6 r-16dba41 r-1adg3ll r-1b5gpbm r-a8ghvy\" dir=\"ltr\"><span class=\"css-1jxf684 r-bcqeeo r-1ttztb7 r-qvutc0 r-poiln3\"><span class=\"css-1jxf684 r-bcqeeo r-1ttztb7 r-qvutc0 r-poiln3 r-b88u0q r-a8ghvy\"><span class=\"css-1jxf684 r-bcqeeo r-1ttztb7 r-qvutc0 r-poiln3 r-a8ghvy\">Au\u00dfergew\u00f6hnliche Eigenschaften:<\/span><\/span><\/span><\/div>\n<ul dir=\"ltr\">\n<li>\n<div class=\"css-146c3p1 r-bcqeeo r-1ttztb7 r-qvutc0 r-37j5jr r-a023e6 r-rjixqe r-16dba41\" dir=\"ltr\"><span class=\"css-1jxf684 r-bcqeeo r-1ttztb7 r-qvutc0 r-poiln3 r-b88u0q r-a8ghvy\"><span class=\"css-1jxf684 r-bcqeeo r-1ttztb7 r-qvutc0 r-poiln3\"><span class=\"css-1jxf684 r-bcqeeo r-1ttztb7 r-qvutc0 r-poiln3 r-a8ghvy\">Hochwertiges Material<\/span><\/span><\/span><span class=\"css-1jxf684 r-bcqeeo r-1ttztb7 r-qvutc0 r-poiln3 r-a8ghvy\"><span class=\"css-1jxf684 r-bcqeeo r-1ttztb7 r-qvutc0 r-poiln3\"> : Hergestellt aus hochwertigem Edelstahl, ist diese Zange korrosionsbest\u00e4ndig und garantiert eine bemerkenswerte Langlebigkeit, selbst unter feuchten oder intensiven Bedingungen.<\/span><\/span><\/div>\n<\/li>\n<li>\n<div class=\"css-146c3p1 r-bcqeeo r-1ttztb7 r-qvutc0 r-37j5jr r-a023e6 r-rjixqe r-16dba41\" dir=\"ltr\"><span class=\"css-1jxf684 r-bcqeeo r-1ttztb7 r-qvutc0 r-poiln3 r-b88u0q r-a8ghvy\"><span class=\"css-1jxf684 r-bcqeeo r-1ttztb7 r-qvutc0 r-poiln3\"><span class=\"css-1jxf684 r-bcqeeo r-1ttztb7 r-qvutc0 r-poiln3 r-a8ghvy\">Un\u00fcbertroffene Pr\u00e4zision<\/span><\/span><\/span><span class=\"css-1jxf684 r-bcqeeo r-1ttztb7 r-qvutc0 r-poiln3 r-a8ghvy\"><span class=\"css-1jxf684 r-bcqeeo r-1ttztb7 r-qvutc0 r-poiln3\"> : Mit fein gearbeiteten Backen erm\u00f6glicht die 160 mm Jin-Zange die Erstellung von Jin und Shari mit chirurgischer Pr\u00e4zision f\u00fcr ein nat\u00fcrliches und \u00e4sthetisches Ergebnis.<br \/><\/span><\/span><\/div>\n<\/li>\n<li>\n<div class=\"css-146c3p1 r-bcqeeo r-1ttztb7 r-qvutc0 r-37j5jr r-a023e6 r-rjixqe r-16dba41\" dir=\"ltr\"><span class=\"css-1jxf684 r-bcqeeo r-1ttztb7 r-qvutc0 r-poiln3 r-b88u0q r-a8ghvy\"><span class=\"css-1jxf684 r-bcqeeo r-1ttztb7 r-qvutc0 r-poiln3\"><span class=\"css-1jxf684 r-bcqeeo r-1ttztb7 r-qvutc0 r-poiln3 r-a8ghvy\">Optimale Ergonomie<\/span><\/span><\/span><span class=\"css-1jxf684 r-bcqeeo r-1ttztb7 r-qvutc0 r-poiln3 r-a8ghvy\"><span class=\"css-1jxf684 r-bcqeeo r-1ttztb7 r-qvutc0 r-poiln3\"> : Mit einer L\u00e4nge von 160 mm bietet diese Zange einen komfortablen Griff und perfekte Kontrolle, ideal f\u00fcr filigrane Arbeiten an totem Holz oder zum feinen Formen der Rinde.<br \/><\/span><\/span><\/div>\n<\/li>\n<li>\n<div class=\"css-146c3p1 r-bcqeeo r-1ttztb7 r-qvutc0 r-37j5jr r-a023e6 r-rjixqe r-16dba41\" dir=\"ltr\"><span class=\"css-1jxf684 r-bcqeeo r-1ttztb7 r-qvutc0 r-poiln3 r-b88u0q r-a8ghvy\"><span class=\"css-1jxf684 r-bcqeeo r-1ttztb7 r-qvutc0 r-poiln3\"><span class=\"css-1jxf684 r-bcqeeo r-1ttztb7 r-qvutc0 r-poiln3 r-a8ghvy\">Vielseitigkeit<\/span><\/span><\/span><span class=\"css-1jxf684 r-bcqeeo r-1ttztb7 r-qvutc0 r-poiln3 r-a8ghvy\"><span class=\"css-1jxf684 r-bcqeeo r-1ttztb7 r-qvutc0 r-poiln3\"> : Perfekt f\u00fcr sowohl amateurhafte als auch professionelle Bonsai-K\u00fcnstler, diese Zange gl\u00e4nzt beim Schnitzen von totem Holz, beim Schaffen nat\u00fcrlicher Texturen und bei der pr\u00e4zisen Pflege Ihrer B\u00e4ume.<br \/><\/span><\/span><\/div>\n<\/li>\n<\/ul>\n<\/div>\n","protected":false},"excerpt":{"rendered":"<p>Die Jin-Zange ist ein \u00e4u\u00dferst interessantes und vielseitiges Werkzeug.<\/p>\n<p>Mit ihren Backen k\u00f6nnen Sie bestimmte Teile der Rinde abrei\u00dfen, um Jin oder Shari zu schaffen.<\/p>\n<p>Diese Zange ist auch sehr n\u00fctzlich, um beim Verdrahten Ihrer B\u00e4ume zu helfen und den Draht, der den Baum am Topf befestigt, festzuziehen.<\/p>\n<p>Die Zange hat eine L\u00e4nge von 160 mm.<\/p>\n","protected":false},"featured_media":1920,"template":"","meta":{"_acf_changed":false},"product_brand":[],"product_cat":[207,147,208],"product_tag":[],"class_list":{"0":"post-2082","1":"product","2":"type-product","3":"status-publish","4":"has-post-thumbnail","6":"product_cat-topfwerkzeuge","7":"product_cat-werkzeuge-und-zubehor","8":"product_cat-zange","10":"first","11":"instock","12":"taxable","13":"shipping-taxable","14":"purchasable","15":"product-type-simple"},"acf":[],"_links":{"self":[{"href":"https:\/\/www.tsukibonsai.com\/de\/wp-json\/wp\/v2\/product\/2082","targetHints":{"allow":["GET"]}}],"collection":[{"href":"https:\/\/www.tsukibonsai.com\/de\/wp-json\/wp\/v2\/product"}],"about":[{"href":"https:\/\/www.tsukibonsai.com\/de\/wp-json\/wp\/v2\/types\/product"}],"wp:featuredmedia":[{"embeddable":true,"href":"https:\/\/www.tsukibonsai.com\/de\/wp-json\/wp\/v2\/media\/1920"}],"wp:attachment":[{"href":"https:\/\/www.tsukibonsai.com\/de\/wp-json\/wp\/v2\/media?parent=2082"}],"wp:term":[{"taxonomy":"product_brand","embeddable":true,"href":"https:\/\/www.tsukibonsai.com\/de\/wp-json\/wp\/v2\/product_brand?post=2082"},{"taxonomy":"product_cat","embeddable":true,"href":"https:\/\/www.tsukibonsai.com\/de\/wp-json\/wp\/v2\/product_cat?post=2082"},{"taxonomy":"product_tag","embeddable":true,"href":"https:\/\/www.tsukibonsai.com\/de\/wp-json\/wp\/v2\/product_tag?post=2082"}],"curies":[{"name":"wp","href":"https:\/\/api.w.org\/{rel}","templated":true}]}}