{"id":2112,"date":"2025-06-05T12:40:49","date_gmt":"2025-06-05T10:40:49","guid":{"rendered":"https:\/\/www.tsukibonsai.com\/?post_type=product&#038;p=2112"},"modified":"2025-06-05T12:40:50","modified_gmt":"2025-06-05T10:40:50","slug":"ciseau-a-bois-a-tete-plate-de-19mm-hugo-bonsai","status":"publish","type":"product","link":"https:\/\/www.tsukibonsai.com\/de\/produit\/ciseau-a-bois-a-tete-plate-de-19mm-hugo-bonsai\/","title":{"rendered":"Ciseau \u00e0 bois \u00e0 t\u00eate plate de 19mm &#8211; Hugo Bonsa\u00ef"},"content":{"rendered":"<p><span class=\"css-1jxf684 r-bcqeeo r-1ttztb7 r-qvutc0 r-poiln3\"><span class=\"css-1jxf684 r-bcqeeo r-1ttztb7 r-qvutc0 r-poiln3 r-a8ghvy r-1ay1djp r-clrlgt r-6dt33c r-1ftll1t\">Fabriqu\u00e9 <\/span><span class=\"css-1jxf684 r-bcqeeo r-1ttztb7 r-qvutc0 r-poiln3 r-a8ghvy r-1ay1djp r-clrlgt r-6dt33c r-1ftll1t\">en <\/span><span class=\"css-1jxf684 r-bcqeeo r-1ttztb7 r-qvutc0 r-poiln3 r-b88u0q r-a8ghvy\"><span class=\"css-1jxf684 r-bcqeeo r-1ttztb7 r-qvutc0 r-poiln3 r-a8ghvy r-1ay1djp r-clrlgt r-6dt33c r-1ftll1t\">acier <\/span><span class=\"css-1jxf684 r-bcqeeo r-1ttztb7 r-qvutc0 r-poiln3 r-a8ghvy r-1ay1djp r-clrlgt r-6dt33c r-1ftll1t\">inoxydable<\/span><\/span> <span class=\"css-1jxf684 r-bcqeeo r-1ttztb7 r-qvutc0 r-poiln3 r-a8ghvy r-1ay1djp r-clrlgt r-6dt33c r-1ftll1t\">de <\/span><span class=\"css-1jxf684 r-bcqeeo r-1ttztb7 r-qvutc0 r-poiln3 r-a8ghvy r-1ay1djp r-clrlgt r-6dt33c r-1ftll1t\">haute <\/span><span class=\"css-1jxf684 r-bcqeeo r-1ttztb7 r-qvutc0 r-poiln3 r-a8ghvy r-1ay1djp r-clrlgt r-6dt33c r-1ftll1t\">qualit\u00e9 <\/span><span class=\"css-1jxf684 r-bcqeeo r-1ttztb7 r-qvutc0 r-poiln3 r-a8ghvy r-1ay1djp r-clrlgt r-6dt33c r-1ftll1t\">avec <\/span><span class=\"css-1jxf684 r-bcqeeo r-1ttztb7 r-qvutc0 r-poiln3 r-a8ghvy r-1ay1djp r-clrlgt r-6dt33c r-1ftll1t\">un <\/span><span class=\"css-1jxf684 r-bcqeeo r-1ttztb7 r-qvutc0 r-poiln3 r-b88u0q r-a8ghvy\"><span class=\"css-1jxf684 r-bcqeeo r-1ttztb7 r-qvutc0 r-poiln3 r-a8ghvy r-1ay1djp r-clrlgt r-6dt33c r-1ftll1t\">manche <\/span><span class=\"css-1jxf684 r-bcqeeo r-1ttztb7 r-qvutc0 r-poiln3 r-a8ghvy r-1ay1djp r-clrlgt r-6dt33c r-1ftll1t\">en <\/span><span class=\"css-1jxf684 r-bcqeeo r-1ttztb7 r-qvutc0 r-poiln3 r-a8ghvy r-1ay1djp r-clrlgt r-6dt33c r-1ftll1t\">bois<\/span><\/span> <span class=\"css-1jxf684 r-bcqeeo r-1ttztb7 r-qvutc0 r-poiln3 r-a8ghvy r-1ay1djp r-clrlgt r-6dt33c r-1ftll1t\">ergonomique, <\/span><span class=\"css-1jxf684 r-bcqeeo r-1ttztb7 r-qvutc0 r-poiln3 r-a8ghvy r-1ay1djp r-clrlgt r-6dt33c r-1ftll1t\">ce <\/span><span class=\"css-1jxf684 r-bcqeeo r-1ttztb7 r-qvutc0 r-poiln3 r-a8ghvy r-1ay1djp r-clrlgt r-6dt33c r-1ftll1t\">ciseau <\/span><span class=\"css-1jxf684 r-bcqeeo r-1ttztb7 r-qvutc0 r-poiln3 r-a8ghvy r-1ay1djp r-clrlgt r-6dt33c r-1ftll1t\">\u00e0 <\/span><span class=\"css-1jxf684 r-bcqeeo r-1ttztb7 r-qvutc0 r-poiln3 r-a8ghvy r-1ay1djp r-clrlgt r-6dt33c r-1ftll1t\">lame <\/span><span class=\"css-1jxf684 r-bcqeeo r-1ttztb7 r-qvutc0 r-poiln3 r-a8ghvy r-1ay1djp r-clrlgt r-6dt33c r-1ftll1t\">plate <\/span><span class=\"css-1jxf684 r-bcqeeo r-1ttztb7 r-qvutc0 r-poiln3 r-a8ghvy r-1ay1djp r-clrlgt r-6dt33c r-1ftll1t\">et <\/span><span class=\"css-1jxf684 r-bcqeeo r-1ttztb7 r-qvutc0 r-poiln3 r-a8ghvy r-1ay1djp r-clrlgt r-6dt33c r-1ftll1t\">longue <\/span><span class=\"css-1jxf684 r-bcqeeo r-1ttztb7 r-qvutc0 r-poiln3 r-a8ghvy r-1ay1djp r-clrlgt r-6dt33c r-1ftll1t\">permet <\/span><span class=\"css-1jxf684 r-bcqeeo r-1ttztb7 r-qvutc0 r-poiln3 r-a8ghvy r-1ay1djp r-clrlgt r-6dt33c r-1ftll1t\">des <\/span><span class=\"css-1jxf684 r-bcqeeo r-1ttztb7 r-qvutc0 r-poiln3 r-a8ghvy r-1ay1djp r-clrlgt r-6dt33c r-1ftll1t\">coupes <\/span><span class=\"css-1jxf684 r-bcqeeo r-1ttztb7 r-qvutc0 r-poiln3 r-a8ghvy r-1ay1djp r-clrlgt r-6dt33c r-1ftll1t\">droites <\/span><span class=\"css-1jxf684 r-bcqeeo r-1ttztb7 r-qvutc0 r-poiln3 r-a8ghvy r-1ay1djp r-clrlgt r-6dt33c r-1ftll1t\">et <\/span><span class=\"css-1jxf684 r-bcqeeo r-1ttztb7 r-qvutc0 r-poiln3 r-a8ghvy r-1ay1djp r-clrlgt r-6dt33c r-1ftll1t\">pr\u00e9cises. <\/span><span class=\"css-1jxf684 r-bcqeeo r-1ttztb7 r-qvutc0 r-poiln3 r-a8ghvy r-1ay1djp r-clrlgt r-6dt33c r-1ftll1t\">Parfait <\/span><span class=\"css-1jxf684 r-bcqeeo r-1ttztb7 r-qvutc0 r-poiln3 r-a8ghvy r-1ay1djp r-clrlgt r-6dt33c r-1ftll1t\">pour <\/span><span class=\"css-1jxf684 r-bcqeeo r-1ttztb7 r-qvutc0 r-poiln3 r-a8ghvy r-1ay1djp r-clrlgt r-6dt33c r-1ftll1t\">retirer <\/span><span class=\"css-1jxf684 r-bcqeeo r-1ttztb7 r-qvutc0 r-poiln3 r-a8ghvy r-1ay1djp r-clrlgt r-6dt33c r-1ftll1t\">l\u2019\u00e9corce, <\/span><span class=\"css-1jxf684 r-bcqeeo r-1ttztb7 r-qvutc0 r-poiln3 r-a8ghvy r-1ay1djp r-clrlgt r-6dt33c r-1ftll1t\">cr\u00e9er <\/span><span class=\"css-1jxf684 r-bcqeeo r-1ttztb7 r-qvutc0 r-poiln3 r-a8ghvy r-1ay1djp r-clrlgt r-6dt33c r-1ftll1t\">des <\/span><span class=\"css-1jxf684 r-bcqeeo r-1ttztb7 r-qvutc0 r-poiln3 r-a8ghvy r-1ay1djp r-clrlgt r-6dt33c r-1ftll1t\">jin, <\/span><span class=\"css-1jxf684 r-bcqeeo r-1ttztb7 r-qvutc0 r-poiln3 r-a8ghvy r-1ay1djp r-clrlgt r-6dt33c r-1ftll1t\">shari <\/span><span class=\"css-1jxf684 r-bcqeeo r-1ttztb7 r-qvutc0 r-poiln3 r-a8ghvy r-1ay1djp r-clrlgt r-6dt33c r-1ftll1t\">ou <\/span><span class=\"css-1jxf684 r-bcqeeo r-1ttztb7 r-qvutc0 r-poiln3 r-a8ghvy r-1ay1djp r-clrlgt r-6dt33c r-1ftll1t\">des <\/span><span class=\"css-1jxf684 r-bcqeeo r-1ttztb7 r-qvutc0 r-poiln3 r-a8ghvy r-1ay1djp r-clrlgt r-6dt33c r-1ftll1t\">surfaces <\/span><span class=\"css-1jxf684 r-bcqeeo r-1ttztb7 r-qvutc0 r-poiln3 r-a8ghvy r-1ay1djp r-clrlgt r-6dt33c r-1ftll1t\">lisses, <\/span><span class=\"css-1jxf684 r-bcqeeo r-1ttztb7 r-qvutc0 r-poiln3 r-a8ghvy r-1ay1djp r-clrlgt r-6dt33c r-1ftll1t\">il <\/span><span class=\"css-1jxf684 r-bcqeeo r-1ttztb7 r-qvutc0 r-poiln3 r-a8ghvy r-1ay1djp r-clrlgt r-6dt33c r-1ftll1t\">excelle <\/span><span class=\"css-1jxf684 r-bcqeeo r-1ttztb7 r-qvutc0 r-poiln3 r-a8ghvy r-1ay1djp r-clrlgt r-6dt33c r-1ftll1t\">dans <\/span><span class=\"css-1jxf684 r-bcqeeo r-1ttztb7 r-qvutc0 r-poiln3 r-a8ghvy r-1ay1djp r-clrlgt r-6dt33c r-1ftll1t\">les <\/span><span class=\"css-1jxf684 r-bcqeeo r-1ttztb7 r-qvutc0 r-poiln3 r-a8ghvy r-1ay1djp r-clrlgt r-6dt33c r-1ftll1t\">travaux <\/span><span class=\"css-1jxf684 r-bcqeeo r-1ttztb7 r-qvutc0 r-poiln3 r-a8ghvy r-1ay1djp r-clrlgt r-6dt33c r-1ftll1t\">n\u00e9cessitant <\/span><span class=\"css-1jxf684 r-bcqeeo r-1ttztb7 r-qvutc0 r-poiln3 r-a8ghvy r-1ay1djp r-clrlgt r-6dt33c r-1ftll1t\">uniformit\u00e9 <\/span><span class=\"css-1jxf684 r-bcqeeo r-1ttztb7 r-qvutc0 r-poiln3 r-a8ghvy r-1ay1djp r-clrlgt r-6dt33c r-1ftll1t\">et <\/span><span class=\"css-1jxf684 r-bcqeeo r-1ttztb7 r-qvutc0 r-poiln3 r-a8ghvy r-1ay1djp r-clrlgt r-6dt33c r-1ftll1t\">nettet\u00e9. <\/span><span class=\"css-1jxf684 r-bcqeeo r-1ttztb7 r-qvutc0 r-poiln3 r-a8ghvy r-1ay1djp r-clrlgt r-6dt33c r-1ftll1t\">Durable <\/span><span class=\"css-1jxf684 r-bcqeeo r-1ttztb7 r-qvutc0 r-poiln3 r-a8ghvy r-1ay1djp r-clrlgt r-6dt33c r-1ftll1t\">et <\/span><span class=\"css-1jxf684 r-bcqeeo r-1ttztb7 r-qvutc0 r-poiln3 r-a8ghvy r-1ay1djp r-clrlgt r-6dt33c r-1ftll1t\">r\u00e9sistant <\/span><span class=\"css-1jxf684 r-bcqeeo r-1ttztb7 r-qvutc0 r-poiln3 r-a8ghvy r-1ay1djp r-clrlgt r-6dt33c r-1ftll1t\">\u00e0 <\/span><span class=\"css-1jxf684 r-bcqeeo r-1ttztb7 r-qvutc0 r-poiln3 r-a8ghvy r-1ay1djp r-clrlgt r-6dt33c r-1ftll1t\">la <\/span><span class=\"css-1jxf684 r-bcqeeo r-1ttztb7 r-qvutc0 r-poiln3 r-a8ghvy r-1ay1djp r-clrlgt r-6dt33c r-1ftll1t\">corrosion, <\/span><span class=\"css-1jxf684 r-bcqeeo r-1ttztb7 r-qvutc0 r-poiln3 r-a8ghvy r-1ay1djp r-clrlgt r-6dt33c r-1ftll1t\">cet <\/span><span class=\"css-1jxf684 r-bcqeeo r-1ttztb7 r-qvutc0 r-poiln3 r-a8ghvy r-1ay1djp r-clrlgt r-6dt33c r-1ftll1t\">outil <\/span><span class=\"css-1jxf684 r-bcqeeo r-1ttztb7 r-qvutc0 r-poiln3 r-a8ghvy r-1ay1djp r-clrlgt r-6dt33c r-1ftll1t\">est <\/span><span class=\"css-1jxf684 r-bcqeeo r-1ttztb7 r-qvutc0 r-poiln3 r-a8ghvy r-1ay1djp r-clrlgt r-6dt33c r-1ftll1t\">con\u00e7u <\/span><span class=\"css-1jxf684 r-bcqeeo r-1ttztb7 r-qvutc0 r-poiln3 r-a8ghvy r-1ay1djp r-clrlgt r-6dt33c r-1ftll1t\">pour <\/span><span class=\"css-1jxf684 r-bcqeeo r-1ttztb7 r-qvutc0 r-poiln3 r-a8ghvy r-1ay1djp r-clrlgt r-6dt33c r-1ftll1t\">durer.<\/span><\/span><\/p>\n<div>\n<div class=\"css-146c3p1 r-bcqeeo r-1ttztb7 r-qvutc0 r-37j5jr r-a023e6 r-16dba41 r-1adg3ll r-1b5gpbm r-a8ghvy\" dir=\"ltr\"><span class=\"css-1jxf684 r-bcqeeo r-1ttztb7 r-qvutc0 r-poiln3\"><span class=\"css-1jxf684 r-bcqeeo r-1ttztb7 r-qvutc0 r-poiln3 r-b88u0q r-a8ghvy\"><span class=\"css-1jxf684 r-bcqeeo r-1ttztb7 r-qvutc0 r-poiln3 r-a8ghvy r-1ay1djp r-clrlgt r-6dt33c r-1ftll1t\">Caract\u00e9ristiques <\/span><span class=\"css-1jxf684 r-bcqeeo r-1ttztb7 r-qvutc0 r-poiln3 r-a8ghvy r-1ay1djp r-clrlgt r-6dt33c r-1ftll1t\">principales <\/span><span class=\"css-1jxf684 r-bcqeeo r-1ttztb7 r-qvutc0 r-poiln3 r-a8ghvy r-1ay1djp r-clrlgt r-6dt33c r-1ftll1t\">:<\/span><\/span><\/span><\/div>\n<ul dir=\"ltr\">\n<li>\n<div class=\"css-146c3p1 r-bcqeeo r-1ttztb7 r-qvutc0 r-37j5jr r-a023e6 r-rjixqe r-16dba41\" dir=\"ltr\"><span class=\"css-1jxf684 r-bcqeeo r-1ttztb7 r-qvutc0 r-poiln3 r-b88u0q r-a8ghvy\"><span class=\"css-1jxf684 r-bcqeeo r-1ttztb7 r-qvutc0 r-poiln3\"><span class=\"css-1jxf684 r-bcqeeo r-1ttztb7 r-qvutc0 r-poiln3 r-a8ghvy r-1ay1djp r-clrlgt r-6dt33c r-1ftll1t\">Lame <\/span><span class=\"css-1jxf684 r-bcqeeo r-1ttztb7 r-qvutc0 r-poiln3 r-a8ghvy r-1ay1djp r-clrlgt r-6dt33c r-1ftll1t\">plate <\/span><span class=\"css-1jxf684 r-bcqeeo r-1ttztb7 r-qvutc0 r-poiln3 r-a8ghvy r-1ay1djp r-clrlgt r-6dt33c r-1ftll1t\">et <\/span><span class=\"css-1jxf684 r-bcqeeo r-1ttztb7 r-qvutc0 r-poiln3 r-a8ghvy r-1ay1djp r-clrlgt r-6dt33c r-1ftll1t\">longue<\/span><\/span><\/span> <span class=\"css-1jxf684 r-bcqeeo r-1ttztb7 r-qvutc0 r-poiln3 r-a8ghvy r-1ay1djp r-clrlgt r-6dt33c r-1ftll1t\"><span class=\"css-1jxf684 r-bcqeeo r-1ttztb7 r-qvutc0 r-poiln3\">:<\/span> <\/span><span class=\"css-1jxf684 r-bcqeeo r-1ttztb7 r-qvutc0 r-poiln3 r-a8ghvy r-1ay1djp r-clrlgt r-6dt33c r-1ftll1t\"><span class=\"css-1jxf684 r-bcqeeo r-1ttztb7 r-qvutc0 r-poiln3\">Id\u00e9ale<\/span> <\/span><span class=\"css-1jxf684 r-bcqeeo r-1ttztb7 r-qvutc0 r-poiln3 r-a8ghvy r-1ay1djp r-clrlgt r-6dt33c r-1ftll1t\"><span class=\"css-1jxf684 r-bcqeeo r-1ttztb7 r-qvutc0 r-poiln3\">pour<\/span> <\/span><span class=\"css-1jxf684 r-bcqeeo r-1ttztb7 r-qvutc0 r-poiln3 r-a8ghvy r-1ay1djp r-clrlgt r-6dt33c r-1ftll1t\"><span class=\"css-1jxf684 r-bcqeeo r-1ttztb7 r-qvutc0 r-poiln3\">des<\/span> <\/span><span class=\"css-1jxf684 r-bcqeeo r-1ttztb7 r-qvutc0 r-poiln3 r-a8ghvy r-1ay1djp r-clrlgt r-6dt33c r-1ftll1t\"><span class=\"css-1jxf684 r-bcqeeo r-1ttztb7 r-qvutc0 r-poiln3\">coupes<\/span> <\/span><span class=\"css-1jxf684 r-bcqeeo r-1ttztb7 r-qvutc0 r-poiln3 r-a8ghvy r-1ay1djp r-clrlgt r-6dt33c r-1ftll1t\"><span class=\"css-1jxf684 r-bcqeeo r-1ttztb7 r-qvutc0 r-poiln3\">droites<\/span> <\/span><span class=\"css-1jxf684 r-bcqeeo r-1ttztb7 r-qvutc0 r-poiln3 r-a8ghvy r-1ay1djp r-clrlgt r-6dt33c r-1ftll1t\"><span class=\"css-1jxf684 r-bcqeeo r-1ttztb7 r-qvutc0 r-poiln3\">et<\/span> <\/span><span class=\"css-1jxf684 r-bcqeeo r-1ttztb7 r-qvutc0 r-poiln3 r-a8ghvy r-1ay1djp r-clrlgt r-6dt33c r-1ftll1t\"><span class=\"css-1jxf684 r-bcqeeo r-1ttztb7 r-qvutc0 r-poiln3\">uniformes.<\/span><\/span><\/div>\n<\/li>\n<li>\n<div class=\"css-146c3p1 r-bcqeeo r-1ttztb7 r-qvutc0 r-37j5jr r-a023e6 r-rjixqe r-16dba41\" dir=\"ltr\"><span class=\"css-1jxf684 r-bcqeeo r-1ttztb7 r-qvutc0 r-poiln3 r-b88u0q r-a8ghvy\"><span class=\"css-1jxf684 r-bcqeeo r-1ttztb7 r-qvutc0 r-poiln3\"><span class=\"css-1jxf684 r-bcqeeo r-1ttztb7 r-qvutc0 r-poiln3 r-a8ghvy r-1ay1djp r-clrlgt r-6dt33c r-1ftll1t\">Mat\u00e9riau<\/span><\/span><\/span> <span class=\"css-1jxf684 r-bcqeeo r-1ttztb7 r-qvutc0 r-poiln3 r-a8ghvy r-1ay1djp r-clrlgt r-6dt33c r-1ftll1t\"><span class=\"css-1jxf684 r-bcqeeo r-1ttztb7 r-qvutc0 r-poiln3\">:<\/span> <\/span><span class=\"css-1jxf684 r-bcqeeo r-1ttztb7 r-qvutc0 r-poiln3 r-a8ghvy r-1ay1djp r-clrlgt r-6dt33c r-1ftll1t\"><span class=\"css-1jxf684 r-bcqeeo r-1ttztb7 r-qvutc0 r-poiln3\">Acier<\/span> <\/span><span class=\"css-1jxf684 r-bcqeeo r-1ttztb7 r-qvutc0 r-poiln3 r-a8ghvy r-1ay1djp r-clrlgt r-6dt33c r-1ftll1t\"><span class=\"css-1jxf684 r-bcqeeo r-1ttztb7 r-qvutc0 r-poiln3\">inoxydable,<\/span> <\/span><span class=\"css-1jxf684 r-bcqeeo r-1ttztb7 r-qvutc0 r-poiln3 r-a8ghvy r-1ay1djp r-clrlgt r-6dt33c r-1ftll1t\"><span class=\"css-1jxf684 r-bcqeeo r-1ttztb7 r-qvutc0 r-poiln3\">pour<\/span> <\/span><span class=\"css-1jxf684 r-bcqeeo r-1ttztb7 r-qvutc0 r-poiln3 r-a8ghvy r-1ay1djp r-clrlgt r-6dt33c r-1ftll1t\"><span class=\"css-1jxf684 r-bcqeeo r-1ttztb7 r-qvutc0 r-poiln3\">une<\/span> <\/span><span class=\"css-1jxf684 r-bcqeeo r-1ttztb7 r-qvutc0 r-poiln3 r-a8ghvy r-1ay1djp r-clrlgt r-6dt33c r-1ftll1t\"><span class=\"css-1jxf684 r-bcqeeo r-1ttztb7 r-qvutc0 r-poiln3\">r\u00e9sistance<\/span> <\/span><span class=\"css-1jxf684 r-bcqeeo r-1ttztb7 r-qvutc0 r-poiln3 r-a8ghvy r-1ay1djp r-clrlgt r-6dt33c r-1ftll1t\"><span class=\"css-1jxf684 r-bcqeeo r-1ttztb7 r-qvutc0 r-poiln3\">\u00e0<\/span> <\/span><span class=\"css-1jxf684 r-bcqeeo r-1ttztb7 r-qvutc0 r-poiln3 r-a8ghvy r-1ay1djp r-clrlgt r-6dt33c r-1ftll1t\"><span class=\"css-1jxf684 r-bcqeeo r-1ttztb7 r-qvutc0 r-poiln3\">la<\/span> <\/span><span class=\"css-1jxf684 r-bcqeeo r-1ttztb7 r-qvutc0 r-poiln3 r-a8ghvy r-1ay1djp r-clrlgt r-6dt33c r-1ftll1t\"><span class=\"css-1jxf684 r-bcqeeo r-1ttztb7 r-qvutc0 r-poiln3\">corrosion.<\/span><\/span><\/div>\n<\/li>\n<li>\n<div class=\"css-146c3p1 r-bcqeeo r-1ttztb7 r-qvutc0 r-37j5jr r-a023e6 r-rjixqe r-16dba41\" dir=\"ltr\"><span class=\"css-1jxf684 r-bcqeeo r-1ttztb7 r-qvutc0 r-poiln3 r-b88u0q r-a8ghvy\"><span class=\"css-1jxf684 r-bcqeeo r-1ttztb7 r-qvutc0 r-poiln3\"><span class=\"css-1jxf684 r-bcqeeo r-1ttztb7 r-qvutc0 r-poiln3 r-a8ghvy r-1ay1djp r-clrlgt r-6dt33c r-1ftll1t\">Manche <\/span><span class=\"css-1jxf684 r-bcqeeo r-1ttztb7 r-qvutc0 r-poiln3 r-a8ghvy r-1ay1djp r-clrlgt r-6dt33c r-1ftll1t\">en <\/span><span class=\"css-1jxf684 r-bcqeeo r-1ttztb7 r-qvutc0 r-poiln3 r-a8ghvy r-1ay1djp r-clrlgt r-6dt33c r-1ftll1t\">bois<\/span><\/span><\/span> <span class=\"css-1jxf684 r-bcqeeo r-1ttztb7 r-qvutc0 r-poiln3 r-a8ghvy r-1ay1djp r-clrlgt r-6dt33c r-1ftll1t\"><span class=\"css-1jxf684 r-bcqeeo r-1ttztb7 r-qvutc0 r-poiln3\">:<\/span> <\/span><span class=\"css-1jxf684 r-bcqeeo r-1ttztb7 r-qvutc0 r-poiln3 r-a8ghvy r-1ay1djp r-clrlgt r-6dt33c r-1ftll1t\"><span class=\"css-1jxf684 r-bcqeeo r-1ttztb7 r-qvutc0 r-poiln3\">Ergonomique,<\/span> <\/span><span class=\"css-1jxf684 r-bcqeeo r-1ttztb7 r-qvutc0 r-poiln3 r-a8ghvy r-1ay1djp r-clrlgt r-6dt33c r-1ftll1t\"><span class=\"css-1jxf684 r-bcqeeo r-1ttztb7 r-qvutc0 r-poiln3\">pour<\/span> <\/span><span class=\"css-1jxf684 r-bcqeeo r-1ttztb7 r-qvutc0 r-poiln3 r-a8ghvy r-1ay1djp r-clrlgt r-6dt33c r-1ftll1t\"><span class=\"css-1jxf684 r-bcqeeo r-1ttztb7 r-qvutc0 r-poiln3\">un<\/span> <\/span><span class=\"css-1jxf684 r-bcqeeo r-1ttztb7 r-qvutc0 r-poiln3 r-a8ghvy r-1ay1djp r-clrlgt r-6dt33c r-1ftll1t\"><span class=\"css-1jxf684 r-bcqeeo r-1ttztb7 r-qvutc0 r-poiln3\">confort<\/span> <\/span><span class=\"css-1jxf684 r-bcqeeo r-1ttztb7 r-qvutc0 r-poiln3 r-a8ghvy r-1ay1djp r-clrlgt r-6dt33c r-1ftll1t\"><span class=\"css-1jxf684 r-bcqeeo r-1ttztb7 r-qvutc0 r-poiln3\">prolong\u00e9.<\/span><\/span><\/div>\n<\/li>\n<li>\n<div class=\"css-146c3p1 r-bcqeeo r-1ttztb7 r-qvutc0 r-37j5jr r-a023e6 r-rjixqe r-16dba41\" dir=\"ltr\"><span class=\"css-1jxf684 r-bcqeeo r-1ttztb7 r-qvutc0 r-poiln3 r-b88u0q r-a8ghvy\"><span class=\"css-1jxf684 r-bcqeeo r-1ttztb7 r-qvutc0 r-poiln3\"><span class=\"css-1jxf684 r-bcqeeo r-1ttztb7 r-qvutc0 r-poiln3 r-a8ghvy r-1ay1djp r-clrlgt r-6dt33c r-1ftll1t\">Utilisation<\/span><\/span><\/span> <span class=\"css-1jxf684 r-bcqeeo r-1ttztb7 r-qvutc0 r-poiln3 r-a8ghvy r-1ay1djp r-clrlgt r-6dt33c r-1ftll1t\"><span class=\"css-1jxf684 r-bcqeeo r-1ttztb7 r-qvutc0 r-poiln3\">:<\/span> <\/span><span class=\"css-1jxf684 r-bcqeeo r-1ttztb7 r-qvutc0 r-poiln3 r-a8ghvy r-1ay1djp r-clrlgt r-6dt33c r-1ftll1t\"><span class=\"css-1jxf684 r-bcqeeo r-1ttztb7 r-qvutc0 r-poiln3\">Parfait<\/span> <\/span><span class=\"css-1jxf684 r-bcqeeo r-1ttztb7 r-qvutc0 r-poiln3 r-a8ghvy r-1ay1djp r-clrlgt r-6dt33c r-1ftll1t\"><span class=\"css-1jxf684 r-bcqeeo r-1ttztb7 r-qvutc0 r-poiln3\">pour<\/span> <\/span><span class=\"css-1jxf684 r-bcqeeo r-1ttztb7 r-qvutc0 r-poiln3 r-a8ghvy r-1ay1djp r-clrlgt r-6dt33c r-1ftll1t\"><span class=\"css-1jxf684 r-bcqeeo r-1ttztb7 r-qvutc0 r-poiln3\">sculpter<\/span> <\/span><span class=\"css-1jxf684 r-bcqeeo r-1ttztb7 r-qvutc0 r-poiln3 r-a8ghvy r-1ay1djp r-clrlgt r-6dt33c r-1ftll1t\"><span class=\"css-1jxf684 r-bcqeeo r-1ttztb7 r-qvutc0 r-poiln3\">des<\/span> <\/span><span class=\"css-1jxf684 r-bcqeeo r-1ttztb7 r-qvutc0 r-poiln3 r-a8ghvy r-1ay1djp r-clrlgt r-6dt33c r-1ftll1t\"><span class=\"css-1jxf684 r-bcqeeo r-1ttztb7 r-qvutc0 r-poiln3\">surfaces<\/span> <\/span><span class=\"css-1jxf684 r-bcqeeo r-1ttztb7 r-qvutc0 r-poiln3 r-a8ghvy r-1ay1djp r-clrlgt r-6dt33c r-1ftll1t\"><span class=\"css-1jxf684 r-bcqeeo r-1ttztb7 r-qvutc0 r-poiln3\">planes,<\/span> <\/span><span class=\"css-1jxf684 r-bcqeeo r-1ttztb7 r-qvutc0 r-poiln3 r-a8ghvy r-1ay1djp r-clrlgt r-6dt33c r-1ftll1t\"><span class=\"css-1jxf684 r-bcqeeo r-1ttztb7 r-qvutc0 r-poiln3\">jin<\/span> <\/span><span class=\"css-1jxf684 r-bcqeeo r-1ttztb7 r-qvutc0 r-poiln3 r-a8ghvy r-1ay1djp r-clrlgt r-6dt33c r-1ftll1t\"><span class=\"css-1jxf684 r-bcqeeo r-1ttztb7 r-qvutc0 r-poiln3\">et<\/span> <\/span><span class=\"css-1jxf684 r-bcqeeo r-1ttztb7 r-qvutc0 r-poiln3 r-a8ghvy r-1ay1djp r-clrlgt r-6dt33c r-1ftll1t\"><span class=\"css-1jxf684 r-bcqeeo r-1ttztb7 r-qvutc0 r-poiln3\">shari.<\/span><\/span><\/div>\n<\/li>\n<\/ul>\n<\/div>\n","protected":false},"excerpt":{"rendered":"<p>Ciseau \u00e0 bois \u00e0 t\u00eate plate de 19mm de tr\u00e8s haute qualit\u00e9 de la marque Hugo Bonsa\u00ef.<\/p>\n<p>T\u00eate de 19mm.<\/p>\n<p>Longueur de l&#8217;outil : 245mm<\/p>\n<p>Fabrication en acier inoxydable et manche en bois.<\/p>\n<p>&nbsp;<\/p>\n","protected":false},"featured_media":2113,"template":"","meta":{"_acf_changed":false},"product_brand":[],"product_cat":[135,137,141,133],"product_tag":[],"class_list":{"0":"post-2112","1":"product","2":"type-product","3":"status-publish","4":"has-post-thumbnail","6":"product_cat-outils-accessoires","7":"product_cat-ciseaux","8":"product_cat-divers","9":"product_cat-traitement-bois-mort","11":"first","12":"instock","13":"taxable","14":"shipping-taxable","15":"purchasable","16":"product-type-simple"},"acf":[],"_links":{"self":[{"href":"https:\/\/www.tsukibonsai.com\/de\/wp-json\/wp\/v2\/product\/2112","targetHints":{"allow":["GET"]}}],"collection":[{"href":"https:\/\/www.tsukibonsai.com\/de\/wp-json\/wp\/v2\/product"}],"about":[{"href":"https:\/\/www.tsukibonsai.com\/de\/wp-json\/wp\/v2\/types\/product"}],"wp:featuredmedia":[{"embeddable":true,"href":"https:\/\/www.tsukibonsai.com\/de\/wp-json\/wp\/v2\/media\/2113"}],"wp:attachment":[{"href":"https:\/\/www.tsukibonsai.com\/de\/wp-json\/wp\/v2\/media?parent=2112"}],"wp:term":[{"taxonomy":"product_brand","embeddable":true,"href":"https:\/\/www.tsukibonsai.com\/de\/wp-json\/wp\/v2\/product_brand?post=2112"},{"taxonomy":"product_cat","embeddable":true,"href":"https:\/\/www.tsukibonsai.com\/de\/wp-json\/wp\/v2\/product_cat?post=2112"},{"taxonomy":"product_tag","embeddable":true,"href":"https:\/\/www.tsukibonsai.com\/de\/wp-json\/wp\/v2\/product_tag?post=2112"}],"curies":[{"name":"wp","href":"https:\/\/api.w.org\/{rel}","templated":true}]}}