{"id":2136,"date":"2025-05-26T16:13:51","date_gmt":"2025-05-26T14:13:51","guid":{"rendered":"https:\/\/www.tsukibonsai.com\/produit\/schraege-konkavzange-aus-edelstahl-180-mm\/"},"modified":"2025-05-26T16:13:51","modified_gmt":"2025-05-26T14:13:51","slug":"schraege-konkavzange-aus-edelstahl-180-mm","status":"publish","type":"product","link":"https:\/\/www.tsukibonsai.com\/de\/produit\/schraege-konkavzange-aus-edelstahl-180-mm\/","title":{"rendered":"Schr\u00e4ge Konkavzange aus Edelstahl &#8211; 180 mm"},"content":{"rendered":"<p><span class=\"css-1jxf684 r-bcqeeo r-1ttztb7 r-qvutc0 r-poiln3\"><span class=\"css-1jxf684 r-bcqeeo r-1ttztb7 r-qvutc0 r-poiln3 r-b88u0q r-a8ghvy\"><span class=\"css-1jxf684 r-bcqeeo r-1ttztb7 r-qvutc0 r-poiln3 r-a8ghvy\">Hervorragende Eigenschaften:<\/span><\/span><\/span><\/p>\n<div>\n<ul dir=\"ltr\">\n<li>\n<div class=\"css-146c3p1 r-bcqeeo r-1ttztb7 r-qvutc0 r-37j5jr r-a023e6 r-rjixqe r-16dba41\" dir=\"ltr\"><span class=\"css-1jxf684 r-bcqeeo r-1ttztb7 r-qvutc0 r-poiln3 r-b88u0q r-a8ghvy\"><span class=\"css-1jxf684 r-bcqeeo r-1ttztb7 r-qvutc0 r-poiln3\"><span class=\"css-1jxf684 r-bcqeeo r-1ttztb7 r-qvutc0 r-poiln3 r-a8ghvy\"><br \/>Hochwertiger Edelstahl<\/span><\/span><\/span><span class=\"css-1jxf684 r-bcqeeo r-1ttztb7 r-qvutc0 r-poiln3 r-a8ghvy\"><span class=\"css-1jxf684 r-bcqeeo r-1ttztb7 r-qvutc0 r-poiln3\"> : Diese Zange ist aus hochwertigem Edelstahl geschmiedet, korrosionsbest\u00e4ndig und bietet au\u00dfergew\u00f6hnliche Langlebigkeit, selbst bei intensivem Einsatz unter feuchten Bedingungen.<\/span><\/span><\/div>\n<\/li>\n<li>\n<div class=\"css-146c3p1 r-bcqeeo r-1ttztb7 r-qvutc0 r-37j5jr r-a023e6 r-rjixqe r-16dba41\" dir=\"ltr\"><span class=\"css-1jxf684 r-bcqeeo r-1ttztb7 r-qvutc0 r-poiln3 r-b88u0q r-a8ghvy\"><span class=\"css-1jxf684 r-bcqeeo r-1ttztb7 r-qvutc0 r-poiln3\"><span class=\"css-1jxf684 r-bcqeeo r-1ttztb7 r-qvutc0 r-poiln3 r-a8ghvy\">Pr\u00e4zise Konkavschnitte<\/span><\/span><\/span><span class=\"css-1jxf684 r-bcqeeo r-1ttztb7 r-qvutc0 r-poiln3 r-a8ghvy\"><span class=\"css-1jxf684 r-bcqeeo r-1ttztb7 r-qvutc0 r-poiln3\"> : Die speziell entwickelten konkaven Klingen erm\u00f6glichen saubere Schnitte, die eine schnelle und nat\u00fcrliche Heilung f\u00f6rdern und sichtbare Spuren f\u00fcr ein makelloses \u00e4sthetisches Ergebnis minimieren.<\/span><\/span><\/div>\n<\/li>\n<li>\n<div class=\"css-146c3p1 r-bcqeeo r-1ttztb7 r-qvutc0 r-37j5jr r-a023e6 r-rjixqe r-16dba41\" dir=\"ltr\"><span class=\"css-1jxf684 r-bcqeeo r-1ttztb7 r-qvutc0 r-poiln3 r-b88u0q r-a8ghvy\"><span class=\"css-1jxf684 r-bcqeeo r-1ttztb7 r-qvutc0 r-poiln3\"><span class=\"css-1jxf684 r-bcqeeo r-1ttztb7 r-qvutc0 r-poiln3 r-a8ghvy\">Optimale Ergonomie<\/span><\/span><\/span><span class=\"css-1jxf684 r-bcqeeo r-1ttztb7 r-qvutc0 r-poiln3 r-a8ghvy\"><span class=\"css-1jxf684 r-bcqeeo r-1ttztb7 r-qvutc0 r-poiln3\"> : Mit ihrer kompakten L\u00e4nge von 180 mm bietet diese Zange einen bequemen Griff und pr\u00e4zise Kontrolle, ideal f\u00fcr mittelgro\u00dfe bis kleine \u00c4ste.<\/span><\/span><\/div>\n<\/li>\n<li>\n<div class=\"css-146c3p1 r-bcqeeo r-1ttztb7 r-qvutc0 r-37j5jr r-a023e6 r-rjixqe r-16dba41\" dir=\"ltr\"><span class=\"css-1jxf684 r-bcqeeo r-1ttztb7 r-qvutc0 r-poiln3 r-b88u0q r-a8ghvy\"><span class=\"css-1jxf684 r-bcqeeo r-1ttztb7 r-qvutc0 r-poiln3\"><span class=\"css-1jxf684 r-bcqeeo r-1ttztb7 r-qvutc0 r-poiln3 r-a8ghvy\">Professionelle Vielseitigkeit<\/span><\/span><\/span><span class=\"css-1jxf684 r-bcqeeo r-1ttztb7 r-qvutc0 r-poiln3 r-a8ghvy\"><span class=\"css-1jxf684 r-bcqeeo r-1ttztb7 r-qvutc0 r-poiln3\"> : Perfekt zum Schneiden von \u00c4sten und gleichzeitigen Gestalten nat\u00fcrlicher Formen, ist diese Zange sowohl f\u00fcr Bonsai-Anf\u00e4nger als auch f\u00fcr Experten geeignet, die ihre Kreationen perfektionieren m\u00f6chten.<br \/><\/span><\/span><\/div>\n<\/li>\n<\/ul>\n<\/div>\n","protected":false},"excerpt":{"rendered":"<p>Schr\u00e4ge Konkavzange aus hochwertigem Edelstahl.<\/p>\n<p>Diese Zange ist ideal f\u00fcr das Schneiden von mittelgro\u00dfen und gro\u00dfen \u00c4sten.<\/p>\n<p>Neben einem sauberen und pr\u00e4zisen Schnitt erm\u00f6glicht die Kr\u00fcmmung der Backen eine &#8222;nat\u00fcrlichere&#8220; und harmonischere Heilung im Vergleich zu einer klassischen Konkavzange.<\/p>\n<p>L\u00e4nge: 180 mm<\/p>\n<p>&nbsp;<\/p>\n","protected":false},"featured_media":1940,"template":"","meta":{"_acf_changed":false},"product_brand":[],"product_cat":[208,147],"product_tag":[],"class_list":{"0":"post-2136","1":"product","2":"type-product","3":"status-publish","4":"has-post-thumbnail","6":"product_cat-zange","7":"product_cat-werkzeuge-und-zubehor","9":"first","10":"instock","11":"taxable","12":"shipping-taxable","13":"purchasable","14":"product-type-simple"},"acf":[],"_links":{"self":[{"href":"https:\/\/www.tsukibonsai.com\/de\/wp-json\/wp\/v2\/product\/2136","targetHints":{"allow":["GET"]}}],"collection":[{"href":"https:\/\/www.tsukibonsai.com\/de\/wp-json\/wp\/v2\/product"}],"about":[{"href":"https:\/\/www.tsukibonsai.com\/de\/wp-json\/wp\/v2\/types\/product"}],"wp:featuredmedia":[{"embeddable":true,"href":"https:\/\/www.tsukibonsai.com\/de\/wp-json\/wp\/v2\/media\/1940"}],"wp:attachment":[{"href":"https:\/\/www.tsukibonsai.com\/de\/wp-json\/wp\/v2\/media?parent=2136"}],"wp:term":[{"taxonomy":"product_brand","embeddable":true,"href":"https:\/\/www.tsukibonsai.com\/de\/wp-json\/wp\/v2\/product_brand?post=2136"},{"taxonomy":"product_cat","embeddable":true,"href":"https:\/\/www.tsukibonsai.com\/de\/wp-json\/wp\/v2\/product_cat?post=2136"},{"taxonomy":"product_tag","embeddable":true,"href":"https:\/\/www.tsukibonsai.com\/de\/wp-json\/wp\/v2\/product_tag?post=2136"}],"curies":[{"name":"wp","href":"https:\/\/api.w.org\/{rel}","templated":true}]}}