{"id":2148,"date":"2025-05-27T11:38:31","date_gmt":"2025-05-27T09:38:31","guid":{"rendered":"https:\/\/www.tsukibonsai.com\/produit\/feine-konkavzange-aus-edelstahl-180-mm\/"},"modified":"2025-05-27T11:38:31","modified_gmt":"2025-05-27T09:38:31","slug":"feine-konkavzange-aus-edelstahl-180-mm","status":"publish","type":"product","link":"https:\/\/www.tsukibonsai.com\/de\/produit\/feine-konkavzange-aus-edelstahl-180-mm\/","title":{"rendered":"Feine Konkavzange aus Edelstahl &#8211; 180 mm"},"content":{"rendered":"<div>\n<div class=\"css-175oi2r r-1wbh5a2 r-11niif6 r-13qz1uu\">\n<div class=\"css-175oi2r r-3pj75a\">\n<div class=\"css-175oi2r\">\n<div class=\"css-146c3p1 r-bcqeeo r-1ttztb7 r-qvutc0 r-37j5jr r-a023e6 r-16dba41 r-1adg3ll r-a8ghvy r-p1pxzi\" dir=\"ltr\">Die feine Konkavzange ist ein Werkzeug mit au\u00dfergew\u00f6hnlicher Pr\u00e4zision, speziell entwickelt f\u00fcr filigrane Arbeiten an kleinen Bonsais (Shohin). Geschmiedet aus einer hochwertigen Edelstahllegierung bietet sie bemerkenswerte Korrosionsbest\u00e4ndigkeit und erh\u00f6hte Langlebigkeit, was eine zuverl\u00e4ssige Leistung auf lange Sicht gew\u00e4hrleistet, selbst unter den feuchten Bedingungen, die h\u00e4ufig bei der Bonsaipflege auftreten.<br \/>\nDiese Zange zeichnet sich durch ihre spitz zulaufenden und leicht gebogenen Backen aus, die saubere und pr\u00e4zise Schnitte an feinen \u00c4sten erm\u00f6glichen, wodurch Traumata f\u00fcr den Baum minimiert und eine schnelle Heilung gef\u00f6rdert werden. Die konkave Form der Klinge erzeugt einen leicht vertieften Schnitt, der f\u00fcr ein \u00e4sthetisches und nat\u00fcrliches Finish unerl\u00e4sslich ist und unsch\u00f6ne Wulste w\u00e4hrend der Heilung verhindert.<br \/>\nAusgestattet mit einem ergonomischen Griff bietet die Zange optimale Kontrolle und Benutzerkomfort, selbst bei l\u00e4ngeren Arbeitssitzungen, was f\u00fcr minuti\u00f6se Arbeiten an Shohin, bei denen jedes Detail z\u00e4hlt, entscheidend ist. Das leichte und ausgewogene Design reduziert Erm\u00fcdung, w\u00e4hrend die polierte Oberfl\u00e4che einen Hauch von professioneller Eleganz verleiht.<br \/>\nDieses Werkzeug ist unverzichtbar f\u00fcr anspruchsvolle Bonsai-Enthusiasten und kombiniert Funktionalit\u00e4t, Pr\u00e4zision und Robustheit, um die filigrane Kunst des Shohin-Bonsai zu veredeln.   <\/div>\n<\/div>\n<\/div>\n<\/div>\n<div class=\"css-175oi2r r-18u37iz r-1wtj0ep r-1s2bzr4 r-11niif6 r-1udh08x r-3pj75a r-bnwqim r-13qz1uu\">\n<div class=\"css-175oi2r r-1habvwh r-1h0z5md\">\n<div class=\"css-175oi2r r-1awozwy r-18u37iz r-1wtj0ep r-13qz1uu\">\n<div class=\"css-175oi2r r-1awozwy r-18u37iz r-1cmwbt1\">\n<div class=\"css-175oi2r\"><\/div>\n<\/div>\n<\/div>\n<\/div>\n<\/div>\n<\/div>\n","protected":false},"excerpt":{"rendered":"<p>Die feine Konkavzange ist das ideale Werkzeug zum Schneiden von \u00c4sten an kleinen Bonsais, wo der Zugang zu \u00c4sten komplex sein kann.<\/p>\n<p>Dank ihrer Form erm\u00f6glicht diese Zange nicht nur einen einfachen Zugang zwischen den \u00c4sten, sondern auch pr\u00e4zise und saubere Schnitte.<\/p>\n<div>Die Edelstahllegierung verleiht dem Werkzeug hervorragende Korrosionsbest\u00e4ndigkeit, gro\u00dfe Langlebigkeit und eine \u00e4sthetische Oberfl\u00e4che, was es ideal f\u00fcr anspruchsvolle professionelle Anwendungen macht.<\/div>\n<p>&nbsp;<\/p>\n<p>&nbsp;<\/p>\n<p>&nbsp;<\/p>\n<p>&nbsp;<\/p>\n","protected":false},"featured_media":1960,"template":"","meta":{"_acf_changed":false},"product_brand":[],"product_cat":[208,147],"product_tag":[],"class_list":{"0":"post-2148","1":"product","2":"type-product","3":"status-publish","4":"has-post-thumbnail","6":"product_cat-zange","7":"product_cat-werkzeuge-und-zubehor","9":"first","10":"instock","11":"taxable","12":"shipping-taxable","13":"purchasable","14":"product-type-simple"},"acf":[],"_links":{"self":[{"href":"https:\/\/www.tsukibonsai.com\/de\/wp-json\/wp\/v2\/product\/2148","targetHints":{"allow":["GET"]}}],"collection":[{"href":"https:\/\/www.tsukibonsai.com\/de\/wp-json\/wp\/v2\/product"}],"about":[{"href":"https:\/\/www.tsukibonsai.com\/de\/wp-json\/wp\/v2\/types\/product"}],"wp:featuredmedia":[{"embeddable":true,"href":"https:\/\/www.tsukibonsai.com\/de\/wp-json\/wp\/v2\/media\/1960"}],"wp:attachment":[{"href":"https:\/\/www.tsukibonsai.com\/de\/wp-json\/wp\/v2\/media?parent=2148"}],"wp:term":[{"taxonomy":"product_brand","embeddable":true,"href":"https:\/\/www.tsukibonsai.com\/de\/wp-json\/wp\/v2\/product_brand?post=2148"},{"taxonomy":"product_cat","embeddable":true,"href":"https:\/\/www.tsukibonsai.com\/de\/wp-json\/wp\/v2\/product_cat?post=2148"},{"taxonomy":"product_tag","embeddable":true,"href":"https:\/\/www.tsukibonsai.com\/de\/wp-json\/wp\/v2\/product_tag?post=2148"}],"curies":[{"name":"wp","href":"https:\/\/api.w.org\/{rel}","templated":true}]}}