{"id":2157,"date":"2025-05-27T16:12:07","date_gmt":"2025-05-27T14:12:07","guid":{"rendered":"https:\/\/www.tsukibonsai.com\/produit\/drahtschneidezange-aus-edelstahl-180-mm\/"},"modified":"2025-05-27T16:12:07","modified_gmt":"2025-05-27T14:12:07","slug":"drahtschneidezange-aus-edelstahl-180-mm","status":"publish","type":"product","link":"https:\/\/www.tsukibonsai.com\/de\/produit\/drahtschneidezange-aus-edelstahl-180-mm\/","title":{"rendered":"Drahtschneidezange aus Edelstahl &#8211; 180 mm"},"content":{"rendered":"<p>Au\u00dfergew\u00f6hnliche Eigenschaften:<\/p>\n<ul>\n<li>Hochwertiges Material: Aus hochwertigem Edelstahl geschmiedet, bietet diese Zange au\u00dfergew\u00f6hnliche Korrosionsbest\u00e4ndigkeit und bemerkenswerte Langlebigkeit, selbst unter feuchten Bedingungen oder bei intensivem Gebrauch.<\/li>\n<li>Un\u00fcbertroffene Pr\u00e4zision: Der gesch\u00e4rfte, runde Kopf erm\u00f6glicht saubere und pr\u00e4zise Schnitte von Ligaturdr\u00e4hten, wodurch Sch\u00e4den am Baum minimiert werden, f\u00fcr eine \u00e4sthetische und gesunde Pflege.<\/li>\n<li>Optimale Ergonomie: Mit einer L\u00e4nge von 180 mm sorgt diese Zange f\u00fcr einen komfortablen Griff und perfekte Kontrolle, ideal f\u00fcr langanhaltende und pr\u00e4zise Arbeiten an verschiedenen Bonsai-Typen.<\/li>\n<li>Vielseitigkeit: Perfekt f\u00fcr Amateure und Profis, diese Zange gl\u00e4nzt beim Schneiden dicker Ligaturdr\u00e4hte und beim Beschneiden mittelgro\u00dfer \u00c4ste und passt sich einer Vielzahl von Bonsai-Bed\u00fcrfnissen an.<\/li>\n<\/ul>\n","protected":false},"excerpt":{"rendered":"<p>Professionelle Drahtschneidezange aus Edelstahl.<\/p>\n<p>Speziell entwickelt f\u00fcr das Schneiden von Ligaturdr\u00e4hten, insbesondere beim Entfernen von Dr\u00e4hten von Ihren B\u00e4umen.<\/p>\n<p>Der runde Kopf erm\u00f6glicht es Ihnen, nahe an den Ast heranzukommen, ohne ihn beim Schneiden der Dr\u00e4hte zu besch\u00e4digen.<\/p>\n<p>L\u00e4nge von 180 mm<\/p>\n","protected":false},"featured_media":1992,"template":"","meta":{"_acf_changed":false},"product_brand":[],"product_cat":[208,207,147],"product_tag":[],"class_list":{"0":"post-2157","1":"product","2":"type-product","3":"status-publish","4":"has-post-thumbnail","6":"product_cat-zange","7":"product_cat-topfwerkzeuge","8":"product_cat-werkzeuge-und-zubehor","10":"first","11":"instock","12":"taxable","13":"shipping-taxable","14":"purchasable","15":"product-type-simple"},"acf":[],"_links":{"self":[{"href":"https:\/\/www.tsukibonsai.com\/de\/wp-json\/wp\/v2\/product\/2157","targetHints":{"allow":["GET"]}}],"collection":[{"href":"https:\/\/www.tsukibonsai.com\/de\/wp-json\/wp\/v2\/product"}],"about":[{"href":"https:\/\/www.tsukibonsai.com\/de\/wp-json\/wp\/v2\/types\/product"}],"wp:featuredmedia":[{"embeddable":true,"href":"https:\/\/www.tsukibonsai.com\/de\/wp-json\/wp\/v2\/media\/1992"}],"wp:attachment":[{"href":"https:\/\/www.tsukibonsai.com\/de\/wp-json\/wp\/v2\/media?parent=2157"}],"wp:term":[{"taxonomy":"product_brand","embeddable":true,"href":"https:\/\/www.tsukibonsai.com\/de\/wp-json\/wp\/v2\/product_brand?post=2157"},{"taxonomy":"product_cat","embeddable":true,"href":"https:\/\/www.tsukibonsai.com\/de\/wp-json\/wp\/v2\/product_cat?post=2157"},{"taxonomy":"product_tag","embeddable":true,"href":"https:\/\/www.tsukibonsai.com\/de\/wp-json\/wp\/v2\/product_tag?post=2157"}],"curies":[{"name":"wp","href":"https:\/\/api.w.org\/{rel}","templated":true}]}}