{"id":2160,"date":"2025-06-03T11:18:05","date_gmt":"2025-06-03T09:18:05","guid":{"rendered":"https:\/\/www.tsukibonsai.com\/produit\/feine-edelstahlschere-180-mm\/"},"modified":"2025-06-03T11:18:05","modified_gmt":"2025-06-03T09:18:05","slug":"feine-edelstahlschere-180-mm","status":"publish","type":"product","link":"https:\/\/www.tsukibonsai.com\/de\/produit\/feine-edelstahlschere-180-mm\/","title":{"rendered":"Feine Edelstahlschere &#8211; 180 mm"},"content":{"rendered":"<p>Die 180 mm feine Schere der Marke Hugo Bonsai ist ein Werkzeug, das speziell f\u00fcr Bonsai-Enthusiasten und Profis entwickelt wurde und Pr\u00e4zision mit Qualit\u00e4t vereint.<br \/>\nSie eignet sich besonders f\u00fcr filigrane Arbeiten, wie das Schneiden kleiner \u00c4ste oder das Kneifen von Trieben, insbesondere solcher, die im Laub wachsen oder zu lang werden.<br \/>\nMit einer L\u00e4nge von 180 mm ist sie ideal, um pr\u00e4zise Bereiche problemlos zu erreichen, w\u00e4hrend ihr ergonomisches Design sie auch f\u00fcr Personen mit kleinen H\u00e4nden geeignet macht.<br \/>\nHergestellt von Hugo Bonsai, einer Marke, die f\u00fcr ihre Bonsai-Werkzeuge bekannt ist, wird diese Schere als professionelle Qualit\u00e4t anerkannt.<br \/>\nDiese Scheren werden oft als hervorragender Kompromiss zwischen Qualit\u00e4t und Preis beschrieben, ideal f\u00fcr engagierte Anf\u00e4nger oder fortgeschrittene Bonsai-Praktiker. Sie sind robust, werden jedoch haupts\u00e4chlich f\u00fcr d\u00fcnne \u00c4ste oder Feinarbeiten empfohlen, anstatt f\u00fcr dickere Schnitte, die leistungsst\u00e4rkere Gartenscheren erfordern. Zusammenfassend ist die feine Schere ein zuverl\u00e4ssiges, pr\u00e4zises und durchdachtes Werkzeug f\u00fcr die sorgf\u00e4ltige Pflege von Bonsais.  <\/p>\n","protected":false},"excerpt":{"rendered":"<p>Feine Schere aus professionellem Edelstahl.<\/p>\n<p>L\u00e4nge: 180 mm<\/p>\n<p>Diese Scheren sind speziell f\u00fcr das Kneifen (Gr\u00fcnschnitt) oder das Schneiden kleiner \u00c4ste konzipiert.<\/p>\n","protected":false},"featured_media":1998,"template":"","meta":{"_acf_changed":false},"product_brand":[],"product_cat":[205,207,147],"product_tag":[],"class_list":{"0":"post-2160","1":"product","2":"type-product","3":"status-publish","4":"has-post-thumbnail","6":"product_cat-schere","7":"product_cat-topfwerkzeuge","8":"product_cat-werkzeuge-und-zubehor","10":"first","11":"instock","12":"taxable","13":"shipping-taxable","14":"purchasable","15":"product-type-simple"},"acf":[],"_links":{"self":[{"href":"https:\/\/www.tsukibonsai.com\/de\/wp-json\/wp\/v2\/product\/2160","targetHints":{"allow":["GET"]}}],"collection":[{"href":"https:\/\/www.tsukibonsai.com\/de\/wp-json\/wp\/v2\/product"}],"about":[{"href":"https:\/\/www.tsukibonsai.com\/de\/wp-json\/wp\/v2\/types\/product"}],"wp:featuredmedia":[{"embeddable":true,"href":"https:\/\/www.tsukibonsai.com\/de\/wp-json\/wp\/v2\/media\/1998"}],"wp:attachment":[{"href":"https:\/\/www.tsukibonsai.com\/de\/wp-json\/wp\/v2\/media?parent=2160"}],"wp:term":[{"taxonomy":"product_brand","embeddable":true,"href":"https:\/\/www.tsukibonsai.com\/de\/wp-json\/wp\/v2\/product_brand?post=2160"},{"taxonomy":"product_cat","embeddable":true,"href":"https:\/\/www.tsukibonsai.com\/de\/wp-json\/wp\/v2\/product_cat?post=2160"},{"taxonomy":"product_tag","embeddable":true,"href":"https:\/\/www.tsukibonsai.com\/de\/wp-json\/wp\/v2\/product_tag?post=2160"}],"curies":[{"name":"wp","href":"https:\/\/api.w.org\/{rel}","templated":true}]}}