{"id":2170,"date":"2025-06-03T12:16:38","date_gmt":"2025-06-03T10:16:38","guid":{"rendered":"https:\/\/www.tsukibonsai.com\/produit\/rechen-mit-3-zinken-aus-edelstahl-hugo-bonsai\/"},"modified":"2025-06-03T12:16:38","modified_gmt":"2025-06-03T10:16:38","slug":"rechen-mit-3-zinken-aus-edelstahl-hugo-bonsai","status":"publish","type":"product","link":"https:\/\/www.tsukibonsai.com\/de\/produit\/rechen-mit-3-zinken-aus-edelstahl-hugo-bonsai\/","title":{"rendered":"Rechen mit 3 Zinken aus Edelstahl &#8211; Hugo Bonsa\u00ef"},"content":{"rendered":"<p>Rechen der Marke Hugo Bonsa\u00ef, bekannt f\u00fcr die professionelle Qualit\u00e4t ihrer Produkte.<\/p>\n<p>Dieser ist aus Edelstahl gefertigt und hat 3 Zinken, die das Entwirren der Wurzeln und deren sternf\u00f6rmige Positionierung um den Nebari erleichtern.<\/p>\n<p>Mit einer L\u00e4nge von 250 mm erm\u00f6glicht dieser Rechen ein einfaches Erreichen des Nebari Ihres Baums und das Herausziehen der Wurzeln nach au\u00dfen, ohne sich zu sehr schmutzig zu machen.<\/p>\n<p>Professionelle Qualit\u00e4t, guter Griff.<\/p>\n<p>&nbsp;<\/p>\n<p>&nbsp;<\/p>\n<p>&nbsp;<\/p>\n","protected":false},"excerpt":{"rendered":"<p>Rechen mit 3 Zinken in professioneller Qualit\u00e4t von der Marke Hugo Bonsa\u00ef.<\/p>\n<p>L\u00e4nge von 250 mm.<\/p>\n<p>Sehr praktisches Werkzeug w\u00e4hrend Ihrer Umtopfsitzungen, um Wurzeln zu entwirren und diese radial auszubreiten.<\/p>\n<p>&nbsp;<\/p>\n<p>&nbsp;<\/p>\n","protected":false},"featured_media":2008,"template":"","meta":{"_acf_changed":false},"product_brand":[],"product_cat":[207,206,147],"product_tag":[],"class_list":{"0":"post-2170","1":"product","2":"type-product","3":"status-publish","4":"has-post-thumbnail","6":"product_cat-topfwerkzeuge","7":"product_cat-verschiedenes","8":"product_cat-werkzeuge-und-zubehor","10":"first","11":"instock","12":"taxable","13":"shipping-taxable","14":"purchasable","15":"product-type-simple"},"acf":[],"_links":{"self":[{"href":"https:\/\/www.tsukibonsai.com\/de\/wp-json\/wp\/v2\/product\/2170","targetHints":{"allow":["GET"]}}],"collection":[{"href":"https:\/\/www.tsukibonsai.com\/de\/wp-json\/wp\/v2\/product"}],"about":[{"href":"https:\/\/www.tsukibonsai.com\/de\/wp-json\/wp\/v2\/types\/product"}],"wp:featuredmedia":[{"embeddable":true,"href":"https:\/\/www.tsukibonsai.com\/de\/wp-json\/wp\/v2\/media\/2008"}],"wp:attachment":[{"href":"https:\/\/www.tsukibonsai.com\/de\/wp-json\/wp\/v2\/media?parent=2170"}],"wp:term":[{"taxonomy":"product_brand","embeddable":true,"href":"https:\/\/www.tsukibonsai.com\/de\/wp-json\/wp\/v2\/product_brand?post=2170"},{"taxonomy":"product_cat","embeddable":true,"href":"https:\/\/www.tsukibonsai.com\/de\/wp-json\/wp\/v2\/product_cat?post=2170"},{"taxonomy":"product_tag","embeddable":true,"href":"https:\/\/www.tsukibonsai.com\/de\/wp-json\/wp\/v2\/product_tag?post=2170"}],"curies":[{"name":"wp","href":"https:\/\/api.w.org\/{rel}","templated":true}]}}