{"id":2173,"date":"2025-06-03T15:02:10","date_gmt":"2025-06-03T13:02:10","guid":{"rendered":"https:\/\/www.tsukibonsai.com\/produit\/pfropfmesser-aus-edelstahl-170-mm\/"},"modified":"2025-06-03T15:02:10","modified_gmt":"2025-06-03T13:02:10","slug":"pfropfmesser-aus-edelstahl-170-mm","status":"publish","type":"product","link":"https:\/\/www.tsukibonsai.com\/de\/produit\/pfropfmesser-aus-edelstahl-170-mm\/","title":{"rendered":"Pfropfmesser aus Edelstahl &#8211; 170 mm"},"content":{"rendered":"<div class=\"css-146c3p1 r-bcqeeo r-1ttztb7 r-qvutc0 r-37j5jr r-a023e6 r-16dba41 r-1adg3ll r-1b5gpbm r-a8ghvy\" dir=\"ltr\">Ideale Anwendungen:<\/div>\n<ul>\n<li class=\"css-146c3p1 r-bcqeeo r-1ttztb7 r-qvutc0 r-37j5jr r-a023e6 r-16dba41 r-1adg3ll r-1b5gpbm r-a8ghvy\" dir=\"ltr\">Pr\u00e4zises Pfropfen: F\u00fchren Sie saubere Einschnitte f\u00fcr erfolgreiche Pfropfungen durch, die eine schnelle Heilung und ein \u00e4sthetisches Ergebnis f\u00f6rdern.<\/li>\n<li class=\"css-146c3p1 r-bcqeeo r-1ttztb7 r-qvutc0 r-37j5jr r-a023e6 r-16dba41 r-1adg3ll r-1b5gpbm r-a8ghvy\" dir=\"ltr\">Schaffen von Totholz: Formen Sie Jin und Shari, um Ihren Bonsai ein gealtertes und nat\u00fcrliches Aussehen zu verleihen, mit sauberen und authentischen Oberfl\u00e4chen.<\/li>\n<li class=\"css-146c3p1 r-bcqeeo r-1ttztb7 r-qvutc0 r-37j5jr r-a023e6 r-16dba41 r-1adg3ll r-1b5gpbm r-a8ghvy\" dir=\"ltr\">Wurzelbearbeitung: Erleichtern Sie das sternf\u00f6rmige Anordnen der Wurzeln um den Nebari beim Umtopfen, f\u00fcr eine harmonische und ausgewogene Basis, die f\u00fcr die \u00c4sthetik des Bonsai unerl\u00e4sslich ist.<\/li>\n<li class=\"css-146c3p1 r-bcqeeo r-1ttztb7 r-qvutc0 r-37j5jr r-a023e6 r-16dba41 r-1adg3ll r-1b5gpbm r-a8ghvy\" dir=\"ltr\">K\u00fcnstlerisches Formen: Bearbeiten Sie das Holz mit Pr\u00e4zision f\u00fcr beeindruckende visuelle Effekte, geeignet f\u00fcr verschiedene Bonsai-Stile.<\/li>\n<\/ul>\n","protected":false},"excerpt":{"rendered":"<p>Pfropfmesser aus hochwertigem Edelstahl, auch f\u00fcr alle Ihre Jin- und Shari-Arbeiten konzipiert.<\/p>\n<p>L\u00e4nge von 170 mm.<\/p>\n<p>Dieses Messer ist das unverzichtbare Werkzeug, um Ihre sch\u00f6nsten Alterungsarbeiten am Baum zu realisieren. Dank seiner un\u00fcbertroffenen Sch\u00e4rfe begleitet es Sie bei all Ihren Projekten, vom Pfropfen \u00fcber Shari bis hin zu Jin. <\/p>\n<p>&nbsp;<\/p>\n","protected":false},"featured_media":2040,"template":"","meta":{"_acf_changed":false},"product_brand":[],"product_cat":[206,207,253,147],"product_tag":[],"class_list":{"0":"post-2173","1":"product","2":"type-product","3":"status-publish","4":"has-post-thumbnail","6":"product_cat-verschiedenes","7":"product_cat-topfwerkzeuge","8":"product_cat-totholzbehandlung","9":"product_cat-werkzeuge-und-zubehor","11":"first","12":"instock","13":"taxable","14":"shipping-taxable","15":"purchasable","16":"product-type-simple"},"acf":[],"_links":{"self":[{"href":"https:\/\/www.tsukibonsai.com\/de\/wp-json\/wp\/v2\/product\/2173","targetHints":{"allow":["GET"]}}],"collection":[{"href":"https:\/\/www.tsukibonsai.com\/de\/wp-json\/wp\/v2\/product"}],"about":[{"href":"https:\/\/www.tsukibonsai.com\/de\/wp-json\/wp\/v2\/types\/product"}],"wp:featuredmedia":[{"embeddable":true,"href":"https:\/\/www.tsukibonsai.com\/de\/wp-json\/wp\/v2\/media\/2040"}],"wp:attachment":[{"href":"https:\/\/www.tsukibonsai.com\/de\/wp-json\/wp\/v2\/media?parent=2173"}],"wp:term":[{"taxonomy":"product_brand","embeddable":true,"href":"https:\/\/www.tsukibonsai.com\/de\/wp-json\/wp\/v2\/product_brand?post=2173"},{"taxonomy":"product_cat","embeddable":true,"href":"https:\/\/www.tsukibonsai.com\/de\/wp-json\/wp\/v2\/product_cat?post=2173"},{"taxonomy":"product_tag","embeddable":true,"href":"https:\/\/www.tsukibonsai.com\/de\/wp-json\/wp\/v2\/product_tag?post=2173"}],"curies":[{"name":"wp","href":"https:\/\/api.w.org\/{rel}","templated":true}]}}