{"id":2176,"date":"2025-06-03T15:41:39","date_gmt":"2025-06-03T13:41:39","guid":{"rendered":"https:\/\/www.tsukibonsai.com\/produit\/spaltzange-aus-edelstahl-260-mm\/"},"modified":"2025-06-03T15:41:39","modified_gmt":"2025-06-03T13:41:39","slug":"spaltzange-aus-edelstahl-260-mm","status":"publish","type":"product","link":"https:\/\/www.tsukibonsai.com\/de\/produit\/spaltzange-aus-edelstahl-260-mm\/","title":{"rendered":"Spaltzange aus Edelstahl &#8211; 260 mm"},"content":{"rendered":"<p>Hauptmerkmale:<\/p>\n<ul>\n<li>Premium-Material: Geschmiedet aus professionellem Edelstahl, ist diese Zange korrosionsbest\u00e4ndig und garantiert eine au\u00dfergew\u00f6hnliche Langlebigkeit, selbst unter feuchten Bedingungen.<\/li>\n<li>Robuste L\u00e4nge von 260 mm: Die Gr\u00f6\u00dfe bietet zus\u00e4tzliche Kraft f\u00fcr die Bearbeitung dicker St\u00e4mme oder \u00c4ste, bleibt aber handlich f\u00fcr pr\u00e4zise Aufgaben.<\/li>\n<li>Spezialisiertes Design: Die stabilen Backen erm\u00f6glichen das Spalten von St\u00e4mmen, das Trennen lebender Adern von totem Holz oder die Bearbeitung von totem Holz f\u00fcr eine nat\u00fcrliche Jin- oder Shari-Oberfl\u00e4che.<\/li>\n<li>Vielseitigkeit: Perfekt f\u00fcr die Erzeugung von Totholzeffekten, das Biegen dicker \u00c4ste durch Schw\u00e4chen des Kernholzes oder die Vorbereitung von Wurzeln beim Umtopfen f\u00fcr eine radiale, sternf\u00f6rmige Anordnung um den Nebari.<\/li>\n<li>Optimale Ergonomie<\/li>\n<\/ul>\n","protected":false},"excerpt":{"rendered":"<p>Spaltzange f\u00fcr Holz von ausgezeichneter Qualit\u00e4t aus Edelstahl der Marke Hugo Bonsa\u00ef.<\/p>\n<p>L\u00e4nge von 260 mm.<\/p>\n<p>Sehr n\u00fctzliche Zange f\u00fcr die Erzeugung von gespaltenem Holz, Shari oder anderen Effekten. Mit einer L\u00e4nge von 260 mm ist diese Zange f\u00fcr gro\u00dfe Schnitte an altem Holz erforderlich. <\/p>\n<p>&nbsp;<\/p>\n<p>&nbsp;<\/p>\n","protected":false},"featured_media":2045,"template":"","meta":{"_acf_changed":false},"product_brand":[],"product_cat":[208,253,147],"product_tag":[],"class_list":{"0":"post-2176","1":"product","2":"type-product","3":"status-publish","4":"has-post-thumbnail","6":"product_cat-zange","7":"product_cat-totholzbehandlung","8":"product_cat-werkzeuge-und-zubehor","10":"first","11":"instock","12":"taxable","13":"shipping-taxable","14":"purchasable","15":"product-type-simple"},"acf":[],"_links":{"self":[{"href":"https:\/\/www.tsukibonsai.com\/de\/wp-json\/wp\/v2\/product\/2176","targetHints":{"allow":["GET"]}}],"collection":[{"href":"https:\/\/www.tsukibonsai.com\/de\/wp-json\/wp\/v2\/product"}],"about":[{"href":"https:\/\/www.tsukibonsai.com\/de\/wp-json\/wp\/v2\/types\/product"}],"wp:featuredmedia":[{"embeddable":true,"href":"https:\/\/www.tsukibonsai.com\/de\/wp-json\/wp\/v2\/media\/2045"}],"wp:attachment":[{"href":"https:\/\/www.tsukibonsai.com\/de\/wp-json\/wp\/v2\/media?parent=2176"}],"wp:term":[{"taxonomy":"product_brand","embeddable":true,"href":"https:\/\/www.tsukibonsai.com\/de\/wp-json\/wp\/v2\/product_brand?post=2176"},{"taxonomy":"product_cat","embeddable":true,"href":"https:\/\/www.tsukibonsai.com\/de\/wp-json\/wp\/v2\/product_cat?post=2176"},{"taxonomy":"product_tag","embeddable":true,"href":"https:\/\/www.tsukibonsai.com\/de\/wp-json\/wp\/v2\/product_tag?post=2176"}],"curies":[{"name":"wp","href":"https:\/\/api.w.org\/{rel}","templated":true}]}}