{"id":2183,"date":"2025-07-17T16:29:42","date_gmt":"2025-07-17T14:29:42","guid":{"rendered":"https:\/\/www.tsukibonsai.com\/?post_type=product&#038;p=2183"},"modified":"2025-07-17T17:09:05","modified_gmt":"2025-07-17T15:09:05","slug":"couteau-a-ecorcer-en-inox-210-mm-3","status":"publish","type":"product","link":"https:\/\/www.tsukibonsai.com\/de\/produit\/couteau-a-ecorcer-en-inox-210-mm-3\/","title":{"rendered":"Couteaux \u00e0 \u00e9corcer en inox \u2013 210 mm"},"content":{"rendered":"","protected":false},"excerpt":{"rendered":"<p>Couteau \u00e0 \u00e9corcer en inox de qualit\u00e9 professionnelle de la marque Hugo Bonsa\u00ef.<\/p>\n<p>Longueur : 210mm<\/p>\n<p>Pratique pour r\u00e9aliser tous vos travaux de shari ou de veines mortes. 3 pointes sont propos\u00e9es en fonction du travail \u00e0 r\u00e9aliser. \u00c9galement le pack avec les 3 pointes est propos\u00e9 \u00e0 un tarif promotionnel. Manche en m\u00e9tal et affutage des 2 cot\u00e9s de la pointe.<\/p>\n","protected":false},"featured_media":0,"template":"","meta":{"_acf_changed":false},"product_brand":[],"product_cat":[135,141,133],"product_tag":[],"class_list":{"0":"post-2183","1":"product","2":"type-product","3":"status-publish","5":"product_cat-outils-accessoires","6":"product_cat-divers","7":"product_cat-traitement-bois-mort","9":"first","10":"instock","11":"taxable","12":"shipping-taxable","13":"purchasable","14":"product-type-variable","15":"has-default-attributes"},"acf":[],"_links":{"self":[{"href":"https:\/\/www.tsukibonsai.com\/de\/wp-json\/wp\/v2\/product\/2183","targetHints":{"allow":["GET"]}}],"collection":[{"href":"https:\/\/www.tsukibonsai.com\/de\/wp-json\/wp\/v2\/product"}],"about":[{"href":"https:\/\/www.tsukibonsai.com\/de\/wp-json\/wp\/v2\/types\/product"}],"wp:attachment":[{"href":"https:\/\/www.tsukibonsai.com\/de\/wp-json\/wp\/v2\/media?parent=2183"}],"wp:term":[{"taxonomy":"product_brand","embeddable":true,"href":"https:\/\/www.tsukibonsai.com\/de\/wp-json\/wp\/v2\/product_brand?post=2183"},{"taxonomy":"product_cat","embeddable":true,"href":"https:\/\/www.tsukibonsai.com\/de\/wp-json\/wp\/v2\/product_cat?post=2183"},{"taxonomy":"product_tag","embeddable":true,"href":"https:\/\/www.tsukibonsai.com\/de\/wp-json\/wp\/v2\/product_tag?post=2183"}],"curies":[{"name":"wp","href":"https:\/\/api.w.org\/{rel}","templated":true}]}}