{"id":313,"date":"2023-11-27T15:21:11","date_gmt":"2023-11-27T14:21:11","guid":{"rendered":"https:\/\/www.tsukibonsai.com\/mentions-legales\/"},"modified":"2023-11-28T15:19:46","modified_gmt":"2023-11-28T14:19:46","slug":"legal-information","status":"publish","type":"page","link":"https:\/\/www.tsukibonsai.com\/en\/legal-information\/","title":{"rendered":"Legal information"},"content":{"rendered":"\r\n<p><strong>Adresse du si\u00e8ge social :<\/strong><br \/>Rue Henri Latour, 182<\/p>\r\n\r\n\r\n\r\n<p>1450 Chastre<\/p>\r\n\r\n\r\n\r\n<p><strong>T\u00e9l\u00e9phone<\/strong> : 0496\/671067<br \/><strong>Mail<\/strong> : contact@tsukibonsai.com<\/p>\r\n\r\n\r\n\r\n<p><strong>Inscrit au registre du Commerce\u00a0<\/strong><\/p>\r\n\r\n\r\n\r\n<p>N\u00b0 DE TVA intra : BE0800261777<\/p>\r\n\r\n\r\n\r\n<p><strong>H\u00e9bergement\u00a0:<\/strong><br \/>OVH<br \/>2 rue Kellermann<br \/>59100 Roubaix &#8211; France.<\/p>\r\n\r\n\r\n\r\n<p><strong>Cr\u00e9ation graphiques\u00a0:<\/strong>\u00a0<br \/>Marcel Drechsler<\/p>\r\n\r\n\r\n\r\n<p>Produweb<\/p>\r\n\r\n\r\n\r\n<p><strong>Int\u00e9gration et d\u00e9veloppement\u00a0:<\/strong>\u00a0<br \/>Produweb<\/p>\r\n\r\n\r\n\r\n<p><strong>Protection et confidentialit\u00e9s\u00a0des donn\u00e9es personnelles :<\/strong><br \/>Tsuki Bonsa\u00ef s&#8217;engage \u00e0 ne pas communiquer, vendre, transmettre \u00e0 titre gratuit ou louer les informations vous concernant ou relatives \u00e0 vos achats sur www.tsukibonsai.com.<br \/>Tsuki Bonsa\u00ef vous garantit la confidentialit\u00e9 des informations qui lui sont communiqu\u00e9es.<br \/>Tsuki Bonsa\u00ef utilise uniquement les informations qui lui sont transmises afin d&#8217;am\u00e9liorer votre utilisation sur notre site ou pour vous envoyer des informations sur nos produits ou services. Si vous souhaitez ne plus recevoir ces envois, veuillez en faire la demande par mail \u00e0 : contact@tsukibonsai.com<\/p>\r\n\r\n\r\n\r\n<p><strong>Propri\u00e9t\u00e9 intellectuelle :<\/strong><br \/>Tsuki Bonsa\u00ef est prot\u00e9g\u00e9 par les droits de propri\u00e9t\u00e9 intellectuelle. Toute utilisation, diffusion, reproduction, commercialisation, modification de tout ou partie du site, sans l&#8217;autorisation de la soci\u00e9t\u00e9 Tsuki Bonsa\u00ef est interdite et pourra entra\u00eener des actions et poursuites judiciaires telles que notamment pr\u00e9vues par le code de la propri\u00e9t\u00e9 intellectuelle et ou le code civil.<\/p>\r\n\r\n\r\n\r\n<p><strong>Liens hypertexte :<\/strong><br \/>Tsuki Bonsa\u00ef d\u00e9cline toute responsabilit\u00e9 quant aux contenus des autres sites vers lesquels le site offre des liens et sur l&#8217;utilisation qui en est faite par l&#8217;utilisateur. Ces liens sont propos\u00e9s aux utilisateurs du site Tsuki Bonsa\u00ef en tant que service. La d\u00e9cision d&#8217;activer les liens appartient \u00e0 l&#8217;utilisateur exclusivement. Cependant l&#8217;utilisateur doit prendre les mesures n\u00e9cessaires afin d&#8217;\u00e9viter toute contamination du site par notamment un ou plusieurs virus informatiques.<\/p>\r\n","protected":false},"excerpt":{"rendered":"<p>Adresse du si\u00e8ge social :Rue Henri Latour, 182 1450 Chastre T\u00e9l\u00e9phone : 0496\/671067Mail : contact@tsukibonsai.com Inscrit au registre du Commerce\u00a0 N\u00b0 DE TVA intra : BE0800261777 H\u00e9bergement\u00a0:OVH2 rue Kellermann59100 Roubaix &#8211; France. Cr\u00e9ation graphiques\u00a0:\u00a0Marcel Drechsler Produweb Int\u00e9gration et d\u00e9veloppement\u00a0:\u00a0Produweb Protection et confidentialit\u00e9s\u00a0des donn\u00e9es personnelles :Tsuki Bonsa\u00ef s&#8217;engage \u00e0 ne pas communiquer, vendre, transmettre \u00e0 titre [&hellip;]<\/p>\n","protected":false},"author":7,"featured_media":0,"parent":0,"menu_order":0,"comment_status":"closed","ping_status":"closed","template":"","meta":{"_acf_changed":false,"footnotes":""},"class_list":["post-313","page","type-page","status-publish","hentry"],"acf":[],"_links":{"self":[{"href":"https:\/\/www.tsukibonsai.com\/en\/wp-json\/wp\/v2\/pages\/313","targetHints":{"allow":["GET"]}}],"collection":[{"href":"https:\/\/www.tsukibonsai.com\/en\/wp-json\/wp\/v2\/pages"}],"about":[{"href":"https:\/\/www.tsukibonsai.com\/en\/wp-json\/wp\/v2\/types\/page"}],"author":[{"embeddable":true,"href":"https:\/\/www.tsukibonsai.com\/en\/wp-json\/wp\/v2\/users\/7"}],"replies":[{"embeddable":true,"href":"https:\/\/www.tsukibonsai.com\/en\/wp-json\/wp\/v2\/comments?post=313"}],"version-history":[{"count":0,"href":"https:\/\/www.tsukibonsai.com\/en\/wp-json\/wp\/v2\/pages\/313\/revisions"}],"wp:attachment":[{"href":"https:\/\/www.tsukibonsai.com\/en\/wp-json\/wp\/v2\/media?parent=313"}],"curies":[{"name":"wp","href":"https:\/\/api.w.org\/{rel}","templated":true}]}}