{"id":2083,"date":"2025-06-05T10:56:44","date_gmt":"2025-06-05T08:56:44","guid":{"rendered":"https:\/\/www.tsukibonsai.com\/?post_type=product&#038;p=2083"},"modified":"2025-06-05T12:03:26","modified_gmt":"2025-06-05T10:03:26","slug":"gouge-a-creuser-en-inox-bois","status":"publish","type":"product","link":"https:\/\/www.tsukibonsai.com\/en\/produit\/gouge-a-creuser-en-inox-bois\/","title":{"rendered":"Gouge \u00e0 creuser de 3mm en inox\/bois &#8211; Hugo Bonsa\u00ef"},"content":{"rendered":"<div>\n<div class=\"css-146c3p1 r-bcqeeo r-1ttztb7 r-qvutc0 r-37j5jr r-a023e6 r-16dba41 r-1adg3ll r-1b5gpbm r-a8ghvy\" dir=\"ltr\"><span class=\"css-1jxf684 r-bcqeeo r-1ttztb7 r-qvutc0 r-poiln3\"><span class=\"css-1jxf684 r-bcqeeo r-1ttztb7 r-qvutc0 r-poiln3 r-a8ghvy\">Cette gouge de 3 mm, dot\u00e9e d\u2019un arc long, offre une pr\u00e9cision in\u00e9gal\u00e9e pour fa\u00e7onner le bois, cr\u00e9er des jin et shari saisissants ou r\u00e9aliser des d\u00e9tails complexes sur vos arbres miniatures. <\/span><\/span><\/div>\n<div class=\"css-146c3p1 r-bcqeeo r-1ttztb7 r-qvutc0 r-37j5jr r-a023e6 r-16dba41 r-1adg3ll r-1b5gpbm r-a8ghvy\" dir=\"ltr\"><span class=\"css-1jxf684 r-bcqeeo r-1ttztb7 r-qvutc0 r-poiln3\"><span class=\"css-1jxf684 r-bcqeeo r-1ttztb7 r-qvutc0 r-poiln3 r-a8ghvy\">Fabriqu\u00e9e avec des mat\u00e9riaux de haute qualit\u00e9, cette gouge garantit durabilit\u00e9 et performance, m\u00eame pour les travaux les plus d\u00e9licats. Sa prise en main ergonomique permet un contr\u00f4le optimal, rendant chaque coupe fluide et pr\u00e9cise. Que vous soyez un artiste bonsa\u00ef exp\u00e9riment\u00e9 ou un d\u00e9butant ambitieux, cet outil deviendra vite un incontournable de votre atelier.<\/span><\/span><\/div>\n<div class=\"css-146c3p1 r-bcqeeo r-1ttztb7 r-qvutc0 r-37j5jr r-a023e6 r-16dba41 r-1adg3ll r-1b5gpbm r-a8ghvy\" dir=\"ltr\"><span class=\"css-1jxf684 r-bcqeeo r-1ttztb7 r-qvutc0 r-poiln3\"><span class=\"css-1jxf684 r-bcqeeo r-1ttztb7 r-qvutc0 r-poiln3 r-b88u0q r-a8ghvy\"><span class=\"css-1jxf684 r-bcqeeo r-1ttztb7 r-qvutc0 r-poiln3 r-a8ghvy\">Caract\u00e9ristiques principales :<\/span><\/span><\/span><\/div>\n<ul dir=\"ltr\">\n<li>\n<div class=\"css-146c3p1 r-bcqeeo r-1ttztb7 r-qvutc0 r-37j5jr r-a023e6 r-rjixqe r-16dba41\" dir=\"ltr\"><span class=\"css-1jxf684 r-bcqeeo r-1ttztb7 r-qvutc0 r-poiln3 r-b88u0q r-a8ghvy\"><span class=\"css-1jxf684 r-bcqeeo r-1ttztb7 r-qvutc0 r-poiln3\"><span class=\"css-1jxf684 r-bcqeeo r-1ttztb7 r-qvutc0 r-poiln3 r-a8ghvy\">Lame de 3 mm<\/span><\/span><\/span><span class=\"css-1jxf684 r-bcqeeo r-1ttztb7 r-qvutc0 r-poiln3 r-a8ghvy\"><span class=\"css-1jxf684 r-bcqeeo r-1ttztb7 r-qvutc0 r-poiln3\"> : Id\u00e9ale pour les travaux fins et d\u00e9taill\u00e9s.<\/span><\/span><\/div>\n<\/li>\n<li>\n<div class=\"css-146c3p1 r-bcqeeo r-1ttztb7 r-qvutc0 r-37j5jr r-a023e6 r-rjixqe r-16dba41\" dir=\"ltr\"><span class=\"css-1jxf684 r-bcqeeo r-1ttztb7 r-qvutc0 r-poiln3 r-b88u0q r-a8ghvy\"><span class=\"css-1jxf684 r-bcqeeo r-1ttztb7 r-qvutc0 r-poiln3\"><span class=\"css-1jxf684 r-bcqeeo r-1ttztb7 r-qvutc0 r-poiln3 r-a8ghvy\">Design \u00e0 arc long<\/span><\/span><\/span><span class=\"css-1jxf684 r-bcqeeo r-1ttztb7 r-qvutc0 r-poiln3 r-a8ghvy\"><span class=\"css-1jxf684 r-bcqeeo r-1ttztb7 r-qvutc0 r-poiln3\"> : Parfait pour sculpter des courbes naturelles et des textures r\u00e9alistes.<\/span><\/span><\/div>\n<\/li>\n<li>\n<div class=\"css-146c3p1 r-bcqeeo r-1ttztb7 r-qvutc0 r-37j5jr r-a023e6 r-rjixqe r-16dba41\" dir=\"ltr\"><span class=\"css-1jxf684 r-bcqeeo r-1ttztb7 r-qvutc0 r-poiln3 r-b88u0q r-a8ghvy\"><span class=\"css-1jxf684 r-bcqeeo r-1ttztb7 r-qvutc0 r-poiln3\"><span class=\"css-1jxf684 r-bcqeeo r-1ttztb7 r-qvutc0 r-poiln3 r-a8ghvy\">Robuste et durable<\/span><\/span><\/span><span class=\"css-1jxf684 r-bcqeeo r-1ttztb7 r-qvutc0 r-poiln3 r-a8ghvy\"><span class=\"css-1jxf684 r-bcqeeo r-1ttztb7 r-qvutc0 r-poiln3\"> : Con\u00e7u pour r\u00e9sister \u00e0 une utilisation intensive.<\/span><\/span><\/div>\n<\/li>\n<li>\n<div class=\"css-146c3p1 r-bcqeeo r-1ttztb7 r-qvutc0 r-37j5jr r-a023e6 r-rjixqe r-16dba41\" dir=\"ltr\"><span class=\"css-1jxf684 r-bcqeeo r-1ttztb7 r-qvutc0 r-poiln3 r-b88u0q r-a8ghvy\"><span class=\"css-1jxf684 r-bcqeeo r-1ttztb7 r-qvutc0 r-poiln3\"><span class=\"css-1jxf684 r-bcqeeo r-1ttztb7 r-qvutc0 r-poiln3 r-a8ghvy\">Polyvalence<\/span><\/span><\/span><span class=\"css-1jxf684 r-bcqeeo r-1ttztb7 r-qvutc0 r-poiln3 r-a8ghvy\"><span class=\"css-1jxf684 r-bcqeeo r-1ttztb7 r-qvutc0 r-poiln3\"> : Adapt\u00e9 \u00e0 la cr\u00e9ation de jin, shari et autres techniques de sculpture.<\/span><\/span><\/div>\n<\/li>\n<\/ul>\n<\/div>\n","protected":false},"excerpt":{"rendered":"<p>Gouge circulaire ouverte de 3 mm d&#8217;\u00e9paisseur id\u00e9ale pour travailler le bois . Marque Hugo Bonsa\u00ef pour une qualit\u00e9 d&#8217;outil professionnelle.<\/p>\n<p>T\u00eate de 3 mm.<\/p>\n<p>Longueur de l&#8217;outil : 195mm<\/p>\n<p>Fabriqu\u00e9 en acier inoxydable avec poign\u00e9e en bois.<\/p>\n","protected":false},"featured_media":2084,"template":"","meta":{"_acf_changed":false},"product_brand":[],"product_cat":[135,141,133],"product_tag":[],"class_list":{"0":"post-2083","1":"product","2":"type-product","3":"status-publish","4":"has-post-thumbnail","6":"product_cat-outils-accessoires","7":"product_cat-divers","8":"product_cat-traitement-bois-mort","10":"first","11":"instock","12":"taxable","13":"shipping-taxable","14":"purchasable","15":"product-type-simple"},"acf":[],"_links":{"self":[{"href":"https:\/\/www.tsukibonsai.com\/en\/wp-json\/wp\/v2\/product\/2083","targetHints":{"allow":["GET"]}}],"collection":[{"href":"https:\/\/www.tsukibonsai.com\/en\/wp-json\/wp\/v2\/product"}],"about":[{"href":"https:\/\/www.tsukibonsai.com\/en\/wp-json\/wp\/v2\/types\/product"}],"wp:featuredmedia":[{"embeddable":true,"href":"https:\/\/www.tsukibonsai.com\/en\/wp-json\/wp\/v2\/media\/2084"}],"wp:attachment":[{"href":"https:\/\/www.tsukibonsai.com\/en\/wp-json\/wp\/v2\/media?parent=2083"}],"wp:term":[{"taxonomy":"product_brand","embeddable":true,"href":"https:\/\/www.tsukibonsai.com\/en\/wp-json\/wp\/v2\/product_brand?post=2083"},{"taxonomy":"product_cat","embeddable":true,"href":"https:\/\/www.tsukibonsai.com\/en\/wp-json\/wp\/v2\/product_cat?post=2083"},{"taxonomy":"product_tag","embeddable":true,"href":"https:\/\/www.tsukibonsai.com\/en\/wp-json\/wp\/v2\/product_tag?post=2083"}],"curies":[{"name":"wp","href":"https:\/\/api.w.org\/{rel}","templated":true}]}}